{"id":112,"date":"2020-08-06T14:58:36","date_gmt":"2020-08-06T12:58:36","guid":{"rendered":"http:\/\/avermiddig.spdns.eu\/wordpress\/?page_id=112"},"modified":"2020-08-06T15:17:06","modified_gmt":"2020-08-06T13:17:06","slug":"wahlbezirk-4-bad-sassendorf-i-heppen","status":"publish","type":"page","link":"https:\/\/gruene-bad-sassendorf.de\/index.php\/ueber-uns\/wahlbezirk-4-bad-sassendorf-i-heppen\/","title":{"rendered":"Wahlbezirk 4 Bad Sassendorf I &#8211; Heppen"},"content":{"rendered":"\n<p class=\"has-medium-font-size\">Stimmbezirk 41 Feuerwehrger\u00e4tehaus Heppen<\/p>\n\n\n\n<p>Alter Soestweg, Am Sassendorfer Wege, Gabrechter Weg 23, Hepper Stra\u00dfe, Im Oberdorf, Kampsweg, Lindenweg, Schneiderstra\u00dfe, Weslarner Weg, Zur S\u00e4lzerschule 1 &#8211; 46<\/p>\n\n\n\n<p class=\"has-medium-font-size\">Stimmbezirk 42 Gesamtschule Bad Sassendorf Raum 4<\/p>\n\n\n\n<p>Am Sportzentrum, Beethovenweg, Gabrechten, H\u00e4ndelweg, Mozartweg, Schubertweg, Spindelpfad<\/p>\n\n\n\n<p><\/p>\n","protected":false},"excerpt":{"rendered":"<p>Stimmbezirk 41 Feuerwehrger\u00e4tehaus Heppen Alter Soestweg, Am Sassendorfer Wege, Gabrechter Weg 23, Hepper Stra\u00dfe, Im Oberdorf, Kampsweg, Lindenweg, Schneiderstra\u00dfe, Weslarner Weg, Zur S\u00e4lzerschule 1 &#8211; 46 Stimmbezirk 42 Gesamtschule Bad&#8230; <\/p>\n","protected":false},"author":1,"featured_media":0,"parent":8,"menu_order":0,"comment_status":"closed","ping_status":"closed","template":"","meta":{"footnotes":""},"class_list":["post-112","page","type-page","status-publish","hentry"],"_links":{"self":[{"href":"https:\/\/gruene-bad-sassendorf.de\/index.php\/wp-json\/wp\/v2\/pages\/112","targetHints":{"allow":["GET"]}}],"collection":[{"href":"https:\/\/gruene-bad-sassendorf.de\/index.php\/wp-json\/wp\/v2\/pages"}],"about":[{"href":"https:\/\/gruene-bad-sassendorf.de\/index.php\/wp-json\/wp\/v2\/types\/page"}],"author":[{"embeddable":true,"href":"https:\/\/gruene-bad-sassendorf.de\/index.php\/wp-json\/wp\/v2\/users\/1"}],"replies":[{"embeddable":true,"href":"https:\/\/gruene-bad-sassendorf.de\/index.php\/wp-json\/wp\/v2\/comments?post=112"}],"version-history":[{"count":1,"href":"https:\/\/gruene-bad-sassendorf.de\/index.php\/wp-json\/wp\/v2\/pages\/112\/revisions"}],"predecessor-version":[{"id":113,"href":"https:\/\/gruene-bad-sassendorf.de\/index.php\/wp-json\/wp\/v2\/pages\/112\/revisions\/113"}],"up":[{"embeddable":true,"href":"https:\/\/gruene-bad-sassendorf.de\/index.php\/wp-json\/wp\/v2\/pages\/8"}],"wp:attachment":[{"href":"https:\/\/gruene-bad-sassendorf.de\/index.php\/wp-json\/wp\/v2\/media?parent=112"}],"curies":[{"name":"wp","href":"https:\/\/api.w.org\/{rel}","templated":true}]}}