{"id":124,"date":"2020-08-06T15:03:05","date_gmt":"2020-08-06T13:03:05","guid":{"rendered":"http:\/\/avermiddig.spdns.eu\/wordpress\/?page_id=124"},"modified":"2020-08-06T15:22:07","modified_gmt":"2020-08-06T13:22:07","slug":"wahlbezirk-10-bad-sassendorf-vii","status":"publish","type":"page","link":"https:\/\/gruene-bad-sassendorf.de\/index.php\/ueber-uns\/wahlbezirk-10-bad-sassendorf-vii\/","title":{"rendered":"Wahlbezirk 10 Bad Sassendorf VII"},"content":{"rendered":"\n<p class=\"has-medium-font-size\">Stimmbezirk 101 Tagungszentrum Raum 4<\/p>\n\n\n\n<p>Alleestra\u00dfe, Auf der Breite, Bundesstra\u00dfe 4 &#8211; 18, Eichendorffstra\u00dfe, Freiligrathstra\u00dfe, Friedhofstra\u00dfe, Hermann-\u00f6ns-Weg, Goethestra\u00dfe, Jacob-Grimm-Weg, K\u00f6rnerweg, Lessingstra\u00dfe, Lohweg 1 &#8211; 34, M\u00f6rikestra\u00dfe, Opm\u00fcnder Weg 2 a &#8211; 6 gerade, Uhlandweg, Wilhelm-Busch-Weg<\/p>\n","protected":false},"excerpt":{"rendered":"<p>Stimmbezirk 101 Tagungszentrum Raum 4 Alleestra\u00dfe, Auf der Breite, Bundesstra\u00dfe 4 &#8211; 18, Eichendorffstra\u00dfe, Freiligrathstra\u00dfe, Friedhofstra\u00dfe, Hermann-\u00f6ns-Weg, Goethestra\u00dfe, Jacob-Grimm-Weg, K\u00f6rnerweg, Lessingstra\u00dfe, Lohweg 1 &#8211; 34, M\u00f6rikestra\u00dfe, Opm\u00fcnder Weg 2 a&#8230; <\/p>\n","protected":false},"author":1,"featured_media":0,"parent":8,"menu_order":0,"comment_status":"closed","ping_status":"closed","template":"","meta":{"footnotes":""},"class_list":["post-124","page","type-page","status-publish","hentry"],"_links":{"self":[{"href":"https:\/\/gruene-bad-sassendorf.de\/index.php\/wp-json\/wp\/v2\/pages\/124","targetHints":{"allow":["GET"]}}],"collection":[{"href":"https:\/\/gruene-bad-sassendorf.de\/index.php\/wp-json\/wp\/v2\/pages"}],"about":[{"href":"https:\/\/gruene-bad-sassendorf.de\/index.php\/wp-json\/wp\/v2\/types\/page"}],"author":[{"embeddable":true,"href":"https:\/\/gruene-bad-sassendorf.de\/index.php\/wp-json\/wp\/v2\/users\/1"}],"replies":[{"embeddable":true,"href":"https:\/\/gruene-bad-sassendorf.de\/index.php\/wp-json\/wp\/v2\/comments?post=124"}],"version-history":[{"count":1,"href":"https:\/\/gruene-bad-sassendorf.de\/index.php\/wp-json\/wp\/v2\/pages\/124\/revisions"}],"predecessor-version":[{"id":125,"href":"https:\/\/gruene-bad-sassendorf.de\/index.php\/wp-json\/wp\/v2\/pages\/124\/revisions\/125"}],"up":[{"embeddable":true,"href":"https:\/\/gruene-bad-sassendorf.de\/index.php\/wp-json\/wp\/v2\/pages\/8"}],"wp:attachment":[{"href":"https:\/\/gruene-bad-sassendorf.de\/index.php\/wp-json\/wp\/v2\/media?parent=124"}],"curies":[{"name":"wp","href":"https:\/\/api.w.org\/{rel}","templated":true}]}}