{"id":160,"date":"2020-08-13T11:30:23","date_gmt":"2020-08-13T09:30:23","guid":{"rendered":"http:\/\/gruene-bad-sassendorf.de\/?page_id=160"},"modified":"2021-05-26T15:28:03","modified_gmt":"2021-05-26T13:28:03","slug":"claus-avermiddig","status":"publish","type":"page","link":"https:\/\/gruene-bad-sassendorf.de\/index.php\/ueber-uns\/ratsmitglieder-sachkundige-buergerinnen\/claus-avermiddig\/","title":{"rendered":"Claus Avermiddig"},"content":{"rendered":"\n<figure class=\"wp-block-image size-large\"><img loading=\"lazy\" decoding=\"async\" width=\"800\" height=\"902\" src=\"https:\/\/gruene-bad-sassendorf.de\/wp-content\/uploads\/2021\/05\/Claus-Avermiddig-800x902.jpg\" alt=\"\" class=\"wp-image-346\" srcset=\"https:\/\/gruene-bad-sassendorf.de\/wp-content\/uploads\/2021\/05\/Claus-Avermiddig-800x902.jpg 800w, https:\/\/gruene-bad-sassendorf.de\/wp-content\/uploads\/2021\/05\/Claus-Avermiddig-400x451.jpg 400w, https:\/\/gruene-bad-sassendorf.de\/wp-content\/uploads\/2021\/05\/Claus-Avermiddig-768x866.jpg 768w, https:\/\/gruene-bad-sassendorf.de\/wp-content\/uploads\/2021\/05\/Claus-Avermiddig-1363x1536.jpg 1363w, https:\/\/gruene-bad-sassendorf.de\/wp-content\/uploads\/2021\/05\/Claus-Avermiddig-133x150.jpg 133w, https:\/\/gruene-bad-sassendorf.de\/wp-content\/uploads\/2021\/05\/Claus-Avermiddig.jpg 1604w\" sizes=\"auto, (max-width: 800px) 100vw, 800px\" \/><\/figure>\n\n\n\n<p>Ratsmitglied<\/p>\n\n\n\n<p>Mitglied im Haupt- und Finanzauschuss, Mitglied im Planungs- Bau- und Verkehrsausschuss<\/p>\n\n\n\n<p class=\"has-medium-font-size\"> &#8222;Meine Partei ist wichtig f\u00fcr den Ort, weil\u2026&#8220;<\/p>\n\n\n\n<p>hier immer mehr vom &#8222;Dorf&#8220; Bad Sassendorf f\u00fcr Gro\u00dfbauten verschwindet. Weil auch hier in Hitze-Sommern B\u00e4ume, Insekten und Singv\u00f6gel verschwinden. Weil auch hier etwas unserer Erde f\u00fcr unsere Kinder \u00fcbrig bleiben muss. Weil &#8222;nat\u00fcrlich&#8220; einfach sch\u00f6ner ist.<\/p>\n\n\n\n<p class=\"has-medium-font-size\">&#8222;In dieser Wahlperiode m\u00f6chte ich erreichen,\u2026&#8220;<\/p>\n\n\n\n<p>dass auch in diesen Zeiten unser reges Vereinsleben erhalten bleibt, und Kunst und Kultur auch in den Ortsteilen seine angemessene F\u00f6rderung erh\u00e4lt.<\/p>\n\n\n\n<p><\/p>\n","protected":false},"excerpt":{"rendered":"<p>Ratsmitglied Mitglied im Haupt- und Finanzauschuss, Mitglied im Planungs- Bau- und Verkehrsausschuss &#8222;Meine Partei ist wichtig f\u00fcr den Ort, weil\u2026&#8220; hier immer mehr vom &#8222;Dorf&#8220; Bad Sassendorf f\u00fcr Gro\u00dfbauten verschwindet&#8230;. <\/p>\n","protected":false},"author":1,"featured_media":0,"parent":483,"menu_order":0,"comment_status":"closed","ping_status":"closed","template":"","meta":{"footnotes":""},"class_list":["post-160","page","type-page","status-publish","hentry"],"_links":{"self":[{"href":"https:\/\/gruene-bad-sassendorf.de\/index.php\/wp-json\/wp\/v2\/pages\/160","targetHints":{"allow":["GET"]}}],"collection":[{"href":"https:\/\/gruene-bad-sassendorf.de\/index.php\/wp-json\/wp\/v2\/pages"}],"about":[{"href":"https:\/\/gruene-bad-sassendorf.de\/index.php\/wp-json\/wp\/v2\/types\/page"}],"author":[{"embeddable":true,"href":"https:\/\/gruene-bad-sassendorf.de\/index.php\/wp-json\/wp\/v2\/users\/1"}],"replies":[{"embeddable":true,"href":"https:\/\/gruene-bad-sassendorf.de\/index.php\/wp-json\/wp\/v2\/comments?post=160"}],"version-history":[{"count":11,"href":"https:\/\/gruene-bad-sassendorf.de\/index.php\/wp-json\/wp\/v2\/pages\/160\/revisions"}],"predecessor-version":[{"id":428,"href":"https:\/\/gruene-bad-sassendorf.de\/index.php\/wp-json\/wp\/v2\/pages\/160\/revisions\/428"}],"up":[{"embeddable":true,"href":"https:\/\/gruene-bad-sassendorf.de\/index.php\/wp-json\/wp\/v2\/pages\/483"}],"wp:attachment":[{"href":"https:\/\/gruene-bad-sassendorf.de\/index.php\/wp-json\/wp\/v2\/media?parent=160"}],"curies":[{"name":"wp","href":"https:\/\/api.w.org\/{rel}","templated":true}]}}