{"id":188,"date":"2020-08-18T09:49:44","date_gmt":"2020-08-18T07:49:44","guid":{"rendered":"https:\/\/gruene-bad-sassendorf.de\/?page_id=188"},"modified":"2021-05-26T15:29:42","modified_gmt":"2021-05-26T13:29:42","slug":"hans-bernd-hartmann","status":"publish","type":"page","link":"https:\/\/gruene-bad-sassendorf.de\/index.php\/ueber-uns\/ratsmitglieder-sachkundige-buergerinnen\/hans-bernd-hartmann\/","title":{"rendered":"Hans-Bernd Hartmann"},"content":{"rendered":"\n<figure class=\"wp-block-image size-large\"><img loading=\"lazy\" decoding=\"async\" width=\"800\" height=\"1045\" src=\"https:\/\/gruene-bad-sassendorf.de\/wp-content\/uploads\/2021\/05\/Hans-Bernd-Hartmann-800x1045.jpg\" alt=\"\" class=\"wp-image-350\" srcset=\"https:\/\/gruene-bad-sassendorf.de\/wp-content\/uploads\/2021\/05\/Hans-Bernd-Hartmann-800x1045.jpg 800w, https:\/\/gruene-bad-sassendorf.de\/wp-content\/uploads\/2021\/05\/Hans-Bernd-Hartmann-400x522.jpg 400w, https:\/\/gruene-bad-sassendorf.de\/wp-content\/uploads\/2021\/05\/Hans-Bernd-Hartmann-768x1003.jpg 768w, https:\/\/gruene-bad-sassendorf.de\/wp-content\/uploads\/2021\/05\/Hans-Bernd-Hartmann-1176x1536.jpg 1176w, https:\/\/gruene-bad-sassendorf.de\/wp-content\/uploads\/2021\/05\/Hans-Bernd-Hartmann-115x150.jpg 115w, https:\/\/gruene-bad-sassendorf.de\/wp-content\/uploads\/2021\/05\/Hans-Bernd-Hartmann.jpg 1372w\" sizes=\"auto, (max-width: 800px) 100vw, 800px\" \/><\/figure>\n\n\n\n<p>Sachkundiger B\u00fcrger<\/p>\n\n\n\n<p>Mitglied im Ausschuss f\u00fcr Klima, Umweltschutz und Landschaftspflege<\/p>\n\n\n\n<p class=\"has-medium-font-size\">&#8222;Meine Partei ist wichtig f\u00fcr den Ort, weil..&#8220;<\/p>\n\n\n\n<p>wir bei der zuk\u00fcnftigen Entwicklung der Gemeinde und deren politischen Entscheidungen auf die Einhaltung der Nachhaltigkeitsziele achten werden. Erhalt der Lebensgrundlagen, Senkung des Fl\u00e4chenverbrauchs, Schutz des Klimas, Kreislaufwirtschaft und fairer Handel sind mir dabei wichtige Anliegen.<\/p>\n\n\n\n<p class=\"has-medium-font-size\">&#8222;In dieser Wahlperiode m\u00f6chte ich erreichen,\u2026&#8220;<\/p>\n\n\n\n<p>dass die D\u00f6rfer bei Entscheidungen im Kernort Ber\u00fccksichtigung finden. Ein starkes Miteinander in Familien, Vereinen, Kirche und Gesellschaft sowie Kreativit\u00e4t und innovative Ideen sind die Grundlage und Ansatzpunkte f\u00fcr eine nachhaltige Entwicklung und lebendige D\u00f6rfer in den n\u00e4chsten Jahren.<\/p>\n\n\n\n<p><\/p>\n","protected":false},"excerpt":{"rendered":"<p>Sachkundiger B\u00fcrger Mitglied im Ausschuss f\u00fcr Klima, Umweltschutz und Landschaftspflege &#8222;Meine Partei ist wichtig f\u00fcr den Ort, weil..&#8220; wir bei der zuk\u00fcnftigen Entwicklung der Gemeinde und deren politischen Entscheidungen auf&#8230; <\/p>\n","protected":false},"author":1,"featured_media":0,"parent":483,"menu_order":0,"comment_status":"closed","ping_status":"closed","template":"","meta":{"footnotes":""},"class_list":["post-188","page","type-page","status-publish","hentry"],"_links":{"self":[{"href":"https:\/\/gruene-bad-sassendorf.de\/index.php\/wp-json\/wp\/v2\/pages\/188","targetHints":{"allow":["GET"]}}],"collection":[{"href":"https:\/\/gruene-bad-sassendorf.de\/index.php\/wp-json\/wp\/v2\/pages"}],"about":[{"href":"https:\/\/gruene-bad-sassendorf.de\/index.php\/wp-json\/wp\/v2\/types\/page"}],"author":[{"embeddable":true,"href":"https:\/\/gruene-bad-sassendorf.de\/index.php\/wp-json\/wp\/v2\/users\/1"}],"replies":[{"embeddable":true,"href":"https:\/\/gruene-bad-sassendorf.de\/index.php\/wp-json\/wp\/v2\/comments?post=188"}],"version-history":[{"count":6,"href":"https:\/\/gruene-bad-sassendorf.de\/index.php\/wp-json\/wp\/v2\/pages\/188\/revisions"}],"predecessor-version":[{"id":449,"href":"https:\/\/gruene-bad-sassendorf.de\/index.php\/wp-json\/wp\/v2\/pages\/188\/revisions\/449"}],"up":[{"embeddable":true,"href":"https:\/\/gruene-bad-sassendorf.de\/index.php\/wp-json\/wp\/v2\/pages\/483"}],"wp:attachment":[{"href":"https:\/\/gruene-bad-sassendorf.de\/index.php\/wp-json\/wp\/v2\/media?parent=188"}],"curies":[{"name":"wp","href":"https:\/\/api.w.org\/{rel}","templated":true}]}}