{"id":192,"date":"2020-08-18T09:54:49","date_gmt":"2020-08-18T07:54:49","guid":{"rendered":"https:\/\/gruene-bad-sassendorf.de\/?page_id=192"},"modified":"2021-05-26T15:31:41","modified_gmt":"2021-05-26T13:31:41","slug":"burkhard-piper","status":"publish","type":"page","link":"https:\/\/gruene-bad-sassendorf.de\/index.php\/ueber-uns\/ratsmitglieder-sachkundige-buergerinnen\/burkhard-piper\/","title":{"rendered":"Burkhard Pieper"},"content":{"rendered":"\n<figure class=\"wp-block-image size-large\"><img loading=\"lazy\" decoding=\"async\" width=\"800\" height=\"800\" src=\"https:\/\/gruene-bad-sassendorf.de\/wp-content\/uploads\/2021\/05\/Burkhard-Pieper-800x800.jpg\" alt=\"\" class=\"wp-image-345\" srcset=\"https:\/\/gruene-bad-sassendorf.de\/wp-content\/uploads\/2021\/05\/Burkhard-Pieper-800x800.jpg 800w, https:\/\/gruene-bad-sassendorf.de\/wp-content\/uploads\/2021\/05\/Burkhard-Pieper-400x400.jpg 400w, https:\/\/gruene-bad-sassendorf.de\/wp-content\/uploads\/2021\/05\/Burkhard-Pieper-150x150.jpg 150w, https:\/\/gruene-bad-sassendorf.de\/wp-content\/uploads\/2021\/05\/Burkhard-Pieper-768x768.jpg 768w, https:\/\/gruene-bad-sassendorf.de\/wp-content\/uploads\/2021\/05\/Burkhard-Pieper-1536x1536.jpg 1536w, https:\/\/gruene-bad-sassendorf.de\/wp-content\/uploads\/2021\/05\/Burkhard-Pieper.jpg 2000w\" sizes=\"auto, (max-width: 800px) 100vw, 800px\" \/><\/figure>\n\n\n\n<p>Sachkundiger B\u00fcrger<\/p>\n\n\n\n<p class=\"has-medium-font-size\">&#8222;Meine Partei ist wichtig f\u00fcr den Ort, weil\u2026&#8220;<\/p>\n\n\n\n<p>die gro\u00dfen Bauten \u00fcberhandnehmen. Sie sind Fremdk\u00f6rper in der Umgebung! Immer mehr versiegelte Fl\u00e4chen. Keine Bauten in G\u00e4rten. Die Dorfmitte liegt in einer Senke, durch die Reduzierung der Frischluft, erhitzt es sich immer mehr. Wichtig: Die B\u00fcrger mitnehmen was die Gestaltung des Ortes betrifft.<\/p>\n\n\n\n<p class=\"has-medium-font-size\">&#8222;In dieser Wahlperiode m\u00f6chte ich erreichen,\u2026&#8220;<\/p>\n\n\n\n<p>dass es keine weitere Erh\u00f6hung des Verkehrs gibt. Eine CO\u00b2 Messung w\u00e4re angebracht. Keine Baugenehmigungen mehr zur Hepperstrasse.<\/p>\n","protected":false},"excerpt":{"rendered":"<p>Sachkundiger B\u00fcrger &#8222;Meine Partei ist wichtig f\u00fcr den Ort, weil\u2026&#8220; die gro\u00dfen Bauten \u00fcberhandnehmen. Sie sind Fremdk\u00f6rper in der Umgebung! Immer mehr versiegelte Fl\u00e4chen. Keine Bauten in G\u00e4rten. Die Dorfmitte&#8230; <\/p>\n","protected":false},"author":1,"featured_media":0,"parent":483,"menu_order":0,"comment_status":"closed","ping_status":"closed","template":"","meta":{"footnotes":""},"class_list":["post-192","page","type-page","status-publish","hentry"],"_links":{"self":[{"href":"https:\/\/gruene-bad-sassendorf.de\/index.php\/wp-json\/wp\/v2\/pages\/192","targetHints":{"allow":["GET"]}}],"collection":[{"href":"https:\/\/gruene-bad-sassendorf.de\/index.php\/wp-json\/wp\/v2\/pages"}],"about":[{"href":"https:\/\/gruene-bad-sassendorf.de\/index.php\/wp-json\/wp\/v2\/types\/page"}],"author":[{"embeddable":true,"href":"https:\/\/gruene-bad-sassendorf.de\/index.php\/wp-json\/wp\/v2\/users\/1"}],"replies":[{"embeddable":true,"href":"https:\/\/gruene-bad-sassendorf.de\/index.php\/wp-json\/wp\/v2\/comments?post=192"}],"version-history":[{"count":5,"href":"https:\/\/gruene-bad-sassendorf.de\/index.php\/wp-json\/wp\/v2\/pages\/192\/revisions"}],"predecessor-version":[{"id":430,"href":"https:\/\/gruene-bad-sassendorf.de\/index.php\/wp-json\/wp\/v2\/pages\/192\/revisions\/430"}],"up":[{"embeddable":true,"href":"https:\/\/gruene-bad-sassendorf.de\/index.php\/wp-json\/wp\/v2\/pages\/483"}],"wp:attachment":[{"href":"https:\/\/gruene-bad-sassendorf.de\/index.php\/wp-json\/wp\/v2\/media?parent=192"}],"curies":[{"name":"wp","href":"https:\/\/api.w.org\/{rel}","templated":true}]}}