{"id":200,"date":"2020-08-18T10:02:06","date_gmt":"2020-08-18T08:02:06","guid":{"rendered":"https:\/\/gruene-bad-sassendorf.de\/?page_id=200"},"modified":"2021-05-26T15:29:22","modified_gmt":"2021-05-26T13:29:22","slug":"achim-duemichen","status":"publish","type":"page","link":"https:\/\/gruene-bad-sassendorf.de\/index.php\/ueber-uns\/ratsmitglieder-sachkundige-buergerinnen\/achim-duemichen\/","title":{"rendered":"Achim D\u00fcmichen"},"content":{"rendered":"\n<figure class=\"wp-block-image size-large\"><img loading=\"lazy\" decoding=\"async\" width=\"800\" height=\"800\" src=\"https:\/\/gruene-bad-sassendorf.de\/wp-content\/uploads\/2021\/05\/Achim-D\u00fcmichen-800x800.jpg\" alt=\"\" class=\"wp-image-344\" srcset=\"https:\/\/gruene-bad-sassendorf.de\/wp-content\/uploads\/2021\/05\/Achim-D\u00fcmichen-800x800.jpg 800w, https:\/\/gruene-bad-sassendorf.de\/wp-content\/uploads\/2021\/05\/Achim-D\u00fcmichen-400x400.jpg 400w, https:\/\/gruene-bad-sassendorf.de\/wp-content\/uploads\/2021\/05\/Achim-D\u00fcmichen-150x150.jpg 150w, https:\/\/gruene-bad-sassendorf.de\/wp-content\/uploads\/2021\/05\/Achim-D\u00fcmichen-768x768.jpg 768w, https:\/\/gruene-bad-sassendorf.de\/wp-content\/uploads\/2021\/05\/Achim-D\u00fcmichen-1536x1536.jpg 1536w, https:\/\/gruene-bad-sassendorf.de\/wp-content\/uploads\/2021\/05\/Achim-D\u00fcmichen.jpg 2000w\" sizes=\"auto, (max-width: 800px) 100vw, 800px\" \/><\/figure>\n\n\n\n<p>Sachkundiger B\u00fcrger<\/p>\n\n\n\n<p>Mitglied im Ausschuss f\u00fcr Wirtschaftsf\u00f6rderung, Digitalisierung, Tourismus und Kultur, Mitglied im Aufsichtsrat der Tagungs- und Kongresszentrum Bad Sassendorf GmbH, Mitglied im Aufsichtsrat der Gemeindewerke Bad Sassendorf GmbH &amp; Co.KG<\/p>\n\n\n\n<p class=\"has-medium-font-size\">&#8222;Meine Partei ist wichtig f\u00fcr den Ort, weil\u2026&#8220;<\/p>\n\n\n\n<p>die anderen Parteien alle Vorhaben der Gemeindeverwaltung und des B\u00fcrgermeisters kritiklos absegnen und keine oder sehr selten eigene Ideen oder Anregungen einbringen. In den vergangenen 6 Jahren lie\u00dfen CDU, SPD, FDP und BG N\u00e4he zum W\u00e4hler und Liebe zu unserem Bad Sassendorf vermissen.<\/p>\n\n\n\n<p class=\"has-medium-font-size\">&#8222;In dieser Wahlperiode m\u00f6chte ich erreichen,\u2026&#8220;<\/p>\n\n\n\n<p>die physische N\u00e4he zum W\u00e4hler, soweit das Covid19 zul\u00e4sst. Es ist wichtig zu wissen, ob die brutale Betonierung des Ortskerns im Sinne der Anwohner\/W\u00e4hler ist und ob bezahlbarer Wohnraum unansehnlich und teuer sein muss, denn teurer Wohnraum belastet die Sozialkasse\/n der Gemeinde.<\/p>\n","protected":false},"excerpt":{"rendered":"<p>Sachkundiger B\u00fcrger Mitglied im Ausschuss f\u00fcr Wirtschaftsf\u00f6rderung, Digitalisierung, Tourismus und Kultur, Mitglied im Aufsichtsrat der Tagungs- und Kongresszentrum Bad Sassendorf GmbH, Mitglied im Aufsichtsrat der Gemeindewerke Bad Sassendorf GmbH &amp;&#8230; <\/p>\n","protected":false},"author":1,"featured_media":0,"parent":483,"menu_order":0,"comment_status":"closed","ping_status":"closed","template":"","meta":{"footnotes":""},"class_list":["post-200","page","type-page","status-publish","hentry"],"_links":{"self":[{"href":"https:\/\/gruene-bad-sassendorf.de\/index.php\/wp-json\/wp\/v2\/pages\/200","targetHints":{"allow":["GET"]}}],"collection":[{"href":"https:\/\/gruene-bad-sassendorf.de\/index.php\/wp-json\/wp\/v2\/pages"}],"about":[{"href":"https:\/\/gruene-bad-sassendorf.de\/index.php\/wp-json\/wp\/v2\/types\/page"}],"author":[{"embeddable":true,"href":"https:\/\/gruene-bad-sassendorf.de\/index.php\/wp-json\/wp\/v2\/users\/1"}],"replies":[{"embeddable":true,"href":"https:\/\/gruene-bad-sassendorf.de\/index.php\/wp-json\/wp\/v2\/comments?post=200"}],"version-history":[{"count":4,"href":"https:\/\/gruene-bad-sassendorf.de\/index.php\/wp-json\/wp\/v2\/pages\/200\/revisions"}],"predecessor-version":[{"id":438,"href":"https:\/\/gruene-bad-sassendorf.de\/index.php\/wp-json\/wp\/v2\/pages\/200\/revisions\/438"}],"up":[{"embeddable":true,"href":"https:\/\/gruene-bad-sassendorf.de\/index.php\/wp-json\/wp\/v2\/pages\/483"}],"wp:attachment":[{"href":"https:\/\/gruene-bad-sassendorf.de\/index.php\/wp-json\/wp\/v2\/media?parent=200"}],"curies":[{"name":"wp","href":"https:\/\/api.w.org\/{rel}","templated":true}]}}