{"id":206,"date":"2020-08-18T10:07:32","date_gmt":"2020-08-18T08:07:32","guid":{"rendered":"https:\/\/gruene-bad-sassendorf.de\/?page_id=206"},"modified":"2021-05-26T15:29:03","modified_gmt":"2021-05-26T13:29:03","slug":"heidemarie-jarmuth","status":"publish","type":"page","link":"https:\/\/gruene-bad-sassendorf.de\/index.php\/ueber-uns\/ratsmitglieder-sachkundige-buergerinnen\/heidemarie-jarmuth\/","title":{"rendered":"Heidemarie Jarmuth"},"content":{"rendered":"\n<figure class=\"wp-block-image size-large\"><img loading=\"lazy\" decoding=\"async\" width=\"622\" height=\"861\" src=\"https:\/\/gruene-bad-sassendorf.de\/wp-content\/uploads\/2021\/05\/Heidemarie-Jarmuth.jpg\" alt=\"\" class=\"wp-image-351\" srcset=\"https:\/\/gruene-bad-sassendorf.de\/wp-content\/uploads\/2021\/05\/Heidemarie-Jarmuth.jpg 622w, https:\/\/gruene-bad-sassendorf.de\/wp-content\/uploads\/2021\/05\/Heidemarie-Jarmuth-400x554.jpg 400w, https:\/\/gruene-bad-sassendorf.de\/wp-content\/uploads\/2021\/05\/Heidemarie-Jarmuth-108x150.jpg 108w\" sizes=\"auto, (max-width: 622px) 100vw, 622px\" \/><\/figure>\n\n\n\n<p>Sachkundige B\u00fcrgerin<\/p>\n\n\n\n<p>Mitglied im Planungs- Bau- und Verkehrsausschuss<\/p>\n\n\n\n<p class=\"has-medium-font-size\">&#8222;Meine Partei ist wichtig f\u00fcr den Ort, weil\u2026&#8220;<\/p>\n\n\n\n<p>sie eine starke Opposition gew\u00e4hrleistet. Ein Kurort gem\u00e4\u00dfes Verkehrskonzept ist \u00fcberf\u00e4llig. Schluss mit den \u00fcberdimensionierten jahrelangen Baustellen und dem Verlust gesunder B\u00e4ume. Keine weiteren Schulden. Von 2014 mit ca. 5,8 Mill. \u20ac werden sie Ende 2020 voraussichtlich 51,2 Mill. \u20ac betragen.<\/p>\n\n\n\n<p class=\"has-medium-font-size\">&#8222;In dieser Wahlperiode m\u00f6chte ich erreichen,\u2026&#8220;<\/p>\n\n\n\n<p>es, dem Wunsch der Anwohner f\u00fcr eine 30 km \u2013 Zone Geh\u00f6r zu verschaffen und am Wochenende die Motorradfahrer fern zu halten. Die Kinderg\u00e4rten, Tagesm\u00fctter und die Senioren w\u00fcrden sich \u00fcber mehr Sicherheit und Ruhe freuen.<\/p>\n","protected":false},"excerpt":{"rendered":"<p>Sachkundige B\u00fcrgerin Mitglied im Planungs- Bau- und Verkehrsausschuss &#8222;Meine Partei ist wichtig f\u00fcr den Ort, weil\u2026&#8220; sie eine starke Opposition gew\u00e4hrleistet. Ein Kurort gem\u00e4\u00dfes Verkehrskonzept ist \u00fcberf\u00e4llig. Schluss mit den&#8230; <\/p>\n","protected":false},"author":1,"featured_media":0,"parent":483,"menu_order":0,"comment_status":"closed","ping_status":"closed","template":"","meta":{"footnotes":""},"class_list":["post-206","page","type-page","status-publish","hentry"],"_links":{"self":[{"href":"https:\/\/gruene-bad-sassendorf.de\/index.php\/wp-json\/wp\/v2\/pages\/206","targetHints":{"allow":["GET"]}}],"collection":[{"href":"https:\/\/gruene-bad-sassendorf.de\/index.php\/wp-json\/wp\/v2\/pages"}],"about":[{"href":"https:\/\/gruene-bad-sassendorf.de\/index.php\/wp-json\/wp\/v2\/types\/page"}],"author":[{"embeddable":true,"href":"https:\/\/gruene-bad-sassendorf.de\/index.php\/wp-json\/wp\/v2\/users\/1"}],"replies":[{"embeddable":true,"href":"https:\/\/gruene-bad-sassendorf.de\/index.php\/wp-json\/wp\/v2\/comments?post=206"}],"version-history":[{"count":4,"href":"https:\/\/gruene-bad-sassendorf.de\/index.php\/wp-json\/wp\/v2\/pages\/206\/revisions"}],"predecessor-version":[{"id":442,"href":"https:\/\/gruene-bad-sassendorf.de\/index.php\/wp-json\/wp\/v2\/pages\/206\/revisions\/442"}],"up":[{"embeddable":true,"href":"https:\/\/gruene-bad-sassendorf.de\/index.php\/wp-json\/wp\/v2\/pages\/483"}],"wp:attachment":[{"href":"https:\/\/gruene-bad-sassendorf.de\/index.php\/wp-json\/wp\/v2\/media?parent=206"}],"curies":[{"name":"wp","href":"https:\/\/api.w.org\/{rel}","templated":true}]}}