{"id":210,"date":"2020-08-18T10:10:08","date_gmt":"2020-08-18T08:10:08","guid":{"rendered":"https:\/\/gruene-bad-sassendorf.de\/?page_id=210"},"modified":"2021-05-26T15:27:24","modified_gmt":"2021-05-26T13:27:24","slug":"gabriele-fuhlrott","status":"publish","type":"page","link":"https:\/\/gruene-bad-sassendorf.de\/index.php\/ueber-uns\/ratsmitglieder-sachkundige-buergerinnen\/gabriele-fuhlrott\/","title":{"rendered":"Gabriele Fuhlrott"},"content":{"rendered":"\n<figure class=\"wp-block-image size-large\"><img loading=\"lazy\" decoding=\"async\" width=\"675\" height=\"1200\" src=\"https:\/\/gruene-bad-sassendorf.de\/wp-content\/uploads\/2021\/05\/Gabriele-Fuhlrott-675x1200.jpg\" alt=\"\" class=\"wp-image-347\" srcset=\"https:\/\/gruene-bad-sassendorf.de\/wp-content\/uploads\/2021\/05\/Gabriele-Fuhlrott-675x1200.jpg 675w, https:\/\/gruene-bad-sassendorf.de\/wp-content\/uploads\/2021\/05\/Gabriele-Fuhlrott-338x600.jpg 338w, https:\/\/gruene-bad-sassendorf.de\/wp-content\/uploads\/2021\/05\/Gabriele-Fuhlrott-768x1365.jpg 768w, https:\/\/gruene-bad-sassendorf.de\/wp-content\/uploads\/2021\/05\/Gabriele-Fuhlrott-864x1536.jpg 864w, https:\/\/gruene-bad-sassendorf.de\/wp-content\/uploads\/2021\/05\/Gabriele-Fuhlrott-84x150.jpg 84w, https:\/\/gruene-bad-sassendorf.de\/wp-content\/uploads\/2021\/05\/Gabriele-Fuhlrott.jpg 1152w\" sizes=\"auto, (max-width: 675px) 100vw, 675px\" \/><\/figure>\n\n\n\n<p>Ratsmitglied<\/p>\n\n\n\n<p>Stellvertretende Vorsitzende der Fraktion B\u00dcNDNIS 90\/DIE GR\u00dcNEN im Rat der der Gemeinde Bad Sassendorf Mitglied im Ausschuss f\u00fcr Generationen, Soziales, Schule und Sport, Mitglied im Ausschuss f\u00fcr Wirtschaftsf\u00f6rderung, Digitalisierung, Tourismus und Kultur<\/p>\n\n\n\n<p class=\"has-medium-font-size\">&#8222;Meine Partei ist wichtig f\u00fcr den Ort, weil\u2026&#8220;<\/p>\n\n\n\n<p>sie die einzige ist, die bei allen Planungen und Projekten dem Klima- und Naturschutz Priorit\u00e4t einr\u00e4umt. Und nur so wird es eine gute Zukunft f\u00fcr unsere Kinder und Enkel noch geben. Und sie muss bezahlbar bleiben. Das ist bei weiteren Projekten der Gemeinde zu ber\u00fccksichtigen.<\/p>\n\n\n\n<p class=\"has-medium-font-size\">&#8222;In dieser Wahlperiode m\u00f6chte ich erreichen,\u2026&#8220;<\/p>\n\n\n\n<p>dass das Dorfleben lebendig wird. Es fehlt eine Einkaufsm\u00f6glichkeit, ein Dorfladen, der auch als sozialer Treffpunkt dienen kann. Der weitere Ausbau des Busangebots in die anliegenden Orte. Auch die direkte Fahrradstrecke nach Soest ist l\u00e4ngst nicht durchgehend sicher.<\/p>\n","protected":false},"excerpt":{"rendered":"<p>Ratsmitglied Stellvertretende Vorsitzende der Fraktion B\u00dcNDNIS 90\/DIE GR\u00dcNEN im Rat der der Gemeinde Bad Sassendorf Mitglied im Ausschuss f\u00fcr Generationen, Soziales, Schule und Sport, Mitglied im Ausschuss f\u00fcr Wirtschaftsf\u00f6rderung, Digitalisierung,&#8230; <\/p>\n","protected":false},"author":1,"featured_media":0,"parent":483,"menu_order":0,"comment_status":"closed","ping_status":"closed","template":"","meta":{"footnotes":""},"class_list":["post-210","page","type-page","status-publish","hentry"],"_links":{"self":[{"href":"https:\/\/gruene-bad-sassendorf.de\/index.php\/wp-json\/wp\/v2\/pages\/210","targetHints":{"allow":["GET"]}}],"collection":[{"href":"https:\/\/gruene-bad-sassendorf.de\/index.php\/wp-json\/wp\/v2\/pages"}],"about":[{"href":"https:\/\/gruene-bad-sassendorf.de\/index.php\/wp-json\/wp\/v2\/types\/page"}],"author":[{"embeddable":true,"href":"https:\/\/gruene-bad-sassendorf.de\/index.php\/wp-json\/wp\/v2\/users\/1"}],"replies":[{"embeddable":true,"href":"https:\/\/gruene-bad-sassendorf.de\/index.php\/wp-json\/wp\/v2\/comments?post=210"}],"version-history":[{"count":4,"href":"https:\/\/gruene-bad-sassendorf.de\/index.php\/wp-json\/wp\/v2\/pages\/210\/revisions"}],"predecessor-version":[{"id":451,"href":"https:\/\/gruene-bad-sassendorf.de\/index.php\/wp-json\/wp\/v2\/pages\/210\/revisions\/451"}],"up":[{"embeddable":true,"href":"https:\/\/gruene-bad-sassendorf.de\/index.php\/wp-json\/wp\/v2\/pages\/483"}],"wp:attachment":[{"href":"https:\/\/gruene-bad-sassendorf.de\/index.php\/wp-json\/wp\/v2\/media?parent=210"}],"curies":[{"name":"wp","href":"https:\/\/api.w.org\/{rel}","templated":true}]}}