{"id":273,"date":"2020-09-02T20:22:23","date_gmt":"2020-09-02T18:22:23","guid":{"rendered":"https:\/\/gruene-bad-sassendorf.de\/?page_id=273"},"modified":"2021-05-25T12:43:46","modified_gmt":"2021-05-25T10:43:46","slug":"nachhaltiger-ortsentwicklungsplan","status":"publish","type":"page","link":"https:\/\/gruene-bad-sassendorf.de\/index.php\/ueber-uns\/wahlprogramm\/nachhaltiger-ortsentwicklungsplan\/","title":{"rendered":"Nachhaltiger Ortsentwicklungsplan"},"content":{"rendered":"\n<p>F\u00fcr eine gemeinwohlorientierte Wohnungspolitik muss ein zukunftsf\u00e4higes Ortsentwicklungskonzept her, damit bezahlbarer Wohnraum ohne Fl\u00e4chenfra\u00df und Wildwuchs geschaffen werden kann &#8211; mit deutlichem Focus auf eine Klimavertr\u00e4glichkeit. Hierbei sollten auch die Gartengestaltung(Verbot von Schotterg\u00e4rten bei Neubauten) und der Lebensraum von B\u00e4umen, durch eine Baumsatzung mit einbezogen werden.<\/p>\n\n\n\n<p>Die wuchtigen, \u00fcberh\u00f6hten, zu engen und nur renditeori-entierten Investorenprojekte sind oftmals f\u00fcr Ortsbild und Lebensqualit\u00e4t gleicherma\u00dfen negativ.<\/p>\n\n\n\n<p>Die Reduzierung von dunklen asphaltierten Parkpl\u00e4tzen (negati-ves Beispiel: Parkplatz an den Salzwelten) muss ein weiteres Ziel sein.<\/p>\n\n\n\n<p>Fl\u00e4chennutzungs- und Bebauungspl\u00e4ne m\u00fcssen zuk\u00fcnftig viel st\u00e4rker den Natur- und Klimaschutz ber\u00fccksichtigen. Die Erstellung eines zukunftsweisenden Landschaftsplans ist seit 44 Jahren vorgesehen aber bislang von den verantwortlichen Entscheidungstr\u00e4gern nicht umgesetzt worden.<\/p>\n\n\n\n<p>Vorgaben und Empfehlungen der Unteren Naturschutzbeh\u00f6rde m\u00fcssen, anders als in der Vergangenheit, st\u00e4rker eingehalten und kontrolliert werden. Bei Nichteinhaltung muss konsequent reagiert werden.<\/p>\n","protected":false},"excerpt":{"rendered":"<p>F\u00fcr eine gemeinwohlorientierte Wohnungspolitik muss ein zukunftsf\u00e4higes Ortsentwicklungskonzept her, damit bezahlbarer Wohnraum ohne Fl\u00e4chenfra\u00df und Wildwuchs geschaffen werden kann &#8211; mit deutlichem Focus auf eine Klimavertr\u00e4glichkeit. Hierbei sollten auch die&#8230; <\/p>\n","protected":false},"author":1,"featured_media":0,"parent":503,"menu_order":0,"comment_status":"closed","ping_status":"closed","template":"","meta":{"footnotes":""},"class_list":["post-273","page","type-page","status-publish","hentry"],"_links":{"self":[{"href":"https:\/\/gruene-bad-sassendorf.de\/index.php\/wp-json\/wp\/v2\/pages\/273","targetHints":{"allow":["GET"]}}],"collection":[{"href":"https:\/\/gruene-bad-sassendorf.de\/index.php\/wp-json\/wp\/v2\/pages"}],"about":[{"href":"https:\/\/gruene-bad-sassendorf.de\/index.php\/wp-json\/wp\/v2\/types\/page"}],"author":[{"embeddable":true,"href":"https:\/\/gruene-bad-sassendorf.de\/index.php\/wp-json\/wp\/v2\/users\/1"}],"replies":[{"embeddable":true,"href":"https:\/\/gruene-bad-sassendorf.de\/index.php\/wp-json\/wp\/v2\/comments?post=273"}],"version-history":[{"count":1,"href":"https:\/\/gruene-bad-sassendorf.de\/index.php\/wp-json\/wp\/v2\/pages\/273\/revisions"}],"predecessor-version":[{"id":274,"href":"https:\/\/gruene-bad-sassendorf.de\/index.php\/wp-json\/wp\/v2\/pages\/273\/revisions\/274"}],"up":[{"embeddable":true,"href":"https:\/\/gruene-bad-sassendorf.de\/index.php\/wp-json\/wp\/v2\/pages\/503"}],"wp:attachment":[{"href":"https:\/\/gruene-bad-sassendorf.de\/index.php\/wp-json\/wp\/v2\/media?parent=273"}],"curies":[{"name":"wp","href":"https:\/\/api.w.org\/{rel}","templated":true}]}}