{"id":285,"date":"2020-09-02T20:32:55","date_gmt":"2020-09-02T18:32:55","guid":{"rendered":"https:\/\/gruene-bad-sassendorf.de\/?page_id=285"},"modified":"2021-05-25T12:45:10","modified_gmt":"2021-05-25T10:45:10","slug":"natur-und-artenschutz","status":"publish","type":"page","link":"https:\/\/gruene-bad-sassendorf.de\/index.php\/ueber-uns\/wahlprogramm\/natur-und-artenschutz\/","title":{"rendered":"Natur- und Artenschutz"},"content":{"rendered":"\n<p>Endlich ein wirksamer Schutz f\u00fcr die letzten noch verbliebenen R\u00fcckzugsr\u00e4ume von bedrohten Arten! Aufstellung eines fachlich sauber vorbereiteten Landschaftsplans unter Federf\u00fchrung der Experten der Arbeitsgemeinschaft Biologischer Umweltschutz (ABU).<\/p>\n\n\n\n<p>Konsequenter Schutz des Europ\u00e4ischen Vogelschutzgebietes. Immer mehr St\u00f6rungen durch Ausweisung zus\u00e4tzlicher Gewerbegebiete, zunehmende Flugbewegungen, Errichtung weiterer Bebauungen im Au\u00dfenbereich sowie Fl\u00e4chen der Kommune, die illegal \u00fcberackert werden, sind nicht l\u00e4nger akzeptabel.<\/p>\n\n\n\n<p>Unser Ziel ist es, mittels intelligenter L\u00f6sungen von dem Prinzip \u201eWachsen Wachsen Wachsen\u201c mit immer weiterer Inanspruchnahme von Freir\u00e4umen und Naturbereichen die Zukunft unserer Gemeinde nachhaltig zu gestalten. Hierzu geh\u00f6rt auch ein viel sorgsamerer Umgang mit noch vorhandenem Baumbestand und Gr\u00fcnfl\u00e4chen. Der Neugestaltung des Kurparks sind bis jetzt schon etliche charakteristische B\u00e4ume zum Opfer gefallen und weitere stehen aufgrund der nun viel st\u00e4rker sonnenexponierten Lage sehr unter Stress.<\/p>\n\n\n\n<p>Die bereits zweimal erfolgte dilettantische Bepflanzung des Jahnplatzes nach der voreiligen F\u00e4llung der ortsbildpr\u00e4genden Eiche spricht B\u00e4nde.<\/p>\n\n\n\n<p>Deswegen fordern wir eine Baumschutzsatzung f\u00fcr Bad Sassendorf.<\/p>\n","protected":false},"excerpt":{"rendered":"<p>Endlich ein wirksamer Schutz f\u00fcr die letzten noch verbliebenen R\u00fcckzugsr\u00e4ume von bedrohten Arten! Aufstellung eines fachlich sauber vorbereiteten Landschaftsplans unter Federf\u00fchrung der Experten der Arbeitsgemeinschaft Biologischer Umweltschutz (ABU). Konsequenter Schutz&#8230; <\/p>\n","protected":false},"author":1,"featured_media":0,"parent":503,"menu_order":0,"comment_status":"closed","ping_status":"closed","template":"","meta":{"footnotes":""},"class_list":["post-285","page","type-page","status-publish","hentry"],"_links":{"self":[{"href":"https:\/\/gruene-bad-sassendorf.de\/index.php\/wp-json\/wp\/v2\/pages\/285","targetHints":{"allow":["GET"]}}],"collection":[{"href":"https:\/\/gruene-bad-sassendorf.de\/index.php\/wp-json\/wp\/v2\/pages"}],"about":[{"href":"https:\/\/gruene-bad-sassendorf.de\/index.php\/wp-json\/wp\/v2\/types\/page"}],"author":[{"embeddable":true,"href":"https:\/\/gruene-bad-sassendorf.de\/index.php\/wp-json\/wp\/v2\/users\/1"}],"replies":[{"embeddable":true,"href":"https:\/\/gruene-bad-sassendorf.de\/index.php\/wp-json\/wp\/v2\/comments?post=285"}],"version-history":[{"count":1,"href":"https:\/\/gruene-bad-sassendorf.de\/index.php\/wp-json\/wp\/v2\/pages\/285\/revisions"}],"predecessor-version":[{"id":286,"href":"https:\/\/gruene-bad-sassendorf.de\/index.php\/wp-json\/wp\/v2\/pages\/285\/revisions\/286"}],"up":[{"embeddable":true,"href":"https:\/\/gruene-bad-sassendorf.de\/index.php\/wp-json\/wp\/v2\/pages\/503"}],"wp:attachment":[{"href":"https:\/\/gruene-bad-sassendorf.de\/index.php\/wp-json\/wp\/v2\/media?parent=285"}],"curies":[{"name":"wp","href":"https:\/\/api.w.org\/{rel}","templated":true}]}}