{"id":289,"date":"2020-09-02T20:35:36","date_gmt":"2020-09-02T18:35:36","guid":{"rendered":"https:\/\/gruene-bad-sassendorf.de\/?page_id=289"},"modified":"2021-05-25T12:46:20","modified_gmt":"2021-05-25T10:46:20","slug":"wirtschaftliche-entwicklung-und-finanzen-2","status":"publish","type":"page","link":"https:\/\/gruene-bad-sassendorf.de\/index.php\/ueber-uns\/wahlprogramm\/wirtschaftliche-entwicklung-und-finanzen-2\/","title":{"rendered":"Wirtschaftliche Entwicklung und Finanzen"},"content":{"rendered":"\n<p>Gr\u00fcne Wirtschafts- und Finanzpolitik hei\u00dft nachhaltig wirt-schaften. Nachhaltigkeit bedeutet f\u00fcr uns \u00d6konomie\u2013Soziales\u2013\u00d6kologie gleichrangig in Einklang zu bringen. Die Wirtschaft sollte bei Umweltproblemen Teil der L\u00f6sung statt Teil des Problems sein.<\/p>\n\n\n\n<p>Klimaneutrales ressourcenschonendes Wirtschaften, St\u00e4rkung regionaler Wirtschaftskreisl\u00e4ufe und fairer Handel sind uns dabei wichtige Ansatzpunkte und Anliegen.<\/p>\n\n\n\n<p>In der Bereitstellung eines fl\u00e4chendeckenden schnellen Internetangebotes sehen wir die M\u00f6glichkeit, eine Einheit von Leben und Arbeit im l\u00e4ndlichen Raum zu schaffen.<\/p>\n\n\n\n<p>Wir wollen darauf hinwirken, dass die Versorgung mit Dingen und Dienstleistungen des t\u00e4glichen Lebens einschlie\u00dflich kultureller Angebote auf lokaler Ebene bereitgestellt werden kann.<\/p>\n\n\n\n<p>Mit Blick auf zuk\u00fcnftige Generationen wollen wir knapper werdende Haushaltsmittel innovativ und effizient f\u00fcr mehr Nachhaltigkeit in der Gemeinde einsetzen.<\/p>\n\n\n\n<p>Daher setzen wir uns ein f\u00fcr:<\/p>\n\n\n\n<ul class=\"wp-block-list\"><li>Ansiedlung von umweltfreundlichem Gewerbe<\/li><li>Anreize von Gesch\u00e4ftser\u00f6ffnungen in leerstehenden R\u00e4umen<\/li><li>Abschaffung des Fremdenverkehrsbeitrages<\/li><li>die Installation einer Schuldenuhr am Rathaus als Mittel, mehr Transparenz bez\u00fcglich der Haushaltssituation zu schaffen und einen vorsichtigen, verhaltenen Umgang mit Finanzmitteln zu entwickeln, um die Gemeinde zukunftsfest aufzustellen<\/li><\/ul>\n\n\n\n<p><\/p>\n","protected":false},"excerpt":{"rendered":"<p>Gr\u00fcne Wirtschafts- und Finanzpolitik hei\u00dft nachhaltig wirt-schaften. Nachhaltigkeit bedeutet f\u00fcr uns \u00d6konomie\u2013Soziales\u2013\u00d6kologie gleichrangig in Einklang zu bringen. Die Wirtschaft sollte bei Umweltproblemen Teil der L\u00f6sung statt Teil des Problems sein&#8230;. <\/p>\n","protected":false},"author":1,"featured_media":0,"parent":503,"menu_order":0,"comment_status":"closed","ping_status":"closed","template":"","meta":{"footnotes":""},"class_list":["post-289","page","type-page","status-publish","hentry"],"_links":{"self":[{"href":"https:\/\/gruene-bad-sassendorf.de\/index.php\/wp-json\/wp\/v2\/pages\/289","targetHints":{"allow":["GET"]}}],"collection":[{"href":"https:\/\/gruene-bad-sassendorf.de\/index.php\/wp-json\/wp\/v2\/pages"}],"about":[{"href":"https:\/\/gruene-bad-sassendorf.de\/index.php\/wp-json\/wp\/v2\/types\/page"}],"author":[{"embeddable":true,"href":"https:\/\/gruene-bad-sassendorf.de\/index.php\/wp-json\/wp\/v2\/users\/1"}],"replies":[{"embeddable":true,"href":"https:\/\/gruene-bad-sassendorf.de\/index.php\/wp-json\/wp\/v2\/comments?post=289"}],"version-history":[{"count":1,"href":"https:\/\/gruene-bad-sassendorf.de\/index.php\/wp-json\/wp\/v2\/pages\/289\/revisions"}],"predecessor-version":[{"id":290,"href":"https:\/\/gruene-bad-sassendorf.de\/index.php\/wp-json\/wp\/v2\/pages\/289\/revisions\/290"}],"up":[{"embeddable":true,"href":"https:\/\/gruene-bad-sassendorf.de\/index.php\/wp-json\/wp\/v2\/pages\/503"}],"wp:attachment":[{"href":"https:\/\/gruene-bad-sassendorf.de\/index.php\/wp-json\/wp\/v2\/media?parent=289"}],"curies":[{"name":"wp","href":"https:\/\/api.w.org\/{rel}","templated":true}]}}