{"id":327,"date":"2021-01-18T09:05:54","date_gmt":"2021-01-18T08:05:54","guid":{"rendered":"https:\/\/gruene-bad-sassendorf.de\/?page_id=327"},"modified":"2021-06-14T10:45:09","modified_gmt":"2021-06-14T08:45:09","slug":"das-gruene-blaettchen","status":"publish","type":"page","link":"https:\/\/gruene-bad-sassendorf.de\/index.php\/das-gruene-blaettchen\/","title":{"rendered":"Presse"},"content":{"rendered":"\n<h2 class=\"wp-block-heading\">Umgang mit Leserbriefen und redaktionellen Artikel<\/h2>\n\n\n\n<p>Die Kultur der eigenen Meinungsbildung und entsprechende\u00c4u\u00dferungen von Fraktions- und Parteimitgliedern hat bei den Gr\u00fcnen eine lange und gute Tradition. So legen auch die Gr\u00fcnen in Bad Sassendorf gro\u00dfen Wert auf ein vielschichtiges Meinungsbild ihrer Mitglieder und interessierter sachkundiger B\u00fcrger*innen. Gleichzeitig soll f\u00fcr die Leser*innen Klarheit dar\u00fcber bestehen, ob es sich um eine private Meinung handelt oder gr\u00fcnes Statement.<br>Diese Statements werden von der Fraktionsvorsitzen der gr\u00fcnen Ratsfraktion Tanja Deichmann oder dem OV-Sprecherteam von B\u00dcNDNIS 90\/DIE GR\u00dcNEN<br>Ulrike Wasserfuhr und Mirko Deichmann autorisiert und an die Presse gegeben. Leider handhabt die Presse dies anders und betont oftmals auch bei der privaten Meinung, dass es sich um ein Mitglied der Gr\u00fcnen Fraktion oder ein Parteimitglied von B\u00dcNDNIS 90\/DIE GR\u00dcNEN handelt. So dass die Leser*innen den Eindruck bekommen, hier w\u00fcrde es sich um ein politisches Statement der Ratsfraktion der Gr\u00fcnen oder des Ortsverbandes B\u00dcNDNIS 90\/DIE GR\u00dcNEN handeln.<\/p>\n\n\n\n<p><strong>Aus diesem Grund werden nur die autorisierten gr\u00fcnenStatements auf unserer Webseite ver\u00f6ffentlicht.<\/strong><\/p>\n\n\n\n<p>In jedem Fall betonen die Gr\u00fcnen, dass sie von einer strikten Parteidisziplin auch bei privaten \u00c4u\u00dferungen nichts halten. Sie wollen sich auch in Zukunft durch die Vielfalt des Meinungsspektrums definieren.<\/p>\n","protected":false},"excerpt":{"rendered":"<p>Umgang mit Leserbriefen und redaktionellen Artikel Die Kultur der eigenen Meinungsbildung und entsprechende\u00c4u\u00dferungen von Fraktions- und Parteimitgliedern hat bei den Gr\u00fcnen eine lange und gute Tradition. So legen auch die&#8230; <\/p>\n","protected":false},"author":2,"featured_media":0,"parent":0,"menu_order":3,"comment_status":"closed","ping_status":"closed","template":"","meta":{"footnotes":""},"class_list":["post-327","page","type-page","status-publish","hentry"],"_links":{"self":[{"href":"https:\/\/gruene-bad-sassendorf.de\/index.php\/wp-json\/wp\/v2\/pages\/327","targetHints":{"allow":["GET"]}}],"collection":[{"href":"https:\/\/gruene-bad-sassendorf.de\/index.php\/wp-json\/wp\/v2\/pages"}],"about":[{"href":"https:\/\/gruene-bad-sassendorf.de\/index.php\/wp-json\/wp\/v2\/types\/page"}],"author":[{"embeddable":true,"href":"https:\/\/gruene-bad-sassendorf.de\/index.php\/wp-json\/wp\/v2\/users\/2"}],"replies":[{"embeddable":true,"href":"https:\/\/gruene-bad-sassendorf.de\/index.php\/wp-json\/wp\/v2\/comments?post=327"}],"version-history":[{"count":21,"href":"https:\/\/gruene-bad-sassendorf.de\/index.php\/wp-json\/wp\/v2\/pages\/327\/revisions"}],"predecessor-version":[{"id":652,"href":"https:\/\/gruene-bad-sassendorf.de\/index.php\/wp-json\/wp\/v2\/pages\/327\/revisions\/652"}],"wp:attachment":[{"href":"https:\/\/gruene-bad-sassendorf.de\/index.php\/wp-json\/wp\/v2\/media?parent=327"}],"curies":[{"name":"wp","href":"https:\/\/api.w.org\/{rel}","templated":true}]}}