{"id":45,"date":"2020-07-29T18:42:47","date_gmt":"2020-07-29T16:42:47","guid":{"rendered":"http:\/\/avermiddig.spdns.eu\/wordpress\/?page_id=45"},"modified":"2025-08-17T16:21:35","modified_gmt":"2025-08-17T14:21:35","slug":"startseite","status":"publish","type":"page","link":"https:\/\/gruene-bad-sassendorf.de\/","title":{"rendered":"Wahlprogramm f\u00fcr die Kommunalwahl am 14.September 2025"},"content":{"rendered":"\n<figure class=\"wp-block-image\"><img loading=\"lazy\" decoding=\"async\" width=\"446\" height=\"243\" src=\"https:\/\/gruene-bad-sassendorf.de\/wp-content\/uploads\/2025\/08\/Wahlprogramm_2025-1.jpg\" alt=\"\" class=\"wp-image-948\" srcset=\"https:\/\/gruene-bad-sassendorf.de\/wp-content\/uploads\/2025\/08\/Wahlprogramm_2025-1.jpg 446w, https:\/\/gruene-bad-sassendorf.de\/wp-content\/uploads\/2025\/08\/Wahlprogramm_2025-1-400x218.jpg 400w, https:\/\/gruene-bad-sassendorf.de\/wp-content\/uploads\/2025\/08\/Wahlprogramm_2025-1-150x82.jpg 150w\" sizes=\"auto, (max-width: 446px) 100vw, 446px\" \/><\/figure>\n\n\n\n<p>Wir werden uns auch zuk\u00fcnftig f\u00fcr eine nachhaltige Entwicklung in unserer Gemeinde einsetzen. Unser Wahlprogramm fokussiert eine zukunftsorientierte Klimapolitik, die die Herausforderungen des fortschreitenden Klimawandels und soziale Aspekte in Einklang bringt. Nur zusammen mit allen demokratischen Kr\u00e4ften schaffen wir es, Antworten auf die dringlichen Fragen der Zeit zu finden.<br><br><strong>Gemeinsam stark &#8211; f\u00fcr eine lebenswerte Zukunft<\/strong><br><br>Geben Sie uns Ihre Stimme am 14.09.2025, dann setzen wir uns ein f\u00fcr\u2026<\/p>\n\n\n\n<ul class=\"wp-block-list\">\n<li><strong>Nachhaltige Gemeindeentwicklung<\/strong><br><br>F\u00fcr eine gemeinwohlorientierte Wohnungspolitik m\u00fcssen zukunftsf\u00e4hige Ortsentwicklungskonzepte her, damit bezahlbarer Wohnraum ohne enormen Fl\u00e4chenverbrauch geschaffen werden kann. Der Fokus muss dabei deutlich auf Klimavertr\u00e4glichkeit liegen. Hierbei sollte auch die Park- und Gartengestaltung naturvertr\u00e4glich werden. Um den Lebensraum von B\u00e4umen zu sichern, muss endlich eine ambitionierte Baumsatzung aufgestellt und ber\u00fccksichtigt werden.<br><br>Neubauten und Umgestaltungsma\u00dfnahmen m\u00fcssen zum Ortsbild passen und damit die Lebensqualit\u00e4t f\u00fcr Ortsans\u00e4ssige und G\u00e4ste erh\u00f6hen. Wir setzten uns daf\u00fcr ein, qualitativ guten und<br>bezahlbaren Wohnraum f\u00fcr alle zu erm\u00f6glichen. Wohnen muss f\u00fcr jeden und jede bezahlbar sein!<br><br>Fl\u00e4chennutzungs- und Bebauungspl\u00e4ne m\u00fcssen zwingend den Natur und Klimaschutz st\u00e4rker ber\u00fccksichtigen als bisher. Die Erstellung eines zukunftsweisenden Landschaftsplans ist seit<br>Jahrzehnten vorgesehen. Jetzt ist es an der Zeit, dass die verantwortlichen Entscheidungsgremien dieses endlich umsetzen.<br><br><\/li>\n\n\n\n<li><strong>Kurortgerechtes Verkehrskonzept<\/strong><br><br>Mit einem zukunftsweisenden Verkehrskonzept setzen wir auf sichere Radwege und besseren \u00f6ffentlichen Nahverkehr &#8211; auch abends und am Wochenende.<br><br>Mehr 30 km\/h-Zonen im ganzen Ort \u2013 nach dem Vorbild anderer Kurorte &#8211; sind f\u00fcr uns ein Muss \u2013 gerade vor Kitas, Schulen, Seniorenheimen und in Wohngebieten. Weniger Tempo hei\u00dft mehr<br>Sicherheit, weniger L\u00e4rm und saubere Luft. Das tut uns allen gut \u2013 besonders den Kleinsten und \u00c4ltesten.<br><br>Ein moderner Ort braucht moderne Mobilit\u00e4t: leise, umweltfreundlich und f\u00fcr alle zug\u00e4nglich. Wir wollen, dass Bad Sassendorf nicht nur gut erreichbar ist \u2013 sondern auch richtig gut begeh- und befahrbar. F\u00fcr heute. F\u00fcr morgen. F\u00fcr alle!<\/li>\n<\/ul>\n\n\n\n<div class=\"wp-block-group\"><div class=\"wp-block-group__inner-container is-layout-constrained wp-block-group-is-layout-constrained\">\n<ul start=\"3\" class=\"wp-block-list\">\n<li><strong>Wirksames Energie- und Klimaschutzkonzept<\/strong><br><br>Wir setzen uns weiterhin f\u00fcr eine dezentrale klimaneutrale und m\u00f6glichst autarke Energieversorgung im gesamten Gemeindegebiet ein. Alle Potentiale, die die erneuerbaren Energien bieten, sollen hierbei technologieoffen ausgesch\u00f6pft werden.<br><br>Die Gemeindewerke m\u00fcssen bei der Umsetzung der kommunalen W\u00e4rmeplanung eine zentrale Rolle \u00fcbernehmen. Um handlungsf\u00e4hig zu bleiben, sollten die Gemeindewerke federf\u00fchrend weitere<br>Projekte mit Einbindung b\u00fcrgerlichen Engagements (z.B. B\u00fcrgergenossenschaften) umsetzen. Nach dem Vorbild anderer Kommunen \u2013 siehe Kreis Steinfurt www.energieland2050.de &#8211; sollen die B\u00fcrgerinnen davon direkt profitieren. <br><br>Die Nutzung aller Einsparpotentiale ist f\u00fcr uns selbstverst\u00e4ndlich.<br><br>Wir fordern weiterhin eine\/n kommunalen Klimaschutzbeauftragte*n mit vorrangigem Mitspracherecht in allen Aussch\u00fcssen.<br><br>Das Ziel bleibt, bis 2030 als eine der ersten Gemeinden mit Kurbetrieb CO\u00b2-neutral zu sein. Dann ist Bad Sassendorf zukunftsf\u00e4hig.<br><\/li>\n\n\n\n<li><strong>Natur- und Artenschutz<\/strong><br><br>Ob summende Bienen, bunte Blumenwiesen oder alte Alleen \u2013 unsere Natur ist wertvoll, sch\u00f6n und lebenswichtig. Doch auch in Bad Sassendorf sp\u00fcren wir: Die Artenvielfalt und Lebensr\u00e4ume<br>verschwinden und mit ihnen das, was unseren Ort so lebendig macht. Wir GR\u00dcNE sagen: Damit ist jetzt Schluss. Wir wollen Bad Sassendorf zur biodiversen Gemeinde machen \u2013 lebendig, artenreich und gr\u00fcn!<br><br>Natur- und Artenschutz ist kein Luxus \u2013 er ist die Basis f\u00fcr unser Leben, unsere Gesundheit und unsere Zukunft. Und er beginnt direkt vor unserer Haust\u00fcr. Gemeinsam machen wir Bad Sassendorf<br>gr\u00fcner, lebendiger und bunter \u2013 f\u00fcr alle, die hier leben.<\/li>\n<\/ul>\n<\/div><\/div>\n\n\n\n<p><\/p>\n\n\n\n<p><\/p>\n\n\n\n<ul class=\"wp-block-list\">\n<li><strong>B\u00fcrgern\u00e4he leben \u2013 Demokratie st\u00e4rken<\/strong><br><br>Die Aufgabe der Politik in Bad Sassendorf ist es, sicher zu stellen, dass alle Menschen am gesellschaftlichen Leben teilhaben k\u00f6nnen.<br><br>Nahgelegene Einkaufsm\u00f6glichkeiten (auch in den d\u00f6rflichen Ortsteilen) m\u00fcssen geschaffen und erhalten werden.<br><br>Damit Jugendliche dem Ort treu bleiben, muss es neben Arbeitspl\u00e4tzen auch f\u00fcr sie attraktive Freizeitangebote vor Ort geben. Es m\u00fcssen Treffpunkte, M\u00f6glichkeiten und Anreize f\u00fcr das<br>notwendige politische und gesellschaftliche Engagement geschaffen werden, zum Beispiel in Form von Jugendparlamenten und Jugendforen.<br><br>Wir GR\u00dcNE wollen, dass alle geh\u00f6rt werden und mitgestalten k\u00f6nnen, egal ob jung oder alt, schon ewig hier oder gerade neu zugezogen.<br><br><\/li>\n\n\n\n<li><strong>Wirtschaftliche Entwicklung und Finanzen<\/strong><br><br>Bad Sassendorf hat Potenzial \u2013 und das wollen wir nutzen!<br><br>Unsere wirtschaftliche Entwicklung muss nachhaltig, innovativ und zukunftsorientiert sein. Dabei ist f\u00fcr uns klar: Es geht nicht nur um mehr Wachstum, sondern um gutes Wachstum und die damit verbundene nachhaltige Transformation von Wirtschaft, Umwelt und Gesellschaft.<br><br>Wir setzen auf gr\u00fcne Wirtschaft, mit kreativen Ideen, die Arbeitspl\u00e4tze sichert und gleichzeitig den Klimaschutz voranbringt. Vom nachhaltigen Tourismus \u00fcber die F\u00f6rderung von Start-ups bis hin zu lokalen Handwerksbetrieben.<br><br>Nachhaltig wirtschaften bedeutet f\u00fcr uns nicht, kurzfristige Gewinne auf Kosten der Umwelt oder der Menschen zu erzielen, sondern langfristig stabile, faire und zukunftsorientierte Strukturen zu schaffen.<br><br>Bad Sassendorf braucht ein Wirtschaftsmodell, das unsere Werte widerspiegelt.<\/li>\n<\/ul>\n\n\n\n<p><\/p>\n\n\n\n<p>Um die Folgen des Klimawandels und den damit verbundenen Katastrophenschutz auch f\u00fcr unsere Heimat Bad Sassendorf gew\u00e4hrleisten zu k\u00f6nnen, braucht es Ihre Stimme f\u00fcr starke Gr\u00fcne.<\/p>\n\n\n\n<p><strong>Mit Ihrer Stimme wird Ver\u00e4nderung m\u00f6glich!<\/strong><\/p>\n\n\n\n<p><strong>Lassen Sie uns zusammen Bad Sassendorf zu einem Ort machen, der nicht nur heute, sondern auch morgen ein Ort zum Wohlf\u00fchlen ist \u2013 f\u00fcr alle!<\/strong><br><strong><br>Die Zeit zu handeln ist jetzt!<\/strong><\/p>\n\n\n\n<hr class=\"wp-block-separator has-alpha-channel-opacity\"\/>\n\n\n\n<p><\/p>\n\n\n\n<h2 class=\"wp-block-heading\">Rede von Sarah Gonschorek, KMV am 18.10.2023<\/h2>\n\n\n\n<figure class=\"wp-block-image size-full\"><img loading=\"lazy\" decoding=\"async\" width=\"400\" height=\"216\" src=\"https:\/\/gruene-bad-sassendorf.de\/wp-content\/uploads\/2023\/11\/flag-Israel_web-400x216-1.jpg\" alt=\"\" class=\"wp-image-840\" srcset=\"https:\/\/gruene-bad-sassendorf.de\/wp-content\/uploads\/2023\/11\/flag-Israel_web-400x216-1.jpg 400w, https:\/\/gruene-bad-sassendorf.de\/wp-content\/uploads\/2023\/11\/flag-Israel_web-400x216-1-150x81.jpg 150w\" sizes=\"auto, (max-width: 400px) 100vw, 400px\" \/><figcaption class=\"wp-element-caption\"><sub>\u00a9 edu_castro27 \/ pixabay<\/sub><\/figcaption><\/figure>\n\n\n\n<p>Liebe Freund*innen,<\/p>\n\n\n\n<p>ich danke euch, dass wir zu Beginn dieser Kreismitgliederversammlung den f\u00fcrchterlichen Ereignissen in Israel und Gaza Raum geben.<\/p>\n\n\n\n<p>Terrorangriffe und Kriege sind zwei der schrecklichsten und destruktivsten Erscheinungen in der Geschichte der Menschheit. Was Israel in der letzten Woche erlebte, war an menschlicher Grausamkeit kaum zu \u00fcbertreffen. Ich m\u00f6chte euch die Details ersparen und kann auch verstehen, dass man sich selbst, sofern m\u00f6glich vielleicht auch vor solchen Bildern sch\u00fctzen m\u00f6chte.<\/p>\n\n\n\n<p>Wenn wir an die Terrorangriffe denken, erf\u00fcllt uns Trauer und Wut. Die unschuldigen Menschen, die ihr Leben verloren haben, die Familien, die zerrissen wurden, und die j\u00fcdische Gemeinschaft auch hier in NRW, die in Angst und Schrecken versetzt wurde, sind Bilder, die wir nicht vergessen d\u00fcrfen. Die Terrorangriffe auf Israel hinterlassen tiefe Wunden, nicht nur physisch, sondern auch in den Herzen und Seelen der \u00dcberlebenden und ihrer Gesellschaften. Einer Gesellschaft, der wir, als Deutsche, mit unserer Verantwortung nah stehen. Und wir m\u00fcssen uns bewusst machen, dass diese Angriffe nicht nur das Leben der Opfer beenden, sondern auch das Leben derer, die zur\u00fcckbleiben, f\u00fcr immer ver\u00e4ndern. Der bildliche gepackte Koffer, der Schutzraum f\u00fcr J\u00fcd*innen weltweit, im Falle von steigenden antisemitischen Tendenzen im jeweiligen Staat, dieser Schutzraum ist weg. Und f\u00fcr ein Volk, welches durch die Shoa bis heute traumatisiert ist, bedeutet dieser Wegfall eines Schutzraumes mehr als wir uns vorstellen m\u00f6gen.&nbsp;<\/p>\n\n\n\n<p>Der Schmerz und das Leid, die aus Terrorangriffen resultieren, zeigen uns die schreckliche Realit\u00e4t von Gewalt und Hass und eines langen und komplexen Konfliktes. Diese Akte des Terrors ist ein Angriff auf unsere gemeinsamen Werte, auf die Freiheit und die Menschenrechte, die wir sch\u00e4tzen und sch\u00fctzen sollten. Sie erinnern uns daran, wie wichtig es ist, als internationale Gemeinschaft zusammenzustehen und gemeinsam gegen den Terrorismus vorzugehen. Terroristen versuchen, Angst und Zwietracht zu s\u00e4en, aber wir m\u00fcssen mit Einigkeit und Mitgef\u00fchl antworten. Und hier ist es wichtig: Auch die Zivilisten in Gaza leiden. Sie leiden unter dem Terror der Hamas ebenso. Die Bilder von heute Nacht und heute Morgen zeigen aber auch, dass wir im Krieg oft keine gesicherten Informationen haben. Viele Bilder fluten die sozialen Netzwerke, zum Teil gepusht auch durch Pro-Hamas Bots. Ein T\u00f6ten auf beiden Seiten muss beendet werden. Wenn dieser Krieg auf diese Weise eskaliert, werden wir in wenigen Wochen 100.000 Tote haben.<\/p>\n\n\n\n<p>Und gleichzeitig m\u00f6chte ich betonen, dass in Kriegen am Ende niemand wirklich gewinnt. In einem Krieg gibt es zwar vielleicht Gewinner und Verlierer im Sinne von geopolitischen Zielen, aber der eigentliche Verlust besteht in den Menschenleben, die geopfert werden, und in der Zerst\u00f6rung, die angerichtet wird. Die Geschichte ist voll von Kriegen, die tragische Folgen f\u00fcr unschuldige Zivilisten hatten, die nicht in die politischen Entscheidungen involviert waren, die zu diesen Konflikten gef\u00fchrt haben.<\/p>\n\n\n\n<p>In der heutigen Zeit, in der die Welt mit vielen Herausforderungen konfrontiert ist und soziale Netzwerke den Diskurs mehr bestimmen als gesicherte Quellen, m\u00fcssen wir uns gemeinsam verpflichten, keine vorschnellen Urteile zu bilden. Nicht auf Falschinformationen reinzufallen, sondern mit klarem Verstand zu beurteilen, ob eine Quelle sicher ist oder nicht.&nbsp;<\/p>\n\n\n\n<p>Lasst uns deshalb eine Minute innehalten und den Opfern der Terrorangriffe der Hamas und des Krieges gedenken.&nbsp;<\/p>\n\n\n\n<p>Danke.<\/p>\n\n\n\n<hr class=\"wp-block-separator has-alpha-channel-opacity\"\/>\n\n\n\n<h2 class=\"wp-block-heading\">Herzlich Willkommen<\/h2>\n\n\n\n<p><strong>Machen Sie mit bei den Gr\u00fcnen in Bad Sassendorf!<br>Sie leben gerne in Bad Sassendorf und m\u00f6chten dazu beitragen,<\/strong><\/p>\n\n\n\n<ul class=\"wp-block-list\">\n<li><strong>dass bei der Weiterentwicklung unseres Ortes Klima- und Naturschutz Priorit\u00e4t haben!<\/strong><\/li>\n\n\n\n<li><strong>dass unser Ort f\u00fcr alle Generationen lebenswert ist!<\/strong><\/li>\n\n\n\n<li><strong>dass die Interessen seiner Einwohner*innen genauso ber\u00fccksichtigt werden wie die der Touristen!<\/strong><\/li>\n<\/ul>\n\n\n\n<p><strong>Dann z\u00f6gern Sie nicht l\u00e4nger:<br>Diskutieren Sie mit uns Ihre Ideen und Vorstellungen!<br>Wir sind eine engagierte und diskussionsfreudige Gruppe und treffen uns regelm\u00e4\u00dfig f\u00fcr unseren Austausch.<br>Sie k\u00f6nnen selbstverst\u00e4ndlich mit gestalten, ohne Mitglied zu werden.<br>Bei Interesse melden Sie sich bitte unter:<br>info@gruene-bad-sassendorf.de<br>oder<br>02927 \u2013 8006933<\/strong><br><br>Es gibt hier im Kurort noch viel zu tun. Wir wollen nicht tatenlos zusehen, wie der Ort durch ausufernde Baut\u00e4tigkeit mehr und mehr seine d\u00f6rflichen Strukturen verliert. Alter Baumbestand und Gr\u00fcnfl\u00e4chen verschwinden. Der Ortskern heizt sich immer mehr auf, so dass in unserem\/Ihrem Umfeld Klima und Kurort- Image Schaden nehmen. Immer noch findet ein nachhaltiger Ortsentwicklungsplan keine Mehrheit im Rat. Wenn Sie Bad Sassendorf von fr\u00fcher kennen oder in den Kurort gezogen sind, um Ruhe und frische Luft um sich zu haben, konnten Sie sicherlich oft schon feststellen, der inner\u00f6rtliche Verkehr ist nicht Kurort gem\u00e4\u00df. Es gibt keine klar ausgewiesenen 30 km-Zonen, nur einen kleinen Fu\u00dfg\u00e4ngerbereich zum ungest\u00f6rten Flanieren mit wenig Gr\u00fcn und Luft zum Durchatmen. Ein stimmiges Verkehrskonzept steht immer noch nicht auf der Agenda.<br><br>Auch hier vor Ort, sollte Klimaschutz gro\u00df geschrieben werden. Schotterg\u00e4rten vor \u00fcberdimensionierten Bauten heizen das Umfeld auf und ein sch\u00f6ner Anblick sind sie erst recht nicht.<\/p>\n\n\n\n<p>In den letzten Jahren ist viel in Bad Sassendorf ver\u00e4ndert und gebaut worden. Wir fragen uns jedoch, war alles notwendig? Gibt oder gab es nicht auch Vieles, das wir gerne erhalten h\u00e4tten, anstatt die Verschuldung der<br>Gemeinde hoch zu treiben. Es wird viel von \u00f6kologischer Erneuerung und Umgestaltung gesprochen, ohne dass diese Ma\u00dfnahmen dieses Pr\u00e4dikat verdienen.<\/p>\n\n\n\n<p>Wir m\u00f6chten gerne f\u00fcr Sie und mit Ihnen Bad Sassendorf mitgestalten, damit wir den Kindern und Enkeln eine lebenswerte Umwelt hinterlassen und wir selbst uns hier wohlf\u00fchlen.<br>Sprechen Sie uns an, machen Sie mit. Wir freuen uns \u00fcber neue Gedanken und Hilfe bei der Umsetzung. Es lohnt sich f\u00fcr uns alle, f\u00fcr ein lebenswertes und liebenswertes Bad Sassendorf und f\u00fcr unser Klima.<\/p>\n\n\n\n<p><strong>Es lohnt sich f\u00fcr uns alle, f\u00fcr ein lebenswertes und liebenswertes Bad Sassendorf und f\u00fcr unser Klima.<\/strong><\/p>\n\n\n\n<figure class=\"wp-block-image size-large\"><img loading=\"lazy\" decoding=\"async\" width=\"800\" height=\"449\" src=\"https:\/\/gruene-bad-sassendorf.de\/wp-content\/uploads\/2020\/08\/gruppenbild1000-800x449.jpg\" alt=\"\" class=\"wp-image-263\" srcset=\"https:\/\/gruene-bad-sassendorf.de\/wp-content\/uploads\/2020\/08\/gruppenbild1000-800x449.jpg 800w, https:\/\/gruene-bad-sassendorf.de\/wp-content\/uploads\/2020\/08\/gruppenbild1000-400x224.jpg 400w, https:\/\/gruene-bad-sassendorf.de\/wp-content\/uploads\/2020\/08\/gruppenbild1000-768x431.jpg 768w, https:\/\/gruene-bad-sassendorf.de\/wp-content\/uploads\/2020\/08\/gruppenbild1000-150x84.jpg 150w, https:\/\/gruene-bad-sassendorf.de\/wp-content\/uploads\/2020\/08\/gruppenbild1000.jpg 1000w\" sizes=\"auto, (max-width: 800px) 100vw, 800px\" \/><\/figure>\n","protected":false},"excerpt":{"rendered":"<p>Wir werden uns auch zuk\u00fcnftig f\u00fcr eine nachhaltige Entwicklung in unserer Gemeinde einsetzen. Unser Wahlprogramm fokussiert eine zukunftsorientierte Klimapolitik, die die Herausforderungen des fortschreitenden Klimawandels und soziale Aspekte in Einklang&#8230; <\/p>\n","protected":false},"author":1,"featured_media":0,"parent":0,"menu_order":0,"comment_status":"closed","ping_status":"closed","template":"","meta":{"footnotes":""},"class_list":["post-45","page","type-page","status-publish","hentry"],"_links":{"self":[{"href":"https:\/\/gruene-bad-sassendorf.de\/index.php\/wp-json\/wp\/v2\/pages\/45","targetHints":{"allow":["GET"]}}],"collection":[{"href":"https:\/\/gruene-bad-sassendorf.de\/index.php\/wp-json\/wp\/v2\/pages"}],"about":[{"href":"https:\/\/gruene-bad-sassendorf.de\/index.php\/wp-json\/wp\/v2\/types\/page"}],"author":[{"embeddable":true,"href":"https:\/\/gruene-bad-sassendorf.de\/index.php\/wp-json\/wp\/v2\/users\/1"}],"replies":[{"embeddable":true,"href":"https:\/\/gruene-bad-sassendorf.de\/index.php\/wp-json\/wp\/v2\/comments?post=45"}],"version-history":[{"count":19,"href":"https:\/\/gruene-bad-sassendorf.de\/index.php\/wp-json\/wp\/v2\/pages\/45\/revisions"}],"predecessor-version":[{"id":957,"href":"https:\/\/gruene-bad-sassendorf.de\/index.php\/wp-json\/wp\/v2\/pages\/45\/revisions\/957"}],"wp:attachment":[{"href":"https:\/\/gruene-bad-sassendorf.de\/index.php\/wp-json\/wp\/v2\/media?parent=45"}],"curies":[{"name":"wp","href":"https:\/\/api.w.org\/{rel}","templated":true}]}}