{"id":458,"date":"2021-05-26T15:16:37","date_gmt":"2021-05-26T13:16:37","guid":{"rendered":"https:\/\/gruene-bad-sassendorf.de\/?page_id=458"},"modified":"2021-05-26T15:28:37","modified_gmt":"2021-05-26T13:28:37","slug":"ludmilla-duemichen","status":"publish","type":"page","link":"https:\/\/gruene-bad-sassendorf.de\/index.php\/ueber-uns\/ratsmitglieder-sachkundige-buergerinnen\/ludmilla-duemichen\/","title":{"rendered":"Ludmilla D\u00fcmichen"},"content":{"rendered":"\n<figure class=\"wp-block-image size-large\"><img loading=\"lazy\" decoding=\"async\" width=\"800\" height=\"800\" src=\"https:\/\/gruene-bad-sassendorf.de\/wp-content\/uploads\/2021\/05\/Ludmilla-D\u00fcmichen-800x800.jpg\" alt=\"\" class=\"wp-image-552\" srcset=\"https:\/\/gruene-bad-sassendorf.de\/wp-content\/uploads\/2021\/05\/Ludmilla-D\u00fcmichen-800x800.jpg 800w, https:\/\/gruene-bad-sassendorf.de\/wp-content\/uploads\/2021\/05\/Ludmilla-D\u00fcmichen-400x400.jpg 400w, https:\/\/gruene-bad-sassendorf.de\/wp-content\/uploads\/2021\/05\/Ludmilla-D\u00fcmichen-150x150.jpg 150w, https:\/\/gruene-bad-sassendorf.de\/wp-content\/uploads\/2021\/05\/Ludmilla-D\u00fcmichen-768x768.jpg 768w, https:\/\/gruene-bad-sassendorf.de\/wp-content\/uploads\/2021\/05\/Ludmilla-D\u00fcmichen-1536x1536.jpg 1536w, https:\/\/gruene-bad-sassendorf.de\/wp-content\/uploads\/2021\/05\/Ludmilla-D\u00fcmichen-2048x2048.jpg 2048w\" sizes=\"auto, (max-width: 800px) 100vw, 800px\" \/><\/figure>\n\n\n\n<p>Sachkundige B\u00fcrgerin<\/p>\n\n\n\n<p>Mitglied im Ausschuss f\u00fcr Generationen, Soziales, Schule und Sport<\/p>\n\n\n\n<p class=\"has-medium-font-size\">\u201eMeine Partei ist wichtig f\u00fcr den Ort, weil\u2026\u201c<\/p>\n\n\n\n<p>die Klimaschutz -Ziele\u00a0 erreicht werden sollen:<br>Erhaltung alter B\u00e4ume sowie Gestaltung umwelt- und b\u00fcrgerfreundlicher Stra\u00dfenverkehr.<\/p>\n\n\n\n<p class=\"has-medium-font-size\">\u201eIn dieser Wahlperiode m\u00f6chte ich erreichen,\u2026\u201c<\/p>\n\n\n\n<p>Eine bessere Absicherung der Menschen mit geringem Einkommen und \u00a0ausreichend bezahlbare Wohnungen.<\/p>\n","protected":false},"excerpt":{"rendered":"<p>Sachkundige B\u00fcrgerin Mitglied im Ausschuss f\u00fcr Generationen, Soziales, Schule und Sport \u201eMeine Partei ist wichtig f\u00fcr den Ort, weil\u2026\u201c die Klimaschutz -Ziele\u00a0 erreicht werden sollen:Erhaltung alter B\u00e4ume sowie Gestaltung umwelt-&#8230; <\/p>\n","protected":false},"author":3,"featured_media":0,"parent":483,"menu_order":0,"comment_status":"closed","ping_status":"closed","template":"","meta":{"footnotes":""},"class_list":["post-458","page","type-page","status-publish","hentry"],"_links":{"self":[{"href":"https:\/\/gruene-bad-sassendorf.de\/index.php\/wp-json\/wp\/v2\/pages\/458","targetHints":{"allow":["GET"]}}],"collection":[{"href":"https:\/\/gruene-bad-sassendorf.de\/index.php\/wp-json\/wp\/v2\/pages"}],"about":[{"href":"https:\/\/gruene-bad-sassendorf.de\/index.php\/wp-json\/wp\/v2\/types\/page"}],"author":[{"embeddable":true,"href":"https:\/\/gruene-bad-sassendorf.de\/index.php\/wp-json\/wp\/v2\/users\/3"}],"replies":[{"embeddable":true,"href":"https:\/\/gruene-bad-sassendorf.de\/index.php\/wp-json\/wp\/v2\/comments?post=458"}],"version-history":[{"count":4,"href":"https:\/\/gruene-bad-sassendorf.de\/index.php\/wp-json\/wp\/v2\/pages\/458\/revisions"}],"predecessor-version":[{"id":555,"href":"https:\/\/gruene-bad-sassendorf.de\/index.php\/wp-json\/wp\/v2\/pages\/458\/revisions\/555"}],"up":[{"embeddable":true,"href":"https:\/\/gruene-bad-sassendorf.de\/index.php\/wp-json\/wp\/v2\/pages\/483"}],"wp:attachment":[{"href":"https:\/\/gruene-bad-sassendorf.de\/index.php\/wp-json\/wp\/v2\/media?parent=458"}],"curies":[{"name":"wp","href":"https:\/\/api.w.org\/{rel}","templated":true}]}}