{"id":483,"date":"2021-05-25T10:36:00","date_gmt":"2021-05-25T08:36:00","guid":{"rendered":"https:\/\/gruene-bad-sassendorf.de\/?page_id=483"},"modified":"2023-03-31T10:56:12","modified_gmt":"2023-03-31T08:56:12","slug":"ratsmitglieder-sachkundige-buergerinnen","status":"publish","type":"page","link":"https:\/\/gruene-bad-sassendorf.de\/index.php\/ueber-uns\/ratsmitglieder-sachkundige-buergerinnen\/","title":{"rendered":"Ratsmitglieder &#038; sachkundige B\u00fcrger*innen"},"content":{"rendered":"\n<div class=\"wp-block-ftg-gallery\"><!-- Final Tiles Grid Gallery for WordPress v3.6.6 free --><style>#ftg-11 .tile .icon { color:#ffffff; }#ftg-11 .ftg-items .loading-bar i { background:#666; }#ftg-11 .ftg-items .loading-bar { background:#fff; }#ftg-11 .tile .icon { font-size:12px; }#ftg-11 .tile .icon { margin: -6px 0 0 -6px; }#ftg-11 .tile .caption-block .text-wrapper span.text { font-size:12px; }#ftg-11 .tile .caption-outside .text-wrapper span.text { font-size:12px; }#ftg-11 .tile .caption-block .text-wrapper span.title { font-size:14px; }#ftg-11 .tile .caption-outside .text-wrapper span.title { font-size:14px; }#ftg-11 .tile { background-color: transparent; }#ftg-11 .tile .caption-block .text-wrapper span.text { color: #ffffff; }#ftg-11 .tile .caption-block .text-wrapper span.title { color: #ffffff; }#ftg-11 .tile .caption-outside .text-wrapper span.text { color: #ffffff; }#ftg-11 .tile .caption-outside .text-wrapper span.title { color: #ffffff; }#ftg-11 .tile .ftg-social a { color: #ffffff; }#ftg-11 .tile .caption-block { transition-duration:0.25s; }#ftg-11 .tile .tile-inner:before { background-color: #81d742; }#ftg-11 .tile .tile-inner:before { background-color: rgba(129, 215, 66, 0.8); }#ftg-11 .tile:hover img {-moz-transform: -moz-rotate(0deg) -moz-scale(0) ;-webkit-transform: -webkit-rotate(0deg) -webkit-scale(0) ;-o-transform: -o-rotate(0deg) -o-scale(0) ;-ms-transform: -ms-rotate(0deg) -ms-scale(0) ;transform: rotate(0deg) scale(0) ;}<\/style><a name=\"1\"><\/a><div class=\"final-tiles-gallery  ftg-hover-enabled caption-inside  caption-none caption-middle caption-center\" id=\"ftg-11\" style=\"width: 100%\"><div class='ftg-items'><div class='loading-bar'><i><\/i><\/div><div  class='tile ftg-preload  '><a title=\"Tanja Deichmann\"  rel='ftg-11'  class=' tile-inner  ' href='https:\/\/gruene-bad-sassendorf.de\/index.php\/ueber-uns\/tanja-deichmann\/' ><img alt='Tanja Deichmann' class='item skip-lazy' data-class='item' data-ftg-source='https:\/\/gruene-bad-sassendorf.de\/wp-content\/uploads\/2021\/05\/Tanja-Deichmann-1-800x800.jpg' src='https:\/\/gruene-bad-sassendorf.de\/wp-content\/uploads\/2021\/05\/Tanja-Deichmann-1-800x800.jpg' width='783' height='783' \/><div class='caption-block'><div class='text-wrapper'><span class='title'>Tanja Deichmann<\/span><span class='text'>Ratsmitglied<\/span><\/div><\/div><\/a><div class='ftg-social'><\/div><\/div><div  class='tile ftg-preload  '><a title=\"Mirko Deichmann\"  rel='ftg-11'  class=' tile-inner  ' href='https:\/\/gruene-bad-sassendorf.de\/index.php\/ueber-uns\/mirko-deichmann\/' ><img alt='Mirko Deichmann' class='item skip-lazy' data-class='item' data-ftg-source='https:\/\/gruene-bad-sassendorf.de\/wp-content\/uploads\/2021\/05\/Mirko-Deichmann-1-800x800.jpg' src='https:\/\/gruene-bad-sassendorf.de\/wp-content\/uploads\/2021\/05\/Mirko-Deichmann-1-800x800.jpg' width='783' height='783' \/><div class='caption-block'><div class='text-wrapper'><span class='title'>Mirko Deichmann<\/span><span class='text'>Ratsmitglied<\/span><\/div><\/div><\/a><div class='ftg-social'><\/div><\/div><div  class='tile ftg-preload  '><a title=\"Gabriele Fuhlrott\"  rel='ftg-11'  class=' tile-inner  ' href='https:\/\/gruene-bad-sassendorf.de\/index.php\/ueber-uns\/gabriele-fuhlrott\/' ><img alt='Gabriele Fuhlrott' class='item skip-lazy' data-class='item' data-ftg-source='https:\/\/gruene-bad-sassendorf.de\/wp-content\/uploads\/2021\/05\/Gabriele-Fuhlrott-1-800x800.jpg' src='https:\/\/gruene-bad-sassendorf.de\/wp-content\/uploads\/2021\/05\/Gabriele-Fuhlrott-1-800x800.jpg' width='783' height='783' \/><div class='caption-block'><div class='text-wrapper'><span class='title'>Gabriele Fuhlrott<\/span><span class='text'>Ratsmitglied<\/span><\/div><\/div><\/a><div class='ftg-social'><\/div><\/div><div  class='tile ftg-preload  '><a title=\"Claus Avermiddig\"  rel='ftg-11'  class=' tile-inner  ' href='https:\/\/gruene-bad-sassendorf.de\/index.php\/ueber-uns\/claus-avermiddig\/' ><img alt='Claus Avermiddig' class='item skip-lazy' data-class='item' data-ftg-source='https:\/\/gruene-bad-sassendorf.de\/wp-content\/uploads\/2021\/05\/Claus-Avermiddig-1-800x802.jpg' src='https:\/\/gruene-bad-sassendorf.de\/wp-content\/uploads\/2021\/05\/Claus-Avermiddig-1-800x802.jpg' width='783' height='785' \/><div class='caption-block'><div class='text-wrapper'><span class='title'>Claus Avermiddig<\/span><span class='text'>Ratsmitglied<\/span><\/div><\/div><\/a><div class='ftg-social'><\/div><\/div><div  class='tile ftg-preload  '><a title=\"Ludmilla D\u00fcmichen\"  rel='ftg-11'  class=' tile-inner  ' href='https:\/\/gruene-bad-sassendorf.de\/index.php\/ludmilla-duemichen\/' ><img alt='Ludmilla D\u00fcmichen' class='item skip-lazy' data-class='item' data-ftg-source='https:\/\/gruene-bad-sassendorf.de\/wp-content\/uploads\/2021\/05\/Ludmilla-D\u00fcmichen-1-800x800.jpg' src='https:\/\/gruene-bad-sassendorf.de\/wp-content\/uploads\/2021\/05\/Ludmilla-D\u00fcmichen-1-800x800.jpg' width='783' height='783' \/><div class='caption-block'><div class='text-wrapper'><span class='title'>Ludmilla D\u00fcmichen<\/span><span class='text'>Sachkundige B\u00fcrgerin<\/span><\/div><\/div><\/a><div class='ftg-social'><\/div><\/div><div  class='tile ftg-preload  '><a title=\"Heidemarie Jarmuth\"  rel='ftg-11'  class=' tile-inner  ' href='https:\/\/gruene-bad-sassendorf.de\/index.php\/ueber-uns\/heidemarie-jarmuth\/' ><img alt='Heidemarie Jarmuth' class='item skip-lazy' data-class='item' data-ftg-source='https:\/\/gruene-bad-sassendorf.de\/wp-content\/uploads\/2021\/05\/Heidemarie-Jarmuth-1.jpg' src='https:\/\/gruene-bad-sassendorf.de\/wp-content\/uploads\/2021\/05\/Heidemarie-Jarmuth-1.jpg' width='602' height='602' \/><div class='caption-block'><div class='text-wrapper'><span class='title'>Heidemarie Jarmuth<\/span><span class='text'>Sachkundige B\u00fcrgerin<\/span><\/div><\/div><\/a><div class='ftg-social'><\/div><\/div><div  class='tile ftg-preload  '><a title=\"Achim D\u00fcmichen\"  rel='ftg-11'  class=' tile-inner  ' href='https:\/\/gruene-bad-sassendorf.de\/index.php\/ueber-uns\/achim-duemichen\/' ><img alt='Achim D\u00fcmichen' class='item skip-lazy' data-class='item' data-ftg-source='https:\/\/gruene-bad-sassendorf.de\/wp-content\/uploads\/2021\/05\/Achim-D\u00fcmichen-1-800x800.jpg' src='https:\/\/gruene-bad-sassendorf.de\/wp-content\/uploads\/2021\/05\/Achim-D\u00fcmichen-1-800x800.jpg' width='783' height='783' \/><div class='caption-block'><div class='text-wrapper'><span class='title'>Achim D\u00fcmichen<\/span><span class='text'>Sachkundiger B\u00fcrger<\/span><\/div><\/div><\/a><div class='ftg-social'><\/div><\/div><div  class='tile ftg-preload  '><a title=\"Hans-Bernd Hartmann\"  rel='ftg-11'  class=' tile-inner  ' href='https:\/\/gruene-bad-sassendorf.de\/index.php\/ueber-uns\/hans-bernd-hartmann\/' ><img alt='Hans-Bernd Hartmann' class='item skip-lazy' data-class='item' data-ftg-source='https:\/\/gruene-bad-sassendorf.de\/wp-content\/uploads\/2021\/05\/Hans-Bernd-Hartmann-1-800x800.jpg' src='https:\/\/gruene-bad-sassendorf.de\/wp-content\/uploads\/2021\/05\/Hans-Bernd-Hartmann-1-800x800.jpg' width='783' height='783' \/><div class='caption-block'><div class='text-wrapper'><span class='title'>Hans-Bernd Hartmann<\/span><span class='text'>Sachkundiger B\u00fcrger<\/span><\/div><\/div><\/a><div class='ftg-social'><\/div><\/div><div  class='tile ftg-preload  '><a title=\"Carsten Rocholl\"  rel='ftg-11'  class=' tile-inner  ' href='https:\/\/gruene-bad-sassendorf.de\/index.php\/ueber-uns\/carsten-rocholl\/' ><img alt='Carsten Rocholl' class='item skip-lazy' data-class='item' data-ftg-source='https:\/\/gruene-bad-sassendorf.de\/wp-content\/uploads\/2021\/05\/Carsten-Rocholl-1-800x800.jpg' src='https:\/\/gruene-bad-sassendorf.de\/wp-content\/uploads\/2021\/05\/Carsten-Rocholl-1-800x800.jpg' width='783' height='783' \/><div class='caption-block'><div class='text-wrapper'><span class='title'>Carsten Rocholl<\/span><span class='text'>Sachkundiger B\u00fcrger<\/span><\/div><\/div><\/a><div class='ftg-social'><\/div><\/div><div  class='tile ftg-preload  '><a title=\"Michael W\u00f6ste\"  rel='ftg-11'  class=' tile-inner  ' href='https:\/\/gruene-bad-sassendorf.de\/index.php\/ueber-uns\/michael-woeste\/' ><img alt='Michael W\u00f6ste' class='item skip-lazy' data-class='item' data-ftg-source='https:\/\/gruene-bad-sassendorf.de\/wp-content\/uploads\/2021\/05\/Michael-W\u00f6ste-1-800x800.jpg' src='https:\/\/gruene-bad-sassendorf.de\/wp-content\/uploads\/2021\/05\/Michael-W\u00f6ste-1-800x800.jpg' width='783' height='783' \/><div class='caption-block'><div class='text-wrapper'><span class='title'>Michael W\u00f6ste<\/span><span class='text'>Sachkundiger B\u00fcrger<\/span><\/div><\/div><\/a><div class='ftg-social'><\/div><\/div><div  class='tile ftg-preload  '><a title=\"Linea Avermiddig\"  rel='ftg-11'  class=' tile-inner  ' href='https:\/\/gruene-bad-sassendorf.de\/index.php\/ueber-uns\/ratsmitglieder-sachkundige-buergerinnen\/linea-avermiddig\/' ><img alt='Linea Avermiddig' class='item skip-lazy' data-class='item' data-ftg-source='https:\/\/gruene-bad-sassendorf.de\/wp-content\/uploads\/2024\/03\/Linea-Avermiddig-1-1-800x800.jpg' src='https:\/\/gruene-bad-sassendorf.de\/wp-content\/uploads\/2024\/03\/Linea-Avermiddig-1-1-800x800.jpg' width='783' height='783' \/><div class='caption-block'><div class='text-wrapper'><span class='title'>Linea Avermiddig<\/span><span class='text'>Sachkundige B\u00fcrgerin<\/span><\/div><\/div><\/a><div class='ftg-social'><\/div><\/div><div  class='tile ftg-preload  '><a title=\"Udo Wiedig\"  rel='ftg-11'  class=' tile-inner  ' href='https:\/\/gruene-bad-sassendorf.de\/?page_id=939' ><img alt='Udo Wiedig' class='item skip-lazy' data-class='item' data-ftg-source='https:\/\/gruene-bad-sassendorf.de\/wp-content\/uploads\/2024\/10\/ov-badsassendorf-udo-wiedig-1-800x800.jpg' src='https:\/\/gruene-bad-sassendorf.de\/wp-content\/uploads\/2024\/10\/ov-badsassendorf-udo-wiedig-1-800x800.jpg' width='783' height='783' \/><div class='caption-block'><div class='text-wrapper'><span class='title'>Udo Wiedig<\/span><\/div><\/div><\/a><div class='ftg-social'><\/div><\/div><\/div><\/div><\/div>\n\n\n\n<p>     <\/p>\n\n\n\n<div class=\"wp-block-ftg-gallery\"><!-- Final Tiles Grid Gallery for WordPress v3.6.6 free --><style>#ftg-33 .tile .icon { color:#ffffff; }#ftg-33 .ftg-items .loading-bar i { background:#666; }#ftg-33 .ftg-items .loading-bar { background:#fff; }#ftg-33 .tile .icon { font-size:12px; }#ftg-33 .tile .icon { margin: -6px 0 0 -6px; }#ftg-33 .tile .caption-block .text-wrapper span.text { font-size:12px; }#ftg-33 .tile .caption-outside .text-wrapper span.text { font-size:12px; }#ftg-33 .tile .caption-block .text-wrapper span.title { font-size:14px; }#ftg-33 .tile .caption-outside .text-wrapper span.title { font-size:14px; }#ftg-33 .tile { background-color: transparent; }#ftg-33 .tile .caption-block .text-wrapper span.text { color: #ffffff; }#ftg-33 .tile .caption-block .text-wrapper span.title { color: #ffffff; }#ftg-33 .tile .caption-outside .text-wrapper span.text { color: #ffffff; }#ftg-33 .tile .caption-outside .text-wrapper span.title { color: #ffffff; }#ftg-33 .tile .ftg-social a { color: #ffffff; }#ftg-33 .tile .caption-block { transition-duration:0.25s; }#ftg-33 .tile .tile-inner:before { background-color: #000000; }#ftg-33 .tile .tile-inner:before { background-color: rgba(0, 0, 0, 0.8); }#ftg-33 .tile:hover img {-moz-transform: -moz-rotate(0deg) -moz-scale(0) ;-webkit-transform: -webkit-rotate(0deg) -webkit-scale(0) ;-o-transform: -o-rotate(0deg) -o-scale(0) ;-ms-transform: -ms-rotate(0deg) -ms-scale(0) ;transform: rotate(0deg) scale(0) ;}<\/style><a name=\"3\"><\/a><div class=\"final-tiles-gallery  ftg-hover-enabled caption-inside  caption-none caption-middle caption-center\" id=\"ftg-33\" style=\"width: 100%\"><div class='ftg-items'><div class='loading-bar'><i><\/i><\/div><div  class='tile ftg-preload  '><a title=\"In stillem Gedenken\" data-lightbox='ftg-33' rel='ftg-33'  class=' tile-inner  ftg-lightbox' href='https:\/\/gruene-bad-sassendorf.de\/wp-content\/uploads\/2022\/11\/Ulrike-Wasserfuhr-2-800x801.jpg' ><img alt='In stillem Gedenken' class='item skip-lazy' data-class='item' data-ftg-source='https:\/\/gruene-bad-sassendorf.de\/wp-content\/uploads\/2022\/11\/Ulrike-Wasserfuhr-2-800x801.jpg' src='https:\/\/gruene-bad-sassendorf.de\/wp-content\/uploads\/2022\/11\/Ulrike-Wasserfuhr-2-800x801.jpg' width='783' height='784' \/><div class='caption-block'><div class='text-wrapper'><span class='title'>In stillem Gedenken<\/span><span class='text'>Ulrike Wasserfuhr Ratsmitglied<\/span><\/div><\/div><\/a><div class='ftg-social'><\/div><\/div><div  class='tile ftg-preload  '><a title=\"In stillem Gedenken\" data-lightbox='ftg-33' rel='ftg-33'  class=' tile-inner  ftg-lightbox' href='https:\/\/gruene-bad-sassendorf.de\/wp-content\/uploads\/2022\/11\/Burkhard-Pieper-2-800x800.jpg' ><img alt='In stillem Gedenken' class='item skip-lazy' data-class='item' data-ftg-source='https:\/\/gruene-bad-sassendorf.de\/wp-content\/uploads\/2022\/11\/Burkhard-Pieper-2-800x800.jpg' src='https:\/\/gruene-bad-sassendorf.de\/wp-content\/uploads\/2022\/11\/Burkhard-Pieper-2-800x800.jpg' width='783' height='783' \/><div class='caption-block'><div class='text-wrapper'><span class='title'>In stillem Gedenken<\/span><span class='text'>Burkhard Pieper Sachkundiger B\u00fcrger<\/span><\/div><\/div><\/a><div class='ftg-social'><\/div><\/div><\/div><\/div><\/div>\n\n\n\n<p><strong>Trost<\/strong><br><br>Tr\u00f6ste dich, die Stunden eilen,<br>Und was all dich dr\u00fccken mag,<br>Auch die schlimmste kann nicht weilen,<br>Und es kommt ein andrer Tag.<br><br>In dem ew&#8217;gen Kommen, Schwinden,<br>Wie der Schmerz liegt auch das Gl\u00fcck,<br>Und auch heitre Bilder finden<br>Ihren Weg zu dir zur\u00fcck.<br><br>Harre, hoffe. Nicht vergebens<br>z\u00e4hlest du der Stunden Schlag:<br>Wechsel ist das Los des Lebens,<br>Und &#8211; es kommt ein andrer Tag.<\/p>\n\n\n\n<p><em>Theodor Fontane<\/em><\/p>\n","protected":false},"excerpt":{"rendered":"<p>Trost Tr\u00f6ste dich, die Stunden eilen,Und was all dich dr\u00fccken mag,Auch die schlimmste kann nicht weilen,Und es kommt ein andrer Tag. In dem ew&#8217;gen Kommen, Schwinden,Wie der Schmerz liegt auch&#8230; <\/p>\n","protected":false},"author":3,"featured_media":0,"parent":8,"menu_order":0,"comment_status":"closed","ping_status":"closed","template":"","meta":{"footnotes":""},"class_list":["post-483","page","type-page","status-publish","hentry"],"_links":{"self":[{"href":"https:\/\/gruene-bad-sassendorf.de\/index.php\/wp-json\/wp\/v2\/pages\/483","targetHints":{"allow":["GET"]}}],"collection":[{"href":"https:\/\/gruene-bad-sassendorf.de\/index.php\/wp-json\/wp\/v2\/pages"}],"about":[{"href":"https:\/\/gruene-bad-sassendorf.de\/index.php\/wp-json\/wp\/v2\/types\/page"}],"author":[{"embeddable":true,"href":"https:\/\/gruene-bad-sassendorf.de\/index.php\/wp-json\/wp\/v2\/users\/3"}],"replies":[{"embeddable":true,"href":"https:\/\/gruene-bad-sassendorf.de\/index.php\/wp-json\/wp\/v2\/comments?post=483"}],"version-history":[{"count":13,"href":"https:\/\/gruene-bad-sassendorf.de\/index.php\/wp-json\/wp\/v2\/pages\/483\/revisions"}],"predecessor-version":[{"id":773,"href":"https:\/\/gruene-bad-sassendorf.de\/index.php\/wp-json\/wp\/v2\/pages\/483\/revisions\/773"}],"up":[{"embeddable":true,"href":"https:\/\/gruene-bad-sassendorf.de\/index.php\/wp-json\/wp\/v2\/pages\/8"}],"wp:attachment":[{"href":"https:\/\/gruene-bad-sassendorf.de\/index.php\/wp-json\/wp\/v2\/media?parent=483"}],"curies":[{"name":"wp","href":"https:\/\/api.w.org\/{rel}","templated":true}]}}