{"id":505,"date":"2021-05-25T12:07:20","date_gmt":"2021-05-25T10:07:20","guid":{"rendered":"https:\/\/gruene-bad-sassendorf.de\/?page_id=505"},"modified":"2021-05-26T17:28:52","modified_gmt":"2021-05-26T15:28:52","slug":"geschaeftsordnung-der-fraktion-buendnis-90-die-gruenen-im-rat-der-gemeinde-bad-sassendorf","status":"publish","type":"page","link":"https:\/\/gruene-bad-sassendorf.de\/index.php\/ueber-uns\/geschaeftsordnung-der-fraktion-buendnis-90-die-gruenen-im-rat-der-gemeinde-bad-sassendorf\/","title":{"rendered":"Gesch\u00e4ftsordnung der Fraktion B\u00dcNDNIS 90\/DIE GR\u00dcNEN im Rat der Gemeinde Bad Sassendorf"},"content":{"rendered":"\n<p>Gesch\u00e4ftsordnung der Fraktion B\u00dcNDNIS 90\/DIE GR\u00dcNEN im Rat der Gemeinde Bad Sassendorf<\/p>\n\n\n\n<p class=\"has-text-align-center\">Pr\u00e4ambel<\/p>\n\n\n\n<p>Ziel der Fraktionsarbeit ist die Entwicklung, F\u00f6rderung und Umsetzung einer Kommunalpolitik nach den Grunds\u00e4tzen von B\u00dcNDNIS 90\/DIE GR\u00dcNEN. Die Fraktion orientiert ihre Arbeit an sozialen, \u00f6kologischen und demokratischen Grunds\u00e4tzen. Die gleichberechtigte Beteiligung von Frauen an der kommunalpolitischen T\u00e4tigkeit ist ausdr\u00fccklich erw\u00fcnscht. Die Fraktion strebt daher die Quotierung in den Fraktionsgremien an.<\/p>\n\n\n\n<p class=\"has-text-align-center\">\u00a71<\/p>\n\n\n\n<p class=\"has-text-align-center\">Zusammensetzung der Fraktion<\/p>\n\n\n\n<ul class=\"wp-block-list\"><li>Die Fraktion besteht<\/li><\/ul>\n\n\n\n<p>aus den \u00fcber die Wahlvorschl\u00e4ge von B\u00dcNDNIS 90\/DIE GR\u00dcNEN in den Rat gew\u00e4hlten Ratsmitgliedern. Diese bilden die &#8218;Kernfraktion&#8216;.<\/p>\n\n\n\n<p>den ordentlichen und stellvertretenden sachkundigen B\u00fcrger*innen.<\/p>\n\n\n\n<ul class=\"wp-block-list\"><li>Organe der Fraktion sind die Fraktion<\/li><\/ul>\n\n\n\n<p>die\/der Vorsitzende die Arbeitskreise<\/p>\n\n\n\n<p class=\"has-text-align-center\">\u00a72<\/p>\n\n\n\n<p class=\"has-text-align-center\">Aufgaben der Fraktion<\/p>\n\n\n\n<ul class=\"wp-block-list\"><li>Die Fraktion ber\u00e4t die politische Arbeit im Gemeinderat und fasst f\u00fcr ihre Mitglieder verbindliche Beschl\u00fcsse nach Ma\u00dfgabe dieser Gesch\u00e4ftsordnung. Angelegenheiten von grunds\u00e4tzlicher Bedeutung, die \u00fcber die Festlegungen des Kommunalwahlprogrammes hinausgehen, werden in Abstimmung mit dem Ortsverband der Partei beschlossen.<\/li><\/ul>\n\n\n\n<ul class=\"wp-block-list\"><li>Die Kernfraktion bestimmt zu Beginn der Wahlperiode die sachkundigen B\u00fcrger*innen und die Zusammensetzung der Aussch\u00fcsse und anderer Gremien. Sp\u00e4tere Benennungen im Laufe der Wahlperiode werden von der Fraktion vorgenommen. Die sachkundigen B\u00fcrger*innen<\/li><\/ul>\n\n\n\n<p>bed\u00fcrfen vor ihrer Wahl im&nbsp; Gemeinderat der&nbsp; Best\u00e4tigung durch den Ortsverband von B\u00dcNDNIS 90\/DIE GR\u00dcNEN.<\/p>\n\n\n\n<ul class=\"wp-block-list\"><li>Die Kernfraktion w\u00e4hlt zu Beginn der Wahlperiode aus ihrer Mitte in geheimer Wahl eine\/n Vorsitzende\/n und eine\/n stellv. Vorsitzende\/n f\u00fcr jeweils zwei Jahre. Eine Abwahl bedarf der einfachen Mehrheit und muss in der Tagesordnung der Einladung aufgef\u00fchrt sein.<\/li><\/ul>\n\n\n\n<ul class=\"wp-block-list\"><li>Die Fraktion ist das oberste Entscheidungs- und Beschlussorgan. Sollen Entscheidungen der Arbeitskreise beraten und gegebenenfalls aufgehoben werden, so sollen die entsprechenden Punkte bereits aus der Einladung zur Fraktionssitzung hervorgehen.<\/li><\/ul>\n\n\n\n<ul class=\"wp-block-list\"><li>Die Fraktion bestimmt die Kassenpr\u00fcfer.<\/li><\/ul>\n\n\n\n<ul class=\"wp-block-list\"><li>Die Fraktion beschlie\u00dft den Haushaltsplan der Fraktion.<\/li><\/ul>\n\n\n\n<ul class=\"wp-block-list\"><li>Die Fraktion beschlie\u00dft \u00fcber die Einrichtung und Aufl\u00f6sung von Fraktionsarbeitskreisen.<\/li><\/ul>\n\n\n\n<ul class=\"wp-block-list\"><li>Die Fraktion legt die Schwerpunktthemen f\u00fcr die Fraktionssitzungen fest.<\/li><\/ul>\n\n\n\n<ul class=\"wp-block-list\"><li>Die Fraktion entscheidet \u00fcber die Aufnahme und den Ausschluss von Mitgliedern. Daf\u00fcr ist eine Zweidrittelmehrheit notwendig.<\/li><\/ul>\n\n\n\n<ul class=\"wp-block-list\"><li>Die Fraktion tagt in der Regel vor jeder Sitzung des Haupt- und Finanzausschusses und des Rates. Die Einladung zur Fraktionssitzung sollte sp\u00e4testens drei Tage vor der Sitzung den Mitgliedern vorliegen.<\/li><\/ul>\n\n\n\n<ul class=\"wp-block-list\"><li>\u00dcber jede Fraktionssitzung ist ein Beschlussprotokoll zu f\u00fchren. Auf Antrag eines Fraktionsmitgliedes sind einzelne \u00c4u\u00dferungen w\u00f6rtlich in das Protokoll aufzunehmen. Pers\u00f6nliche Erkl\u00e4rungen sind schriftlich der Protokollf\u00fchrung &nbsp;einzureichen.<\/li><\/ul>\n\n\n\n<ul class=\"wp-block-list\"><li>Die Mitglieder der Fraktion sollen im Gemeinderat und seinen Aussch\u00fcssen sowie in der \u00d6ffentlichkeit die Gesamtlinie der Fraktion vertreten. Sie sind verpflichtet, an den Sitzungen der Fraktion teilzunehmen.<\/li><\/ul>\n\n\n\n<p class=\"has-text-align-center\">\u00a73<\/p>\n\n\n\n<p class=\"has-text-align-center\">Arbeitskreise<\/p>\n\n\n\n<ul class=\"wp-block-list\"><li>Zur Beratung von besonderen Sachfragen und zur Vorbereitung der Sitzungen von Fachaussch\u00fcssen und anderer Gremien kann die Fraktion Arbeitskreise bilden.<\/li><\/ul>\n\n\n\n<ul class=\"wp-block-list\"><li>Die Beratungsergebnisse und Vorschl\u00e4ge der Arbeitskreise werden der Fraktion zugeleitet.<\/li><\/ul>\n\n\n\n<ul class=\"wp-block-list\"><li>Bei Entscheidungen von besonderer Bedeutung oder bei strittigem Beratungsergebnis erfolgt die weitere Beratung durch die Fraktion.<\/li><\/ul>\n\n\n\n<p class=\"has-text-align-center\">\u00a74<\/p>\n\n\n\n<p class=\"has-text-align-center\">Beschl\u00fcsse<\/p>\n\n\n\n<ul class=\"wp-block-list\"><li>Die Fraktion &nbsp;ist &nbsp;beschlussf\u00e4hig, &nbsp;wenn &nbsp;ordnungsgem\u00e4\u00df &nbsp;eingeladen wurde. Die Einladung ergeht an alle Fraktionsmitglieder.<\/li><\/ul>\n\n\n\n<ul class=\"wp-block-list\"><li>Die Fraktion entscheidet mit einfacher Mehrheit.<\/li><\/ul>\n\n\n\n<ul class=\"wp-block-list\"><li>Auf &nbsp;Antrag &nbsp;eines &nbsp;Fraktionsmitgliedes &nbsp;muss &nbsp;geheim &nbsp;abgestimmt werden.<\/li><\/ul>\n\n\n\n<p class=\"has-text-align-center\">\u00a75<\/p>\n\n\n\n<p class=\"has-text-align-center\">Vorsitzende<\/p>\n\n\n\n<ul class=\"wp-block-list\"><li>Die\/der Vorsitzende vertritt die Fraktion nach innen und au\u00dfen.<\/li><\/ul>\n\n\n\n<ul class=\"wp-block-list\"><li>Die\/der Vorsitzende leitet die Fraktionssitzungen.<\/li><\/ul>\n\n\n\n<p>Weitere Zust\u00e4ndigkeiten und Aufgaben:<\/p>\n\n\n\n<ol class=\"wp-block-list\" type=\"a\"><li>Verhandlungen mit anderen Fraktionen oder der Verwaltung entsprechend den Vorgaben der Fraktion.<\/li><\/ol>\n\n\n\n<ul class=\"wp-block-list\"><li>Teilnahme an den interfraktionellen Besprechungen.<\/li><\/ul>\n\n\n\n<ul class=\"wp-block-list\"><li>Vorbereitung der Fraktionssitzungen, Vorschl\u00e4ge zu Schwerpunktthemen sowie zur Terminplanung f\u00fcr die Sitzungen.<\/li><\/ul>\n\n\n\n<ul class=\"wp-block-list\"><li>Festlegung der Tagesordnung der Fraktionssitzungen entsprechend den Vorgaben der Fraktion. Antr\u00e4ge von Fraktionsmitgliedern auf Aufnahme weitere Tagesordnungspunkte sollten ber\u00fccksichtigt werden<\/li><\/ul>\n\n\n\n<ul class=\"wp-block-list\"><li>Einberufung von Dringlichkeitssitzungen der Fraktion.<\/li><\/ul>\n\n\n\n<ul class=\"wp-block-list\"><li>Entscheidung in Dringlichkeitsangelegenheiten, soweit eine Fraktionssitzung nicht rechtzeitig einberufen werden kann.<\/li><\/ul>\n\n\n\n<ul class=\"wp-block-list\"><li>Bericht in der Fraktion \u00fcber die Beschl\u00fcsse.<\/li><\/ul>\n\n\n\n<ul class=\"wp-block-list\"><li>Die\/der Vorsitzende kann Aufgaben an die\/den stellv. Vorsitzende\/n delegieren. Bei Abwesenheit wird sie\/er von ihr\/ihm vertreten.<\/li><\/ul>\n\n\n\n<ul class=\"wp-block-list\"><li>Der\/die Fraktionsvorsitzende kann Ausgaben f\u00fcr den normalen Gesch\u00e4ftsbetrieb bis zu 100,00 \u20ac t\u00e4tigen. Der Fraktion sind die Ausgaben in der folgenden Fraktionssitzung zur Kenntnis zu geben.<\/li><\/ul>\n\n\n\n<p class=\"has-text-align-center\">\u00a76<\/p>\n\n\n\n<p class=\"has-text-align-center\">Kasse<\/p>\n\n\n\n<p>Die Fraktion betraut ein Mitglied mit der F\u00fchrung der Kasse der Fraktion.<\/p>\n\n\n\n<p class=\"has-text-align-center\">\u00a77<\/p>\n\n\n\n<p class=\"has-text-align-center\">Presse<\/p>\n\n\n\n<p>Die Fraktion betraut ein Mitglied mit der Pressearbeit.<\/p>\n\n\n\n<p class=\"has-text-align-center\">\u00a78<\/p>\n\n\n\n<p class=\"has-text-align-center\">Antr\u00e4ge und Anfragen<\/p>\n\n\n\n<p>(1) Antr\u00e4ge und Anfragen von Fraktionsmitgliedern an den Rat und seine Aussch\u00fcsse sind der\/dem Fraktionsvorsitzenden und der Fraktion zur vorherigen Beratung und Beschlussfassung vorzulegen.<\/p>\n\n\n\n<p class=\"has-text-align-center\">\u00a7 9<\/p>\n\n\n\n<p class=\"has-text-align-center\">Ausschluss aus der Fraktion<\/p>\n\n\n\n<p>\u00dcber den Ausschluss beschlie\u00dft die Fraktion mit der Mehrheit der Stimmen ihrer Mitglieder auf schriftlichen, begr\u00fcndeten Antrag eines oder mehrerer ihrer Mitglieder nach vorheriger Anh\u00f6rung des Betroffenen. Zum Ausschluss aus der Fraktion bedarf es eines mit Mehrheit von zwei Dritteln aller Fraktionsmitglieder gefassten Beschlusses der Fraktion.<\/p>\n\n\n\n<p class=\"has-text-align-center\">\u00a7 10<\/p>\n\n\n\n<p class=\"has-text-align-center\">Datenschutzrechtliche Regelung<\/p>\n\n\n\n<ul class=\"wp-block-list\"><li>Der\/die Fraktionsvorsitzende\/r hat daf\u00fcr Sorge zu tragen, dass hinsichtlich der Verarbeitung personenbezogener Daten die Vorschriften des Datenschutzgesetzes beachtet werden. Hierzu geh\u00f6rt insbesondere. Dass bei Aufl\u00f6sung der Fraktion die aus der Fraktionsarbeit erlangten personenbezogenen Daten gel\u00f6scht werden.<\/li><\/ul>\n\n\n\n<ul class=\"wp-block-list\"><li>Der\/die Fraktionsvorsitzende\/r hat darauf hinzuwirken, dass neben-<\/li><\/ul>\n\n\n\n<p>\/hauptamtliche Fraktionsmitarbeiter, die nicht Mitglied der Vertretungsk\u00f6rperschaft sind, zur Verschwiegenheit verpflichtet sind.<\/p>\n\n\n\n<ul class=\"wp-block-list\"><li>Weiterhin hat der\/die Fraktionsvorsitzende f\u00fcr die sorgf\u00e4ltige Aufbewahrung und den Umgang mit fraktionsbezogenen Unterlagen (z.B. Verwendungsnachweise, Kontof\u00fchrung, Zugang zu personenbezogenen Daten etc.) Sorge zu tragen.<\/li><\/ul>\n\n\n\n<p class=\"has-text-align-center\">\u00a7 11<\/p>\n\n\n\n<p class=\"has-text-align-center\">Mitgliedschaft in der kommunalpolitischen Vereinigung<\/p>\n\n\n\n<ul class=\"wp-block-list\"><li>Die Mitglieder der Fraktion sind Mitglieder der Kommunalpolitischen Vereinigung Gr\u00fcne\/Alternative in den R\u00e4ten des Landes Nordrhein- Westfalen.<\/li><\/ul>\n\n\n\n<ul class=\"wp-block-list\"><li>F\u00fcr die Erf\u00fcllung der Beitragsverpflichtung aus der Mitgliedschaft sind der\/die Vorsitzende\/Sprecher*in und der\/die Gesch\u00e4ftsf\u00fchrer*in verantwortlich.<\/li><\/ul>\n\n\n\n<ul class=\"wp-block-list\"><li>Diese Mitgliedschaft berechtigt alle Fraktionsmitglieder, die Dienstleistungen der Kommunalpolitischen Vereinigung GAR-NRW (z.B. Information, Rechts- und Sachberatung, kommunalpolitische Weiterbildung u.a.m.) in Anspruch zu nehmen.<\/li><\/ul>\n\n\n\n<p class=\"has-text-align-center\">\u00a7 12<\/p>\n\n\n\n<p class=\"has-text-align-center\">Annahme und \u00c4nderung der Gesch\u00e4ftsordnung<\/p>\n\n\n\n<ul class=\"wp-block-list\"><li>Die Gesch\u00e4ftsordnung tritt durch Beschluss der Fraktion in Kraft und bedarf zur \u00c4nderung einer einfachen Mehrheit der Fraktionsmitglieder. Eine Beschlussfassung \u00fcber die \u00c4nderung ist nur dann zul\u00e4ssig, wenn dies zusammen mit der Einladung zur Fraktionssitzung angek\u00fcndigt ist.<\/li><\/ul>\n\n\n\n<ul class=\"wp-block-list\"><li>Die \u00c4nderung der Gesch\u00e4ftsordnung tritt erst in der folgenden Sitzung der Fraktion in Kraft.<\/li><\/ul>\n\n\n\n<p>Bad Sassendorf, den 03.11.2020<\/p>\n","protected":false},"excerpt":{"rendered":"<p>Gesch\u00e4ftsordnung der Fraktion B\u00dcNDNIS 90\/DIE GR\u00dcNEN im Rat der Gemeinde Bad Sassendorf Pr\u00e4ambel Ziel der Fraktionsarbeit ist die Entwicklung, F\u00f6rderung und Umsetzung einer Kommunalpolitik nach den Grunds\u00e4tzen von B\u00dcNDNIS 90\/DIE&#8230; <\/p>\n","protected":false},"author":3,"featured_media":0,"parent":8,"menu_order":0,"comment_status":"closed","ping_status":"closed","template":"","meta":{"footnotes":""},"class_list":["post-505","page","type-page","status-publish","hentry"],"_links":{"self":[{"href":"https:\/\/gruene-bad-sassendorf.de\/index.php\/wp-json\/wp\/v2\/pages\/505","targetHints":{"allow":["GET"]}}],"collection":[{"href":"https:\/\/gruene-bad-sassendorf.de\/index.php\/wp-json\/wp\/v2\/pages"}],"about":[{"href":"https:\/\/gruene-bad-sassendorf.de\/index.php\/wp-json\/wp\/v2\/types\/page"}],"author":[{"embeddable":true,"href":"https:\/\/gruene-bad-sassendorf.de\/index.php\/wp-json\/wp\/v2\/users\/3"}],"replies":[{"embeddable":true,"href":"https:\/\/gruene-bad-sassendorf.de\/index.php\/wp-json\/wp\/v2\/comments?post=505"}],"version-history":[{"count":3,"href":"https:\/\/gruene-bad-sassendorf.de\/index.php\/wp-json\/wp\/v2\/pages\/505\/revisions"}],"predecessor-version":[{"id":574,"href":"https:\/\/gruene-bad-sassendorf.de\/index.php\/wp-json\/wp\/v2\/pages\/505\/revisions\/574"}],"up":[{"embeddable":true,"href":"https:\/\/gruene-bad-sassendorf.de\/index.php\/wp-json\/wp\/v2\/pages\/8"}],"wp:attachment":[{"href":"https:\/\/gruene-bad-sassendorf.de\/index.php\/wp-json\/wp\/v2\/media?parent=505"}],"curies":[{"name":"wp","href":"https:\/\/api.w.org\/{rel}","templated":true}]}}