{"id":51,"date":"2020-07-28T19:05:00","date_gmt":"2020-07-28T17:05:00","guid":{"rendered":"http:\/\/avermiddig.spdns.eu\/wordpress\/?page_id=51"},"modified":"2023-09-22T16:15:47","modified_gmt":"2023-09-22T14:15:47","slug":"impressum","status":"publish","type":"page","link":"https:\/\/gruene-bad-sassendorf.de\/index.php\/impressum\/","title":{"rendered":"Impressum"},"content":{"rendered":"\n<p>Dieses Internet-Angebot wird unterhalten von:<br><a href=\"https:\/\/gruene-bad-sassendorf.de\/index.php\/membership-login\/\" data-type=\"link\" data-id=\"https:\/\/gruene-bad-sassendorf.de\/index.php\/membership-login\/\"><strong>B\u00dcNDNIS\u00a090\u00a0\/\u00a0DIE\u00a0GR\u00dcNEN<\/strong><\/a><br>Ortsverband Bad\u00a0Sassendorf<br>Tiefen Stette 11<br>59505 Bad\u00a0Sassendorf<\/p>\n\n\n\n<p class=\"has-medium-font-size\"><strong>Jugendschutz<\/strong><\/p>\n\n\n\n<p>Diese Seite enth\u00e4lt keine jugendgef\u00e4hrdende Inhalte und keine verschluckbaren Kleinteile. Sie ist also auch f\u00fcr Jugendliche und Kinder unter drei Jahren geeignet.<\/p>\n\n\n\n<p class=\"has-medium-font-size\"><strong>Webmaster<\/strong><\/p>\n\n\n\n<p>Thorsten Dieckmann IT-L\u00f6sungen<br>Totenberg 43<br>59755 Arnsberg<br>Mobilnetz +49 1 76 . 30 32 11 02<br>Festnetz    +49 29 32 . 99 608 66<br>E-Mail <a rel=\"noreferrer noopener\" href=\"mailto:info@nrw-it.com\" target=\"_blank\">info[at]nrw-it.com<\/a><br>Internet <a href=\"http:\/\/nrw-it.com\/\">www.nrw-it.com<\/a><\/p>\n\n\n\n<figure class=\"wp-block-image size-large\"><img decoding=\"async\" src=\"http:\/\/nrw-it.com\/images\/thorsten_dieckmann_160.jpg\" alt=\"\"\/><\/figure>\n\n\n\n<figure class=\"wp-block-image size-large\"><img decoding=\"async\" src=\"http:\/\/nrw-it.com\/images\/qr_droid_17869_sbp.jpg\" alt=\"\"\/><\/figure>\n","protected":false},"excerpt":{"rendered":"<p>Dieses Internet-Angebot wird unterhalten von:B\u00dcNDNIS\u00a090\u00a0\/\u00a0DIE\u00a0GR\u00dcNENOrtsverband Bad\u00a0SassendorfTiefen Stette 1159505 Bad\u00a0Sassendorf Jugendschutz Diese Seite enth\u00e4lt keine jugendgef\u00e4hrdende Inhalte und keine verschluckbaren Kleinteile. Sie ist also auch f\u00fcr Jugendliche und Kinder unter drei&#8230; <\/p>\n","protected":false},"author":1,"featured_media":0,"parent":0,"menu_order":0,"comment_status":"closed","ping_status":"closed","template":"","meta":{"footnotes":""},"class_list":["post-51","page","type-page","status-publish","hentry"],"_links":{"self":[{"href":"https:\/\/gruene-bad-sassendorf.de\/index.php\/wp-json\/wp\/v2\/pages\/51","targetHints":{"allow":["GET"]}}],"collection":[{"href":"https:\/\/gruene-bad-sassendorf.de\/index.php\/wp-json\/wp\/v2\/pages"}],"about":[{"href":"https:\/\/gruene-bad-sassendorf.de\/index.php\/wp-json\/wp\/v2\/types\/page"}],"author":[{"embeddable":true,"href":"https:\/\/gruene-bad-sassendorf.de\/index.php\/wp-json\/wp\/v2\/users\/1"}],"replies":[{"embeddable":true,"href":"https:\/\/gruene-bad-sassendorf.de\/index.php\/wp-json\/wp\/v2\/comments?post=51"}],"version-history":[{"count":9,"href":"https:\/\/gruene-bad-sassendorf.de\/index.php\/wp-json\/wp\/v2\/pages\/51\/revisions"}],"predecessor-version":[{"id":803,"href":"https:\/\/gruene-bad-sassendorf.de\/index.php\/wp-json\/wp\/v2\/pages\/51\/revisions\/803"}],"wp:attachment":[{"href":"https:\/\/gruene-bad-sassendorf.de\/index.php\/wp-json\/wp\/v2\/media?parent=51"}],"curies":[{"name":"wp","href":"https:\/\/api.w.org\/{rel}","templated":true}]}}