{"id":576,"date":"2021-05-26T17:48:17","date_gmt":"2021-05-26T15:48:17","guid":{"rendered":"https:\/\/gruene-bad-sassendorf.de\/?page_id=576"},"modified":"2021-05-26T17:50:41","modified_gmt":"2021-05-26T15:50:41","slug":"satzung-des-ov-bad-sassendorf-3","status":"publish","type":"page","link":"https:\/\/gruene-bad-sassendorf.de\/index.php\/kontakt\/satzung-des-ov-bad-sassendorf-3\/","title":{"rendered":"Satzung des OV Bad Sassendorf"},"content":{"rendered":"\n<p class=\"has-text-align-center\">Satzung des OV Bad Sassendorf Beschlossen durch die MV am: 16. Dezember 2013<\/p>\n\n\n\n<p class=\"has-text-align-center\">\u00a7 1<\/p>\n\n\n\n<p class=\"has-text-align-center\">Gliederung, Sitz und T\u00e4tigkeitsgebiet<\/p>\n\n\n\n<ul class=\"wp-block-list\"><li>B\u00dcNDNIS 90\/DIE GR\u00dcNEN OV Bad Sassendorf ist Ortsverband der Bundespartei B\u00dcNDNIS 9O\/DIE GR\u00dcNEN, des Landesverbandes (LV) B\u00dcNDNIS 9O\/DIE GR\u00dcNEN Nordrhein-Westfalen (NRW) und des Kreisverbandes B\u00dcNDNIS 9O\/DIE GR\u00dcNEN KV Soest. Die Kurzbezeichnung lautet GR\u00dcNE OV Bad Sassendorf. Sein Sitz und sein origin\u00e4rer T\u00e4tigkeitsbereich innerhalb der Partei B\u00dcNDNIS 9O\/DIE GR\u00dcNEN ist die Gemeinde Bad Sassendorf.<\/li><\/ul>\n\n\n\n<ul class=\"wp-block-list\"><li>Diese Satzungsregelungen komplettieren die ihnen zu Grunde liegende Satzung von B\u00dcNDNIS 9O\/DIE GR\u00dcNEN LV NRW und den erg\u00e4nzenden Satzungsregelungen von B\u00dcNDNIS 90\/DIE GR\u00dcNEN KV Soest mit dem erforderlichen Satzungsbedarf des Ortsverbandes.<\/li><\/ul>\n\n\n\n<ul class=\"wp-block-list\"><li>Die Satzung und die Finanzordnung von B\u00dcNDNIS 90\/DIE GR\u00dcNEN LV NRW in ihrer jeweils g\u00fcltigen Fassung sind \u00dcbergeordneter Bestandteil dieser Satzung.<\/li><\/ul>\n\n\n\n<p class=\"has-text-align-center\">\u00a7 2<\/p>\n\n\n\n<p class=\"has-text-align-center\">Mitgliedschaft<\/p>\n\n\n\n<ul class=\"wp-block-list\"><li>Mitglied von B\u00dcNDNIS 9O\/DIE GR\u00dcNEN OV Bad Sassendorf kann werden, bzw. sein, wer die Grunds\u00e4tze (Grundkonsens und Satzung) von B\u00dcNDNIS 9O\/DIE GR\u00dcNEN und die Programme anerkennt, keiner anderen im Gebiet der Bundesrepublik Deutschland t\u00e4tigen Partei oder konkurrierenden W\u00e4hler*innen Vereinigung (B\u00fcrgergemeinschaft) angeh\u00f6rt, in Bad Sassendorf seinen Wohnsitz hat und mindestens 16 Jahre alt ist.<\/li><\/ul>\n\n\n\n<p>Personen, die infolge Richterspruchs die W\u00e4hlbarkeit oder das Wahlrecht nicht besitzen, k\u00f6nnen nicht Mitglied werden. Die deutsche Staatsangeh\u00f6rigkeit ist nicht Voraussetzung f\u00fcr die Mitgliedschaft. Die<\/p>\n\n\n\n<p>Mitgliedschaft oder&nbsp; Mitarbeit in (neo-) faschistischen Organisationen &nbsp;ist mit einer Mitgliedschaft im B\u00dcNDNIS 90\/DIE GR\u00dcNEN nicht vereinbar.<\/p>\n\n\n\n<ul class=\"wp-block-list\"><li>\u00dcber die Aufnahme entscheidet der Ortsvorstand, ersatzweise der Kreisvorstand, auf Antrag.&nbsp; Gegen die Ablehnung eines Aufnahmeantrages kann bei der Mitgliederversammlung Einspruch eingelegt werden. Die Mitgliederversammlung entscheidet mit der Mehrheit der g\u00fcltigen Stimmen.<\/li><\/ul>\n\n\n\n<ul class=\"wp-block-list\"><li>Die Mitgliedschaft beginnt mit der Aufnahme durch das zust\u00e4ndige Gremium. Sie endet durch Austritt, Ausschluss oder Tod. Der Austritt ist gegen\u00fcber der Partei zu erkl\u00e4ren.<\/li><\/ul>\n\n\n\n<ul class=\"wp-block-list\"><li>Bis zur Vollendung des 28. Lebensjahres ist jedes Mitglied von B\u00dcNDNIS 9O\/DIE GR\u00dcNEN NRW gleichzeitig Mitglied in der GRUNEN JUGEND NRW. Ein Widerruf ist m\u00f6glich und muss gegen\u00fcber dem Landesvorstand von B\u00dcNDNIS 90\/DIE GR\u00dcNEN NRW schriftlich erkl\u00e4rt werden.<\/li><\/ul>\n\n\n\n<ul class=\"wp-block-list\"><li>Ein Mitglied kann aus der Partei ausgeschlossen werden, wenn es vors\u00e4tzlich &nbsp;gegen &nbsp;die &nbsp;Satzung &nbsp;oder &nbsp;erheblich &nbsp;gegen &nbsp;Grundsatz &nbsp;oder Ordnungen der Partei verst\u00f6\u00dft und ihr damit schweren Schaden zuf\u00fcgt. \u00dcber den Ausschluss oder entsprechende Ordnungsma\u00dfnahmen entscheidet das zust\u00e4ndige Schiedsgericht auf Antrag. Antragsberechtigt sind alle&nbsp;&nbsp;&nbsp;&nbsp;&nbsp;&nbsp;&nbsp;&nbsp;&nbsp;&nbsp;&nbsp;&nbsp; Organe&nbsp;&nbsp;&nbsp; der&nbsp;&nbsp;&nbsp;&nbsp;&nbsp; Partei.&nbsp;&nbsp;&nbsp;&nbsp;&nbsp;&nbsp;&nbsp; Das&nbsp;&nbsp;&nbsp;&nbsp;&nbsp;&nbsp;&nbsp;&nbsp;&nbsp;&nbsp;&nbsp; N\u00e4here&nbsp;&nbsp;&nbsp;&nbsp;&nbsp;&nbsp;&nbsp;&nbsp;&nbsp;&nbsp;&nbsp;&nbsp;&nbsp;&nbsp;&nbsp;&nbsp; regelt&nbsp;&nbsp;&nbsp; die Landesschiedsgerichtsordnung.<\/li><\/ul>\n\n\n\n<ul class=\"wp-block-list\"><li>Der Eintritt oder die Mitarbeit in oder die Kandidatur oder der Aufruf zur Wahl f\u00fcr eine andere im Gebiet der Bundesrepublik Deutschland t\u00e4tigen Partei oder konkurrierenden W\u00e4hler*innen Vereinigung (B\u00fcrgergemeinschaft) wird als Austritt gewertet. Der Vorstand kann durch Beschluss diesen Umstand feststellen und muss diesen dem betreffenden Mitglied schriftlich mitteilen. Das Mitglied kann gegen diesen Beschluss binnen 14 Tagen schriftlich begr\u00fcndeten Widerspruch beim zust\u00e4ndigen Schiedsgericht einlegen.<\/li><\/ul>\n\n\n\n<ul class=\"wp-block-list\"><li>Zahlt ein Mitglied langer als drei Monate nach vereinbarter F\u00e4lligkeit keinen Beitrag, so gilt dies nach Ablauf eines Monats nach Zustellung der zweiten Mahnung als Austritt. Auf diese Folge muss in der&nbsp; zweiten Mahnung hingewiesen werden.<\/li><\/ul>\n\n\n\n<ul class=\"wp-block-list\"><li>Verlegt ein Mitglied seinen st\u00e4ndigen Wohnsitz au\u00dferhalb des bisher zust\u00e4ndigen Gebietsverbandes, so wird die Mitgliedschaft auf den f\u00fcr den neuen Wohnsitz zust\u00e4ndigen Gebietsverband \u00fcbertragen. Einer erneuten Aufnahme als Mitglied bedarf es hierbei nicht. Ausnahmsweise kann bei vor\u00fcbergehendem kurzfristigem Ortswechsel ein Verbleib im bisherigen Gebietsverband auf Antrag des Mitglieds durch Beschluss des Vorstandes gew\u00e4hrt werden. Bei einem Ortswechsel ins Ausland bleibt die Mitgliedschaft im bisherigen Gebietsverband bestehen, wenn am neuen Wohnsitz kein Ortsverband von B\u00dcNDNIS 9O\/DIE GR\u00dcNEN existiert.<\/li><\/ul>\n\n\n\n<p class=\"has-text-align-center\">\u00a7 3<\/p>\n\n\n\n<p class=\"has-text-align-center\">Rechte und Pflichten der Mitglieder<\/p>\n\n\n\n<ul class=\"wp-block-list\"><li>Jedes Mitglied hat das Recht:<\/li><\/ul>\n\n\n\n<ol class=\"wp-block-list\" type=\"1\"><li>An der politischen Willensbildung von B\u00dcNDNIS 9O\/DIE GR\u00dcNEN in der \u00fcblichen Weise, z.B. Aussprachen, Antr\u00e4ge, Abstimmungen und Wahlen, mitzuwirken.<\/li><\/ol>\n\n\n\n<ul class=\"wp-block-list\"><li>An \u00fcber\u00f6rtlichen Delegiertenversammlungen als Gast teilzunehmen.<\/li><\/ul>\n\n\n\n<ul class=\"wp-block-list\"><li>Im Rahmen der Gesetze und der Satzungen an der Aufstellung von Kandidat*innen mitzuwirken, sich selbst bei diesem Anlassen um eine Kandidatur zu bewerben und innerhalb von B\u00dcNDNIS 90\/DIE GR\u00dcNEN das aktive und passive Wahlrecht auszu\u00fcben, sobald es das wahlf\u00e4hige Alter erreicht hat.<\/li><\/ul>\n\n\n\n<ul class=\"wp-block-list\"><li>Dar\u00fcber hinaus hat jedes Mitglied das Recht, Seminare und Veranstaltungen zu besuchen, die der parteipolitischen Weiterbildung dienen. \u00dcber die \u00dcbernahme der notwendigen Kosten entscheidet der gesch\u00e4ftsf\u00fchrende Vorstand auf Antrag.<\/li><\/ul>\n\n\n\n<ul class=\"wp-block-list\"><li>Jedes Mitglied hat die Pflicht:<\/li><\/ul>\n\n\n\n<p>Die im Grundkonsens und den Programmen festgelegten Ziele und die satzungsgem\u00e4\u00df gefassten Beschl\u00fcsse der Parteiorgane &nbsp;anzuerkennen und seinen Mitgliedsbeitrag p\u00fcnktlich zu entrichten.<\/p>\n\n\n\n<p class=\"has-text-align-center\">\u00a7 4<\/p>\n\n\n\n<p class=\"has-text-align-center\">Beitr\u00e4ge<\/p>\n\n\n\n<ul class=\"wp-block-list\"><li>Jedes Mitglied ist zur regelm\u00e4\u00dfigen Zahlung eines Mitgliedsbeitrages verpflichtet. Der Mindestbeitrag betr\u00e4gt 10 Euro. Der Mitgliedsbeitrag betr\u00e4gt 7,50 Euro im Monat f\u00fcr Mitglieder, bei denen kein steuerpflichtiges Einkommen vorliegt. Der Vorstand ist verantwortlich f\u00fcr die satzungsgem\u00e4\u00dfe Einwerbung der Mitgliedsbeitr\u00e4ge.<\/li><\/ul>\n\n\n\n<ul class=\"wp-block-list\"><li>Der Vorstand ist berechtigt, auf Antrag f\u00fcr Mitglieder mit besonderen finanziellen H\u00e4rten, Ausnahmen hiervon im Einvernehmen mit der\/dem Antragsteller*in zu vereinbaren (Sozialklausel). Die Vereinbarung soll dokumentiert werden. Mitgliedsbeitr\u00e4ge unter einem Euro pro Monat sind unzul\u00e4ssig.<\/li><\/ul>\n\n\n\n<ul class=\"wp-block-list\"><li>Mitgliedsbeitr\u00e4ge sollen nach M\u00f6glichkeit durch erteilte Einzugserm\u00e4chtigung vom zust\u00e4ndigen Kreisverband &nbsp;eingezogen werden. Dabei&nbsp; soll der an \u00fcbergeordnete Gliederungen abzuf\u00fchrende Mitgliedsbeitragsanteil vom Kreisverband verwaltet werden. Der diesem Betrag \u00fcberschreitenden Mitgliedsbeitragsanteil ist dem zust\u00e4ndigen Ortsverband gutzuschreiben.<\/li><\/ul>\n\n\n\n<ul class=\"wp-block-list\"><li>Kommunale Mandatstr\u00e4ger*innen von B\u00dcNDNIS 90\/DIE GR\u00dcNEN OV Bad Sassendorf leisten neben ihren satzungsgem\u00e4\u00dfen Mitgliedsbeitr\u00e4gen Mandatsbeitr\u00e4ge an die. Gliederung, die sie gew\u00e4hlt hat. Die H\u00f6he der Mandatsbeitrage beschlie\u00dft die Mitgliederversammlung unmittelbar vor einer anstehenden Kommunalwahl. Der Nachweis dieser, durch das Votum der Mitgliederversammlung festgesetzten Zahlungen ist von den Mandatstr\u00e4ger*innen gegen\u00fcber dem Vorstand, bzw. der Mitgliederversammlung zu erbringen. \u00dcber individuelle Ausnahmen (H\u00e4rtefalle) entscheidet der Vorstand auf Antrag.<\/li><\/ul>\n\n\n\n<p class=\"has-text-align-center\">\u00a7 5<\/p>\n\n\n\n<p class=\"has-text-align-center\">Organe und GR\u00dcNE JUGEND<\/p>\n\n\n\n<p>Organe des Ortsverbandes sind die Mitgliederversammlung und der Vorstand. Der Vorstand und die Delegierten des Ortsverbandes sind grunds\u00e4tzlich an Beschl\u00fcsse der Organe gebunden.<\/p>\n\n\n\n<p>Die Tagesordnung der Organe wird vom gesch\u00e4ftsf\u00fchrenden Vorstand unter Ber\u00fccksichtigung der zur Beratung anstehenden Gegenst\u00e4nde und eventueller Antr\u00e4ge erstellt. Die GR\u00dcNE JUGEND (GJ) Bad Sassendorf ist politische Jugendorganisation (Teilorganisation&nbsp; der Partei) von B\u00dcNDNIS 90\/DIE GR\u00dcNEN OV Bad Sassendorf, sofern dies in der Satzung der GR\u00dcNEN JUGEND verankert ist und von der GR\u00dcNEN JUGEND Landesverband NRW anerkannt wurde. Zielsetzung der GJ ist es, sich in ihrem Wirkungskreis f\u00fcr den Grundkonsens der Partei einzusetzen, sowie die besonderen Interessen der GR\u00dcNEN JUGEND in der Partei zu vertreten, um an der politischen Willensbildung mitzuwirken. Satzung und Programm der GR\u00dcNEN JUGEND d\u00fcrfen dem Grundkonsens der Partei nicht widersprechen.<\/p>\n\n\n\n<p class=\"has-text-align-center\">\u00a7 6<\/p>\n\n\n\n<p class=\"has-text-align-center\">Mitgliederversammlung (MV)<\/p>\n\n\n\n<ul class=\"wp-block-list\"><li>Die Mitgliederversammlung ist das h\u00f6chste beschlussfassende Organ. Beschl\u00fcsse der Mitgliederversammlung k\u00f6nnen nur durch Mitgliederversammlungsbeschluss oder durch Urabstimmung ge\u00e4ndert werden.<\/li><\/ul>\n\n\n\n<ul class=\"wp-block-list\"><li>Die Mitgliederversammlung beschlie\u00dft die politischen Inhalte, den Haushalt, die Satzung und die in nachfolgenden Ordnungen. Sie w\u00e4hlt den Vorstand, mindestens zwei Rechnungspr\u00fcfer*innen, die Delegierten und die Kandidat*innen f\u00fcr die Teilnahme an Wahlen in geheimer Wahl.<\/li><\/ul>\n\n\n\n<ul class=\"wp-block-list\"><li>Die Leitung der Mitgliederversammlung obliegt dem Vorstand. Auf Antrag kann die Mitgliederversammlung eine &nbsp;andere Versammlungsleitung beschlie\u00dfen. Das Hausrecht wird von der Versammlungsleitung&nbsp; &nbsp;ausge\u00fcbt.<\/li><\/ul>\n\n\n\n<ul class=\"wp-block-list\"><li>Vorstand, Delegierte und Rechnungspr\u00fcfer*innen werden f\u00fcr die Dauer von zwei Jahren gew\u00e4hlt, soweit dem keine \u00fcbergeordneten Bestimmungen entgegenstehen. Die Amtszeit endet auch im Falle von Nachwahlen mit der Neuwahl.<\/li><\/ul>\n\n\n\n<ul class=\"wp-block-list\"><li>Die Mitgliederversammlung nimmt den Rechenschaftsbericht des Vorstandes entgegen. Dessen finanzieller Teil ist durch die Rechnungspr\u00fcfer*innen zu pr\u00fcfen. Das Ergebnis der Pr\u00fcfung ist der Mitgliederversammlung vor der Beschlussfassung in schriftlicher Form vorzulegen und soll eine Empfehlung auf Entlastung bzw. Nichtentlastung des Vorstandes beinhalten. Danach entscheidet die Mitgliederversammlung \u00fcber die Entlastung des Vorstands.<\/li><\/ul>\n\n\n\n<ul class=\"wp-block-list\"><li>Eine Mitgliederversammlung findet mindestens einmal im Kalenderjahr statt. Die Erste MV soll im ersten Quartal tagen, in der Regel Ende Januar\/Anfang Februar, um \u00fcber den Haushalt und gegebenenfalls anstehende Wahlen zu beschlie\u00dfen. Sie wird vom gesch\u00e4ftsf\u00fchrenden Vorstand schriftlich mit einem Tagesordnungsvorschlag und mit einer Frist von mindestens 7 Tagen einberufen. Weitere Mitgliederversammlungen finden bei Bedarf statt.<\/li><\/ul>\n\n\n\n<ul class=\"wp-block-list\"><li>Die Zustellung der Einladung und der Tagungsunterlagen kann auch per Fax oder per E-Mail erfolgen, sofern das einzelne Mitglied dem zugestimmt hat. Ansonsten muss die Einladung auf die Postwege zugestellt werden.<\/li><\/ul>\n\n\n\n<ul class=\"wp-block-list\"><li>Eine Mitgliederversammlung muss vom Vorstand einberufen werden, wenn dies mindestens 10 Prozent Mitglieder oder ein Organ unter Angabe der zur Beratung stehenden Gegenst\u00e4nde verlangen. Das Ersuchen ist schriftlich zu stellen.<\/li><\/ul>\n\n\n\n<ul class=\"wp-block-list\"><li>Sollte es die Situation erfordern, so kann eine Mitgliederversammlung mit verk\u00fcrzter Einladungsfrist einberufen werden. Diese Dringlichkeit muss von der Mitgliederversammlung zu Beginn der Sitzung durch Beschluss festgestellt werden. Bei Mitgliederversammlungen mit verk\u00fcrzter Einladungsfrist d\u00fcrfen nur die in der Einladung genannten Tagesordnungspunkte behandelt werden; die Aufnahme weiterer Verhandlungsgegenst\u00e4nde ist damit in diesem Fall ausgeschlossen.<\/li><\/ul>\n\n\n\n<p class=\"has-text-align-center\">\u00a7 7<\/p>\n\n\n\n<p class=\"has-text-align-center\">Vorstand<\/p>\n\n\n\n<ul class=\"wp-block-list\"><li>Der Vorstand besteht aus zwei gleichberechtigten Vorsitzenden, darunter mindestens eine Frau, der\/dem Kassierer*in, sowie bis zu vier Beisitzer*innen. Sprecher*innen und Kassierer*in vertreten den Gebietsverband im Sinne des $ 26 Abs. 2 BGB. (Gesch\u00e4ftsf\u00fchrender Vorstand).<\/li><\/ul>\n\n\n\n<ul class=\"wp-block-list\"><li>Mitglieder von B\u00dcNDNIS 9O\/DIE GR\u00dcNEN, die in einem finanziellen Abh\u00e4ngigkeitsverh\u00e4ltnis zum Gebietsverband stehen, k\u00f6nnen kein Vorstandsamt bekleiden.<\/li><\/ul>\n\n\n\n<ul class=\"wp-block-list\"><li>Jedes Vorstandsmitglied ist einzeln und der Vorstand insgesamt von der Mitgliederversammlung mit absoluter Mehrheit abwahlbar. Das Ersuchen kann nicht Gegenstand einer Dringlichkeitsentscheidung sein und ist schriftlich zu stellen und in der Einladung zur Mitgliederversammlung &nbsp;aufzuf\u00fchren.<\/li><\/ul>\n\n\n\n<ul class=\"wp-block-list\"><li>Nachwahlen zum Vorstand sind anzuberaumen, wenn nicht alle Vorstandspositionen durch Wahl besetzt sind.<\/li><\/ul>\n\n\n\n<ul class=\"wp-block-list\"><li>) Der Vorstand f\u00fchrt die Gesch\u00e4fte nach Gesetz und Satzung sowie den Beschl\u00fcssen der ihm \u00fcbergeordneten Organe. Er ist f\u00fcr die &nbsp;politische Zielsetzung &nbsp;und &nbsp;inhaltliche&nbsp; &nbsp;Ausgestaltung&nbsp; &nbsp;von&nbsp;&nbsp; &nbsp;Beschl\u00fcssen der Mitgliederversammlung &nbsp;und &nbsp;der &nbsp;Organe &nbsp;verantwortlich. Der Vorstand informiert die Mitglieder \u00fcber aktuelle &nbsp;Entwicklungen, Sitzungen &nbsp;und Veranstaltungen. Er veranstaltet inhaltliche Versammlungen; diese sollen nach M\u00f6glichkeit &nbsp;in&nbsp;&nbsp;&nbsp; &nbsp;Verbindung&nbsp; &nbsp;mit&nbsp; &nbsp;Mitgliederversammlungen durchgef\u00fchrt werden.<\/li><\/ul>\n\n\n\n<ul class=\"wp-block-list\"><li>Die\/der Kassierer*in entwirft den Haushaltsplan (HHP) und die mittelfristige Finanzplanung (MFF) und legt beide dem Vorstand zur Beschlussfassung vor. \u00dcber die Annahme des Haushaltsplanes entscheidet die Mitgliederversammlung.<\/li><\/ul>\n\n\n\n<ul class=\"wp-block-list\"><li>Vorstandssitzungen bed\u00fcrfen keiner formellen Einladung, wenn diese regelm\u00e4\u00dfig stattfinden und Turnus und Sitzungsort allen Mitgliedern bekannt gegeben wurde.<\/li><\/ul>\n\n\n\n<p class=\"has-text-align-center\">\u00a7 8<\/p>\n\n\n\n<p class=\"has-text-align-center\">Wahlen<\/p>\n\n\n\n<ul class=\"wp-block-list\"><li>Alle Personenwahlen werden in geheimer Wahl durchgef\u00fchrt. Schriftliche Abstimmungen, die auf das Abstimmungsverhalten einzelner Mitglieder R\u00fcckschl\u00fcsse zulassen sind nichtig.<\/li><\/ul>\n\n\n\n<ul class=\"wp-block-list\"><li>Ein\/e Kandidat*in ist gew\u00e4hlt, wenn sie\/er mehr als 50 % der abgegebenen Stimmen auf sich vereinigen kann (absolute Mehrheit). Ist dieses Quorum bei Feststellung des Wahlergebnisses nicht erreicht, so wird ein zweiter Wahlgang durchgef\u00fchrt. Erreicht auch hier kein\/e Kandidat*in die absolute Mehrheit, so entscheidet die Mitgliederversammlung, ob das Wahlverfahren f\u00fcr die nicht besetzte Position neu er\u00f6ffnet, oder die Wahl auf die n\u00e4chste Mitgliederversammlung vertagt wird.<\/li><\/ul>\n\n\n\n<ul class=\"wp-block-list\"><li>G\u00fcltig sind alle abgegebenen Stimmen, die zweifelsfrei den Willen des Mitglieds erkennen lassen.<\/li><\/ul>\n\n\n\n<p class=\"has-text-align-center\">\u00a7 9<\/p>\n\n\n\n<p class=\"has-text-align-center\">Beschlussf\u00e4higkeit, Beschlussfassung und \u00d6ffentlichkeit<\/p>\n\n\n\n<ul class=\"wp-block-list\"><li>Die Mitgliederversammlung ist beschlussf\u00e4hig, wenn zu ihr satzungsgem\u00e4\u00df eingeladen wurde und mindestens 10% der \/ 5 Mitglieder anwesend sind. Es ist eine Anwesenheitsliste zu f\u00fchren. Alle Beschl\u00fcsse werden mit einfacher Mehrheit gefasst, sofern keine&nbsp; andere Beschlussfassung&nbsp; &nbsp;vorgeschrieben&nbsp; &nbsp;ist.<\/li><\/ul>\n\n\n\n<ul class=\"wp-block-list\"><li>Der Vorstand und die anderen Organe sind beschlussf\u00e4hig, wenn mindestens 50% seiner Mitglieder anwesend sind.<\/li><\/ul>\n\n\n\n<ul class=\"wp-block-list\"><li>Alle Organe tagen in der Regel \u00f6ffentlich. Durch Beschluss mit einfacher Mehrheit kann die \u00d6ffentlichkeit ausgeschlossen werden; diese Beschlussfassung findet in nicht\u00f6ffentlicher Sitzung statt. Sie tagen jedoch in jedem Fall partei\u00f6ffentlich. Personalangelegenheiten sind nicht- \u00f6ffentlich, auch nicht-partei\u00f6ffentlich zu behandeln.<\/li><\/ul>\n\n\n\n<ul class=\"wp-block-list\"><li>Beschl\u00fcsse der Organe und Wahlergebnisse sind durch Protokolle zu beurkunden. Das Protokoll bedarf der Genehmigung durch das entsprechende &nbsp;Organ.<\/li><\/ul>\n\n\n\n<p class=\"has-text-align-center\">\u00a7 10<\/p>\n\n\n\n<p class=\"has-text-align-center\">Mindestparit\u00e4t<\/p>\n\n\n\n<p>Alle zu w\u00e4hlenden Organe, Delegierten und Gremien sind mindestens zur H\u00e4lfte mit Frauen durch Wahl zu besetzen. (Mindestquotierung)<\/p>\n\n\n\n<p>Sollte keine Frau f\u00fcr einen Frauen zustehenden Platz kandidieren bzw. gew\u00e4hlt werden, so entscheidet die Versammlung \u00fcber das weitere Verfahren. Diese Entscheidung bedarf der Zustimmung der Mehrheit der anwesenden weiblichen Mitglieder (Frauenvotum).<\/p>\n\n\n\n<p class=\"has-text-align-center\">\u00a7 11<\/p>\n\n\n\n<p class=\"has-text-align-center\">Datenschutz<\/p>\n\n\n\n<p>B\u00dcNDNIS 90\/DIE GR\u00dcNEN f\u00fchren eine Mitgliederdatei auf EDV- Grundlage. Die Mitglieder haben das Recht auf Schutz ihrer Daten. Personenbezogene Mitgliederdaten d\u00fcrfen nur vom Vorstand und von mit der Datenpflege Beauftragte und nur zu satzungsgem\u00e4\u00dfen Zwecken verwendet werden. Die Ver\u00f6ffentlichung personenbezogener Daten bed\u00fcrfen der Zustimmung des jeweiligen&nbsp; Mitglieds, sofern keine gesetzliche Grundlage existiert. Der Missbrauch von Daten ist parteisch\u00e4digendes Verhalten im Sinne des Parteiengesetzes.<\/p>\n\n\n\n<p class=\"has-text-align-center\">\u00a7 12<\/p>\n\n\n\n<p class=\"has-text-align-center\">Rechnungspr\u00fcfung<\/p>\n\n\n\n<ul class=\"wp-block-list\"><li>Rechnungspr\u00fcfer*in kann nicht sein, wer im zu pr\u00fcfenden Zeitraum ein Vorstandsamt im jeweiligen Gebietsverband bekleidet hat, oder an der Erstellung des Rechenschaftsberichtes beteiligt war.<\/li><\/ul>\n\n\n\n<ul class=\"wp-block-list\"><li>Eine Rechnungspr\u00fcfung hat im Vorfeld der Entlastung des Vorstandes zu erfolgen. Die Rechnungspr\u00fcfer*innen sind auch unangemeldet berechtigt zu pr\u00fcfen, insbesondere auch auf Einhaltung gesetzlicher und satzungsm\u00e4\u00dfiger Bestimmungen. Die &nbsp;Rechnungspr\u00fcfer*innen entscheiden \u00fcber Umfang und zu pr\u00fcfende Sachverhalte. Rechnungspr\u00fcfer*innen sind berechtigt, die Rechenschaftsberichte von Untergliederungen oder Teilorganisationen zu pr\u00fcfen.<\/li><\/ul>\n\n\n\n<ul class=\"wp-block-list\"><li>Ergeben sich aus der Pr\u00fcfung Fragen oder Unstimmigkeiten, so hat der Vorstand in angemessener Frist die erforderliche Aufkl\u00e4rung beizubringen.<\/li><\/ul>\n\n\n\n<ul class=\"wp-block-list\"><li>Das Ergebnis der Rechnungspr\u00fcfung ist der Mitgliederversammlung in schriftlicher Form mitzuteilen und dem Rechenschaftsbericht beizulegen.<\/li><\/ul>\n\n\n\n<p class=\"has-text-align-center\">\u00a7 13<\/p>\n\n\n\n<p class=\"has-text-align-center\">\u00c4nderung von Satzung und nachfolgenden Ordnungen<\/p>\n\n\n\n<ul class=\"wp-block-list\"><li>\u00dcber die \u00c4nderung dieser Satzung entscheidet die Mitgliederversammlung mit Zweidrittelmehrheit.<\/li><\/ul>\n\n\n\n<ul class=\"wp-block-list\"><li>Die \u00c4nderung der nachfolgenden Ordnungen bedarf der Mehrheit der anwesenden Mitglieder einer Mitgliederversammlung (Mehr als 50 %).<\/li><\/ul>\n\n\n\n<ul class=\"wp-block-list\"><li>Die zu \u00e4ndernden Passagen sind in der Einladung zur Mitgliederversammlung aufzuf\u00fchren, sie k\u00f6nnen nicht Gegenstand einer Dringlichkeitsentscheidung sein.<\/li><\/ul>\n\n\n\n<ul class=\"wp-block-list\"><li>Die \u00c4nderungen treten mit ihrer ordnungsgem\u00e4\u00dfen Verabschiedung in Kraft.<\/li><\/ul>\n\n\n\n<ul class=\"wp-block-list\"><li>Satzungs\u00e4nderungen die die Zusammensetzung des Vorstandes betreffen, erfordern eine sofortige Neuwahl des Vorstandes, es sei denn, die Mitgliederversammlung hat im Vorfeld dieser Satzungs\u00e4nderung beschlossen, dass diese Satzungs\u00e4nderung erst nach Ablauf der Amtszeit in Kraft tritt.<\/li><\/ul>\n\n\n\n<p>Beschlossen durch die MV am: 16. Dezember 2013<\/p>\n","protected":false},"excerpt":{"rendered":"<p>Satzung des OV Bad Sassendorf Beschlossen durch die MV am: 16. Dezember 2013 \u00a7 1 Gliederung, Sitz und T\u00e4tigkeitsgebiet B\u00dcNDNIS 90\/DIE GR\u00dcNEN OV Bad Sassendorf ist Ortsverband der Bundespartei B\u00dcNDNIS&#8230; <\/p>\n","protected":false},"author":3,"featured_media":0,"parent":9,"menu_order":0,"comment_status":"closed","ping_status":"closed","template":"","meta":{"footnotes":""},"class_list":["post-576","page","type-page","status-publish","hentry"],"_links":{"self":[{"href":"https:\/\/gruene-bad-sassendorf.de\/index.php\/wp-json\/wp\/v2\/pages\/576","targetHints":{"allow":["GET"]}}],"collection":[{"href":"https:\/\/gruene-bad-sassendorf.de\/index.php\/wp-json\/wp\/v2\/pages"}],"about":[{"href":"https:\/\/gruene-bad-sassendorf.de\/index.php\/wp-json\/wp\/v2\/types\/page"}],"author":[{"embeddable":true,"href":"https:\/\/gruene-bad-sassendorf.de\/index.php\/wp-json\/wp\/v2\/users\/3"}],"replies":[{"embeddable":true,"href":"https:\/\/gruene-bad-sassendorf.de\/index.php\/wp-json\/wp\/v2\/comments?post=576"}],"version-history":[{"count":2,"href":"https:\/\/gruene-bad-sassendorf.de\/index.php\/wp-json\/wp\/v2\/pages\/576\/revisions"}],"predecessor-version":[{"id":578,"href":"https:\/\/gruene-bad-sassendorf.de\/index.php\/wp-json\/wp\/v2\/pages\/576\/revisions\/578"}],"up":[{"embeddable":true,"href":"https:\/\/gruene-bad-sassendorf.de\/index.php\/wp-json\/wp\/v2\/pages\/9"}],"wp:attachment":[{"href":"https:\/\/gruene-bad-sassendorf.de\/index.php\/wp-json\/wp\/v2\/media?parent=576"}],"curies":[{"name":"wp","href":"https:\/\/api.w.org\/{rel}","templated":true}]}}