{"id":58,"date":"2020-07-29T19:20:09","date_gmt":"2020-07-29T17:20:09","guid":{"rendered":"http:\/\/avermiddig.spdns.eu\/wordpress\/?page_id=58"},"modified":"2023-11-03T10:48:06","modified_gmt":"2023-11-03T09:48:06","slug":"themen","status":"publish","type":"page","link":"https:\/\/gruene-bad-sassendorf.de\/index.php\/themen\/","title":{"rendered":"Aktuelles"},"content":{"rendered":"\n<div class=\"wp-block-group\"><div class=\"wp-block-group__inner-container is-layout-flow wp-block-group-is-layout-flow\">\n<div class=\"wp-block-group\"><div class=\"wp-block-group__inner-container is-layout-flow wp-block-group-is-layout-flow\">\n<div class=\"wp-block-group\"><div class=\"wp-block-group__inner-container is-layout-flow wp-block-group-is-layout-flow\">\n<div class=\"wp-block-group\"><div class=\"wp-block-group__inner-container is-layout-flow wp-block-group-is-layout-flow\">\n<div class=\"wp-block-group\"><div class=\"wp-block-group__inner-container is-layout-flow wp-block-group-is-layout-flow\"><\/div><\/div>\n<\/div><\/div>\n<\/div><\/div>\n<\/div><\/div>\n<\/div><\/div>\n\n\n\n<div class=\"wp-block-group\"><div class=\"wp-block-group__inner-container is-layout-constrained wp-block-group-is-layout-constrained\"><\/div><\/div>\n\n\n\n<p><strong>Rede von Sarah Gonschorek, KMV am 18.10.2023<\/strong><\/p>\n\n\n\n<p>Liebe Freund*innen,<\/p>\n\n\n\n<p>ich danke euch, dass wir zu Beginn dieser Kreismitgliederversammlung den f\u00fcrchterlichen Ereignissen in Israel und Gaza Raum geben.<\/p>\n\n\n\n<p>Terrorangriffe und Kriege sind zwei der schrecklichsten und destruktivsten Erscheinungen in der Geschichte der Menschheit. Was Israel in der letzten Woche erlebte, war an menschlicher Grausamkeit kaum zu \u00fcbertreffen. Ich m\u00f6chte euch die Details ersparen und kann auch verstehen, dass man sich selbst, sofern m\u00f6glich vielleicht auch vor solchen Bildern sch\u00fctzen m\u00f6chte.<\/p>\n\n\n\n<p>Wenn wir an die Terrorangriffe denken, erf\u00fcllt uns Trauer und Wut. Die unschuldigen Menschen, die ihr Leben verloren haben, die Familien, die zerrissen wurden, und die j\u00fcdische Gemeinschaft auch hier in NRW, die in Angst und Schrecken versetzt wurde, sind Bilder, die wir nicht vergessen d\u00fcrfen. Die Terrorangriffe auf Israel hinterlassen tiefe Wunden, nicht nur physisch, sondern auch in den Herzen und Seelen der \u00dcberlebenden und ihrer Gesellschaften. Einer Gesellschaft, der wir, als Deutsche, mit unserer Verantwortung nah stehen. Und wir m\u00fcssen uns bewusst machen, dass diese Angriffe nicht nur das Leben der Opfer beenden, sondern auch das Leben derer, die zur\u00fcckbleiben, f\u00fcr immer ver\u00e4ndern. Der bildliche gepackte Koffer, der Schutzraum f\u00fcr J\u00fcd*innen weltweit, im Falle von steigenden antisemitischen Tendenzen im jeweiligen Staat, dieser Schutzraum ist weg. Und f\u00fcr ein Volk, welches durch die Shoa bis heute traumatisiert ist, bedeutet dieser Wegfall eines Schutzraumes mehr als wir uns vorstellen m\u00f6gen.&nbsp;<\/p>\n\n\n\n<p>Der Schmerz und das Leid, die aus Terrorangriffen resultieren, zeigen uns die schreckliche Realit\u00e4t von Gewalt und Hass und eines langen und komplexen Konfliktes. Diese Akte des Terrors ist ein Angriff auf unsere gemeinsamen Werte, auf die Freiheit und die Menschenrechte, die wir sch\u00e4tzen und sch\u00fctzen sollten. Sie erinnern uns daran, wie wichtig es ist, als internationale Gemeinschaft zusammenzustehen und gemeinsam gegen den Terrorismus vorzugehen. Terroristen versuchen, Angst und Zwietracht zu s\u00e4en, aber wir m\u00fcssen mit Einigkeit und Mitgef\u00fchl antworten. Und hier ist es wichtig: Auch die Zivilisten in Gaza leiden. Sie leiden unter dem Terror der Hamas ebenso. Die Bilder von heute Nacht und heute Morgen zeigen aber auch, dass wir im Krieg oft keine gesicherten Informationen haben. Viele Bilder fluten die sozialen Netzwerke, zum Teil gepusht auch durch Pro-Hamas Bots. Ein T\u00f6ten auf beiden Seiten muss beendet werden. Wenn dieser Krieg auf diese Weise eskaliert, werden wir in wenigen Wochen 100.000 Tote haben.<\/p>\n\n\n\n<p>Und gleichzeitig m\u00f6chte ich betonen, dass in Kriegen am Ende niemand wirklich gewinnt. In einem Krieg gibt es zwar vielleicht Gewinner und Verlierer im Sinne von geopolitischen Zielen, aber der eigentliche Verlust besteht in den Menschenleben, die geopfert werden, und in der Zerst\u00f6rung, die angerichtet wird. Die Geschichte ist voll von Kriegen, die tragische Folgen f\u00fcr unschuldige Zivilisten hatten, die nicht in die politischen Entscheidungen involviert waren, die zu diesen Konflikten gef\u00fchrt haben.<\/p>\n\n\n\n<p>In der heutigen Zeit, in der die Welt mit vielen Herausforderungen konfrontiert ist und soziale Netzwerke den Diskurs mehr bestimmen als gesicherte Quellen, m\u00fcssen wir uns gemeinsam verpflichten, keine vorschnellen Urteile zu bilden. Nicht auf Falschinformationen reinzufallen, sondern mit klarem Verstand zu beurteilen, ob eine Quelle sicher ist oder nicht.&nbsp;<\/p>\n\n\n\n<p>Lasst uns deshalb eine Minute innehalten und den Opfern der Terrorangriffe der Hamas und des Krieges gedenken.&nbsp;<\/p>\n\n\n\n<p>Danke.<\/p>\n\n\n\n<hr class=\"wp-block-separator has-alpha-channel-opacity\"\/>\n\n\n\n<p>Antrag zur Wertstofftonne<\/p>\n\n\n\n<div class=\"wp-block-group\"><div class=\"wp-block-group__inner-container is-layout-constrained wp-block-group-is-layout-constrained\"><a href=\"https:\/\/gruene-bad-sassendorf.de\/wp-content\/uploads\/2023\/09\/Antrag-Wertstofftonne1782.pdf\" class=\"pdfemb-viewer\" style=\"\" data-width=\"max\" data-height=\"max\" data-toolbar=\"bottom\" data-toolbar-fixed=\"off\">Antrag-Wertstofftonne1782<\/a>\n<p class=\"wp-block-pdfemb-pdf-embedder-viewer\"><\/p>\n<\/div><\/div>\n\n\n\n<hr class=\"wp-block-separator has-css-opacity\"\/>\n\n\n\n<p>Eine kleine Geste&#8230;<\/p>\n\n\n<a href=\"https:\/\/gruene-bad-sassendorf.de\/wp-content\/uploads\/2023\/09\/Praesent_Kita_BaSa.pdf\" class=\"pdfemb-viewer\" style=\"\" data-width=\"max\" data-height=\"max\" data-toolbar=\"bottom\" data-toolbar-fixed=\"off\">Praesent_Kita_BaSa<\/a>\n<p class=\"wp-block-pdfemb-pdf-embedder-viewer\"><\/p>\n\n\n\n<hr class=\"wp-block-separator has-alpha-channel-opacity\"\/>\n","protected":false},"excerpt":{"rendered":"<p>Rede von Sarah Gonschorek, KMV am 18.10.2023 Liebe Freund*innen, ich danke euch, dass wir zu Beginn dieser Kreismitgliederversammlung den f\u00fcrchterlichen Ereignissen in Israel und Gaza Raum geben. Terrorangriffe und Kriege&#8230; <\/p>\n","protected":false},"author":1,"featured_media":0,"parent":0,"menu_order":2,"comment_status":"closed","ping_status":"closed","template":"","meta":{"footnotes":""},"class_list":["post-58","page","type-page","status-publish","hentry"],"_links":{"self":[{"href":"https:\/\/gruene-bad-sassendorf.de\/index.php\/wp-json\/wp\/v2\/pages\/58","targetHints":{"allow":["GET"]}}],"collection":[{"href":"https:\/\/gruene-bad-sassendorf.de\/index.php\/wp-json\/wp\/v2\/pages"}],"about":[{"href":"https:\/\/gruene-bad-sassendorf.de\/index.php\/wp-json\/wp\/v2\/types\/page"}],"author":[{"embeddable":true,"href":"https:\/\/gruene-bad-sassendorf.de\/index.php\/wp-json\/wp\/v2\/users\/1"}],"replies":[{"embeddable":true,"href":"https:\/\/gruene-bad-sassendorf.de\/index.php\/wp-json\/wp\/v2\/comments?post=58"}],"version-history":[{"count":48,"href":"https:\/\/gruene-bad-sassendorf.de\/index.php\/wp-json\/wp\/v2\/pages\/58\/revisions"}],"predecessor-version":[{"id":845,"href":"https:\/\/gruene-bad-sassendorf.de\/index.php\/wp-json\/wp\/v2\/pages\/58\/revisions\/845"}],"wp:attachment":[{"href":"https:\/\/gruene-bad-sassendorf.de\/index.php\/wp-json\/wp\/v2\/media?parent=58"}],"curies":[{"name":"wp","href":"https:\/\/api.w.org\/{rel}","templated":true}]}}