{"id":673,"date":"2022-02-10T10:12:03","date_gmt":"2022-02-10T09:12:03","guid":{"rendered":"https:\/\/gruene-bad-sassendorf.de\/?page_id=673"},"modified":"2022-02-10T10:18:30","modified_gmt":"2022-02-10T09:18:30","slug":"2022-2","status":"publish","type":"page","link":"https:\/\/gruene-bad-sassendorf.de\/index.php\/das-gruene-blaettchen\/2022-2\/","title":{"rendered":"2022"},"content":{"rendered":"\n<p><strong>Ortstermin von B\u00dcNDNIS 90\/DIE GR\u00dcNEN vor der F\u00e4llaktion im Rhododendronpark (07.02.2022)<\/strong><\/p>\n\n\n\n<p>Vor der geplanten F\u00e4llaktion zahlreicher, bereits markierter B\u00e4ume des Rhododendronparks fand am Montag, 7.2.2022 ab 15.00 Uhr auf Wunsch der Gr\u00fcnen ein Ortstermin statt. Im Vorfeld hatten die Gr\u00fcnen Ihre Sorge \u00fcber die Vielzahl der markierten B\u00e4ume zum Ausdruck gebracht. In einer Zeit, in der die Sommermonate zunehmend hei\u00dfer und trockener werden, z\u00e4hlt jeder Baum. TeilnehmerInnen der Ortsbegehung waren B\u00fcrgermeister Malte Dahlhoff, weitere Vertreter der<br>Gemeindeverwaltung und des Bauhofs, der Leiter des Umweltausschusses und F\u00f6rster Christoph Henschel vom Landesbetrieb Wald und Forst, sowie zahlreiche Mitglieder der B90\/Gr\u00fcnen.<br>F\u00f6rster Christoph Hentschel erl\u00e4uterte anhand konkreter Beispiele an Ort und Stelle die Gr\u00fcnde f\u00fcr die Auswahl der f\u00fcr die F\u00e4llung vorgesehenen B\u00e4ume, die 10% des W\u00e4ldchens ausmachen. Neben der Verkehrssicherungspflicht, die die Entnahme kranker und zuk\u00fcnftig instabiler B\u00e4ume vorsieht, ist es das Ziel, in Teilbereichen einen Baumbestand unterschiedlichen Alters entstehen zu lassen. Daf\u00fcr sollen auch gro\u00dfe, gesunde B\u00e4ume entfernt werden. Weiterhin werden B\u00e4ume<br>gef\u00e4llt, die die Rhododendren zu stark beschatten.<br>Da sich das Holz nicht zur Vermarktung eignet, schlagen die Gr\u00fcnen vor, an geeigneten Stellen des Parks Holz und Zweige liegen zu lassen, um Tieren Lebensraum und R\u00fcckzugsm\u00f6glichkeiten zu bieten. Weiterhin wiesen sie eindringlich darauf hin, dass nach der Dienstanweisung NRW \u201eArtenschutz im Walde\u201c vor dem F\u00e4llen eines jeden Baumes gepr\u00fcft werden muss, ob es sich um ein Refugium von V\u00f6geln oder z.B. Flederm\u00e4usen handelt. <br>Weiterhin regten die Gr\u00fcnen an, bevor weitreichende Ma\u00dfnahmen im Rhododendronwald erfolgen, den pH-Wert zu bestimmen, da Rhododendron einen niedrigen pH-Wert zum guten Gedeihen ben\u00f6tigen. Es w\u00fcrde wenig Sinn machen, erst Rodungsarbeiten durchzuf\u00fchren, um anschlie\u00dfend festzustellen, dass der Boden nachgebessert werden muss. In jedem Fall war Konsens, dass kein Torf zum Einsatz kommt.<\/p>\n","protected":false},"excerpt":{"rendered":"<p>Ortstermin von B\u00dcNDNIS 90\/DIE GR\u00dcNEN vor der F\u00e4llaktion im Rhododendronpark (07.02.2022) Vor der geplanten F\u00e4llaktion zahlreicher, bereits markierter B\u00e4ume des Rhododendronparks fand am Montag, 7.2.2022 ab 15.00 Uhr auf Wunsch&#8230; <\/p>\n","protected":false},"author":3,"featured_media":0,"parent":327,"menu_order":3,"comment_status":"closed","ping_status":"closed","template":"","meta":{"footnotes":""},"class_list":["post-673","page","type-page","status-publish","hentry"],"_links":{"self":[{"href":"https:\/\/gruene-bad-sassendorf.de\/index.php\/wp-json\/wp\/v2\/pages\/673","targetHints":{"allow":["GET"]}}],"collection":[{"href":"https:\/\/gruene-bad-sassendorf.de\/index.php\/wp-json\/wp\/v2\/pages"}],"about":[{"href":"https:\/\/gruene-bad-sassendorf.de\/index.php\/wp-json\/wp\/v2\/types\/page"}],"author":[{"embeddable":true,"href":"https:\/\/gruene-bad-sassendorf.de\/index.php\/wp-json\/wp\/v2\/users\/3"}],"replies":[{"embeddable":true,"href":"https:\/\/gruene-bad-sassendorf.de\/index.php\/wp-json\/wp\/v2\/comments?post=673"}],"version-history":[{"count":5,"href":"https:\/\/gruene-bad-sassendorf.de\/index.php\/wp-json\/wp\/v2\/pages\/673\/revisions"}],"predecessor-version":[{"id":702,"href":"https:\/\/gruene-bad-sassendorf.de\/index.php\/wp-json\/wp\/v2\/pages\/673\/revisions\/702"}],"up":[{"embeddable":true,"href":"https:\/\/gruene-bad-sassendorf.de\/index.php\/wp-json\/wp\/v2\/pages\/327"}],"wp:attachment":[{"href":"https:\/\/gruene-bad-sassendorf.de\/index.php\/wp-json\/wp\/v2\/media?parent=673"}],"curies":[{"name":"wp","href":"https:\/\/api.w.org\/{rel}","templated":true}]}}