{"id":722,"date":"2022-02-10T13:30:54","date_gmt":"2022-02-10T12:30:54","guid":{"rendered":"https:\/\/gruene-bad-sassendorf.de\/?page_id=722"},"modified":"2022-02-22T08:13:30","modified_gmt":"2022-02-22T07:13:30","slug":"2021-1","status":"publish","type":"page","link":"https:\/\/gruene-bad-sassendorf.de\/index.php\/2021-1\/","title":{"rendered":"2021"},"content":{"rendered":"\n<p>\u2013 Gr\u00fcne vermissen Stolpersteine in Bad Sassendorf (12. Februar 2021)<br><em><a href=\"https:\/\/gruene-bad-sassendorf.de\/wp-content\/uploads\/2021\/05\/Pressemitteilung-Stolpersteine-in-Bad-Sassendorf-2021-02-12.pdf\" data-type=\"URL\" data-id=\"https:\/\/gruene-bad-sassendorf.de\/wp-content\/uploads\/2021\/05\/Pressemitteilung-Stolpersteine-in-Bad-Sassendorf-2021-02-12.pdf\" target=\"_blank\" rel=\"noreferrer noopener\">Pressemitteilung Stolpersteine in Bad Sassendorf 2021-02-12<\/a><\/em><\/p>\n\n\n\n<hr class=\"wp-block-separator\"\/>\n\n\n\n<p>\u2013 Gr\u00fcne w\u00fcnschen sich Ausbau des Radwegenetzes (02. M\u00e4rz 2021)<br><em><a class=\"fancybox\" rel=\"gallery722\" href=\"https:\/\/gruene-bad-sassendorf.de\/wp-content\/uploads\/2021\/05\/Pressemitteilung-Radwege-2021-03-02-scaled.jpg\" data-type=\"URL\" data-id=\"https:\/\/gruene-bad-sassendorf.de\/wp-content\/uploads\/2021\/05\/Pressemitteilung-Radwege-2021-03-02-scaled.jpg\" target=\"_blank\" rel=\"noreferrer noopener\">Pressemitteilung Radwege 2021-03-02<\/a><\/em><\/p>\n\n\n\n<hr class=\"wp-block-separator\"\/>\n\n\n\n<p><em>\u2013 <\/em>Fraktionsmitglied Michael Mylius freut sich \u00fcber Pflegema\u00dfnahmen am historischen Hellweg (12. M\u00e4rz 2021)<br><em><a class=\"fancybox\" rel=\"gallery722\" href=\"https:\/\/gruene-bad-sassendorf.de\/wp-content\/uploads\/2021\/05\/Soester-Anzeiger-2021-03-12-1-scaled.jpg\" data-type=\"URL\" data-id=\"https:\/\/gruene-bad-sassendorf.de\/wp-content\/uploads\/2021\/05\/Soester-Anzeiger-2021-03-12-1-scaled.jpg\">Soester Anzeiger 2021-03-12<\/a><\/em><\/p>\n\n\n\n<hr class=\"wp-block-separator\"\/>\n\n\n\n<p>\u2013 Fraktionsmitglied Sebastian Gutsch in Sachen Umweltschutz unterwegs (19. M\u00e4rz 2021)<br><em><a class=\"fancybox\" rel=\"gallery722\" href=\"https:\/\/gruene-bad-sassendorf.de\/wp-content\/uploads\/2021\/05\/Soester-Anzeiger-2021-03-19-scaled.jpg\" data-type=\"URL\" data-id=\"https:\/\/gruene-bad-sassendorf.de\/wp-content\/uploads\/2021\/05\/Soester-Anzeiger-2021-03-19-scaled.jpg\" target=\"_blank\" rel=\"noreferrer noopener\">Soester Anzeiger 2021-03-19<\/a><\/em><\/p>\n\n\n\n<hr class=\"wp-block-separator\"\/>\n\n\n\n<p> \u2013 Gr\u00fcne finden Vorgaben f\u00fcr klimaneutrales interkommunales Gewerbegebiet zu schwammig (10. Mai 2021) <\/p>\n\n\n\n<p><a class=\"fancybox\" rel=\"gallery722\" href=\"https:\/\/gruene-bad-sassendorf.de\/wp-content\/uploads\/2021\/05\/Soester-Anzeiger-2021-05-10.jpg\" data-type=\"URL\" data-id=\"https:\/\/gruene-bad-sassendorf.de\/wp-content\/uploads\/2021\/05\/Soester-Anzeiger-2021-05-10.jpg\">Soester Anzeiger vom 10.05.2021<\/a><\/p>\n\n\n\n<hr class=\"wp-block-separator\"\/>\n\n\n\n<h2 class=\"wp-block-heading\"><\/h2>\n\n\n\n<h2 class=\"wp-block-heading\" id=\"grune-beantragen-bewerbung-des-kreises-soest-als-oko-modellregion-in-nrw-09-juni-2021\">Gr\u00fcne beantragen Bewerbung des Kreises Soest als \u00d6ko-Modellregion in NRW (09. Juni 2021)<\/h2>\n\n\n\n<p><strong>Das Land NRW m\u00f6chte drei neue \u00d6ko-Modellregionen installieren. Kreise und Kommunen k\u00f6nnen sich daf\u00fcr noch bis zum 14.06.21 bewerben. Nach einem Schreiben an die Kreisverwaltung Anfang April beantragt die Kreistagsfraktion von B\u00dcNDNIS 90\/DIE GR\u00dcNEN jetzt im kommenden Umweltausschuss am 09.06. die Bewerbung des Kreises Soest als \u00d6ko-Modellregion.<\/strong><\/p>\n\n\n\n<p>Der Wettbewerb zur F\u00f6rderung von drei \u00d6ko-Modellregionen wird vom Land NRW \u00fcber die zust\u00e4ndige Landwirtschaftsministerin Frau Heinen-Esser ausgeschrieben und soll dem \u00f6kologischen Landbau Auftrieb geben. Das Land NRW \u00fcbernimmt hier bis zu 80% der Kosten zur Umsetzung der eingereichten Konzepte f\u00fcr ein \u00d6ko-Regionalmanagement \u00fcber eine Laufzeit von zun\u00e4chst bis zu drei Jahren und maximal 80.000 \u20ac pro Region und Jahr.<\/p>\n\n\n\n<p>Bereits im April schrieb die Gr\u00fcne Fraktionsvorsitzende Ilona Kottmann-Fischer an die Landr\u00e4tin, den Kreisdirektor und den zust\u00e4ndigen Dezernenten in Bezug auf das Projekt. Darin bat sie im Namen der Kreistagsfraktion B\u00fcndnis 90\/Die Gr\u00fcnen die Verwaltung darum ein \u00fcberzeugendes Bewerbungskonzept bei der Landesregierung einzureichen. Hierzu soll die fachliche Expertise u.a. der Landwirtschaftskammer und der Fachhochschule S\u00fcdwestfalen umfangreich mit eingebunden werden. Ein wesentliches Ziel des Projektes ist die F\u00f6rderung der regionalen Erzeugung und Vermarktung von \u00f6kologisch erzeugten Produkten, etwa in der Gastronomie oder in \u00f6ffentlichen Kantinen. Die Gr\u00fcne Kreistagsfraktion h\u00e4lt daher auch die Einbindung der Wirtschaftsf\u00f6rderungsgesellschaft bereits in der Bewerbungsphase f\u00fcr sinnvoll.<\/p>\n\n\n\n<p>\u201eErfahrung als Modellregion konnte der Kreis Soest bereits durch die Teilnahme an diversen Projekten im Bereich Digitalisierung und Mobilit\u00e4t sammeln. Diese Erfahrung sollten wir nutzen, um auch als \u00d6ko-Modellregion Vorbild f\u00fcr andere Kreise und Kommunen zu sein. Die Bewerbung bietet die M\u00f6glichkeit, die Attribute Regionalit\u00e4t und Nachhaltigkeit f\u00fcr unsere Landwirtschaft zu st\u00e4rken und den Verbraucherw\u00fcnschen von \u00f6kologisch erzeugten Lebensmitteln gerecht zu werden.\u201c so Kottmann-Fischer.<\/p>\n\n\n\n<p>Ausgehend von dem zweiten globalen Nachhaltigkeitsziel \u201eden Hunger beenden, Ern\u00e4hrungssicherheit und eine bessere Ern\u00e4hrung erreichen und eine nachhaltige Landwirtschaft f\u00f6rdern\u201c, passt eine Bewerbung des Kreises Soest zur \u00d6ko-Modellregion exakt in den vom Kreistag am 25.03. beschlossenen Entwicklungsprozess der \u201eNachhaltigkeitsstrategie Kreis Soest 2030\u201c. Eine Auftaktveranstaltung zu dieser Nachhaltigkeitsstrategie fand am vergangenen Donnerstag statt. \u201eIm Rahmen der Veranstaltung wurde deutlich klar, dass der Kreis Soest eine Chance verpassen w\u00fcrde, wenn er sich im Zuge des anstehenden Entwicklungsprozesses jetzt nicht als \u00d6ko-Modellregion bewirbt.\u201c, so Ilona Kottmann-Fischer im Anschluss an die Veranstaltung. Weiterhin schlie\u00dft sich die Bewerbung zur \u00d6ko-Modellregion l\u00fcckenlos an die zuletzt im Kreistag beschlossene Resolution f\u00fcr eine zukunftsorientierte Nutztierhaltung im Kreis Soest an.<\/p>\n\n\n\n<p><a href=\"https:\/\/gruene-kv-soest.de\/wp-content\/uploads\/Antrag_Gruene_Umweltausschuss_Oeko-Modellregion.pdf\">Antrag: Bewerbung des Kreises Soest als \u00d6ko-Modellregion<\/a><\/p>\n\n\n\n<hr class=\"wp-block-separator\"\/>\n\n\n\n<h2 class=\"wp-block-heading\" id=\"grune-stellen-zwei-antrage-im-umweltausschuss-fur-die-sicherung-der-wasserversorgung-im-kreis-soest-09-juni-2021\">Gr\u00fcne stellen zwei Antr\u00e4ge im Umweltausschuss f\u00fcr die Sicherung der Wasserversorgung im Kreis Soest(09. Juni 2021)<\/h2>\n\n\n\n<p><strong>Die Kreistagsfraktion von B\u00dcNDNIS 90\/DIE GR\u00dcNEN h\u00e4lt es f\u00fcr dringend erforderlich, mit dem knappen Gut Wasser bewusster und gezielter umzugehen als bisher. Durch geeignete Ma\u00dfnahmen soll nun die Wasserversorgung der Bev\u00f6lkerung im Allgemeinen und der Landwirtschaft im Kreis Soest, die auf Bew\u00e4sserung angewiesen ist, sichergestellt werden.<\/strong><\/p>\n\n\n\n<p>Es ist abzusehen, dass die Temperaturen weiter steigen und die Gefahr von D\u00fcrreperioden weiter zunimmt. Das w\u00e4re gerade f\u00fcr den landwirtschaftlich gepr\u00e4gten Kreis Soest sehr problematisch und k\u00f6nnte zu einer existenzbedrohenden Verknappung der Ressource Wasser f\u00fchren. Wir alle sind auf eine sichere Wasserversorgung angewiesen, jedoch wird Wasser ein immer knapperes Gut. Wesentliche Ursache hierf\u00fcr ist der Klimawandel und damit einhergehende D\u00fcrren. Allerdings tragen auch hausgemachte Einfl\u00fcsse dazu bei. Hier sind vor allem die Gef\u00e4hrdung von Quellen durch den Rohstoffabbau, der nach wie vor ungeregelte Verbrauch der Ressourcen sowie die Fl\u00e4chenversiegelung und die Verschmutzung des Oberfl\u00e4chenwassers zu nennen. Die Novellierung der Landesbauordnung und des Landeswassergesetzes durch die CDU\/CSU-FDP-Landesregierung tragen zu einer weiteren Versch\u00e4rfung des Problems bei.<\/p>\n\n\n\n<p>Zur Entwicklung einer Strategie zur Sicherung der Wasserversorgung halten es B\u00dcNDNIS 90\/DIE GR\u00dcNEN f\u00fcr erforderlich, dass die Kreisverwaltung zun\u00e4chst Daten zu folgenden Faktoren erhebt und dem Fachausschuss\/Kreistag berichtet: Hinsichtlich der (k\u00fcnftig zu erwartenden) vermehrten&nbsp;Bew\u00e4sserung von Feldfr\u00fcchten wird die Verwaltung gebeten, die Daten zu den in den vergangenen 10 Jahren beantragten und genehmigten Wasserentnahmen durch die Landwirtschaft getrennt nach Grundwasser&nbsp;und&nbsp;aus Flie\u00dfgew\u00e4ssern und der jeweiligen Mengen zu erfassen und getrennt nach Jahren zu berichten. Die Landwirtschaft steht in Konkurrenz zu anderen Nutzern. Zu welchen anderen Nutzungen und in welchen Mengen wurde Grundwasser bzw. Oberfl\u00e4chenwasser in den vergangenen 10 Jahren entnommen und wie ist der aktuelle Status? K\u00f6nnen auf der Grundlage der vorliegenden Daten schon Auswirkungen auf den Wasserspiegel und die Wasserqualit\u00e4t des Grundwassers einerseits und des Oberfl\u00e4chenwassers andererseits berichtet und prognostiziert werden?<\/p>\n\n\n\n<p>Aktive und vernetzte Grundwassermessstellen sind nach Angaben des LANUV (Landesamt f\u00fcr Natur, Umwelt und Verbraucherschutz NRW) sehr unterschiedlich im Land verteilt. W\u00e4hrend es z. B. in der Region Paderborn\/Delbr\u00fcck ein dichtes Netz an aktiven Messtellen gibt, sind diese im Kreis Soest sehr d\u00fcnn ges\u00e4t. F\u00fcr eine differenzierte Bewirtschaftung des Grundwassers reichen diese wenigen Messtellen nicht aus. B\u00dcNDNIS 90\/DIE GR\u00dcNEN fordern daher die Aktivierung inaktiver Messtellen und die Einrichtung neuer Messstellen als Voraussetzung f\u00fcr eine dynamische und differenzierte Grundwasserbewirtschaftung. Die Kreistagsfraktion beantragt im kommenden Umweltausschuss, dass ein entsprechendes Modell durch die Verwaltung erarbeitet wird.<\/p>\n\n\n\n<p>Insbesondere bei der Feldbew\u00e4sserung aus den Oberfl\u00e4chengew\u00e4ssern verbieten Mikroschadstoffe (wie z. B. Medikamentenr\u00fcckst\u00e4nde) die Bew\u00e4sserung von Gem\u00fcse und anderen Feldfr\u00fcchten. Daraus ergibt sich die Frage, ob sichergestellt ist, dass Wasser aus Flie\u00dfgew\u00e4ssern nicht zur Bew\u00e4sserung von Gem\u00fcse und Fr\u00fcchten eingesetzt wird, solange es nicht durch eine vierte Reinigungsstufe in den Kl\u00e4ranlagen von Schadstoffen befreit wurde. Denn ein frischer Salat sollte keine blutdrucksenkenden Mittel enthalten. Der Aspekt der Bodenverunreinigung ist hier zus\u00e4tzlich zu beachten.<\/p>\n\n\n\n<p>Eine deutliche Verbesserung k\u00f6nnte hinsichtlich der Schadstoffbelastung von Flie\u00dfgew\u00e4ssern durch die Ausr\u00fcstung der Kl\u00e4ranlagen mit einer vierten Stufe erzielt werden, die die Mikroschadstoffe entfernt. B\u00dcNDNIS 90\/DIE GR\u00dcNEN fordern daher, Gespr\u00e4che mit den Kl\u00e4ranlagenbetreibern aufzunehmen, um die Kl\u00e4ranlagen im Kreis Soest mit einer vierten Reinigungsstufe auszustatten.<\/p>\n\n\n\n<p>Aber auch die Landwirtschaft steht in der Pflicht, mit dem kostbaren Gut Wasser sparsam umzugehen. Es ist daher sicherzustellen, dass nach dem Stand der Technik bew\u00e4ssert wird. Zum Beispiel durch Tr\u00f6pfchenbew\u00e4sserung \u00fcber Leitungen gezielt unter Vermeidung von Streuverlusten, keine Tagbew\u00e4sserung usw.<\/p>\n\n\n\n<p>B\u00dcNDNIS 90\/DIE GR\u00dcNEN setzen sich daher f\u00fcr die Kl\u00e4rung der Frage ein, ob die Wasserentnahme aus Grundwasser und Flie\u00dfgew\u00e4ssern \u2013 dies nur in Ausnahmef\u00e4llen \u2013 davon abh\u00e4ngig gemacht werden kann, dass Landwirte nach dem Stand der Technik bew\u00e4ssern.<\/p>\n\n\n\n<p>Entsprechende Antr\u00e4ge haben B\u00dcNDNIS 90\/DIE GR\u00dcNEN in den Ausschuss f\u00fcr Umwelt und Landwirtschaft des Kreises Soest eingebracht. Sie stehen auf der Tagesordnung der Sitzung am 09.06.2021.<\/p>\n\n\n\n<p><a href=\"https:\/\/gruene-kv-soest.de\/wp-content\/uploads\/Anfrage_Gruene_Umweltausschuss_Wasserwirtschaft-1.pdf\" target=\"_blank\" rel=\"noreferrer noopener\">Anfrage: Sicherstellung der Wasserversorgung im Kreis Soest<\/a><\/p>\n\n\n\n<p><a href=\"https:\/\/gruene-kv-soest.de\/wp-content\/uploads\/Antrag_Gruene_Umweltausschuss_Wasserwirtschaft-2.pdf\" target=\"_blank\" rel=\"noreferrer noopener\">Antrag: Modell f\u00fcr eine dynamische und differenzierte Grundwasserbewirtschaftung<\/a><\/p>\n\n\n\n<p><a href=\"https:\/\/gruene-kv-soest.de\/wp-content\/uploads\/Antrag_Gruene_Umweltausschuss_Wasserwirtschaft-3.pdf\" target=\"_blank\" rel=\"noreferrer noopener\">Antrag: Ausstattung der Kl\u00e4ranlagen mit einer vierten Reinigungsstufe<\/a><\/p>\n\n\n\n<hr class=\"wp-block-separator\"\/>\n\n\n\n<h2 class=\"wp-block-heading\" id=\"kinder-und-jugendliche-nach-der-corona-pandemie-im-kreis-soest-starken-11-juni-2021\">Kinder und Jugendliche nach der Corona-Pandemie im Kreis Soest st\u00e4rken (11. Juni 2021)<\/h2>\n\n\n\n<p><strong>Studien belegen, dass Corona nicht spurlos an Kindern und Jugendlichen vorbeigeht und bei den jungen Menschen zu psychischen Beeintr\u00e4chtigungen, k\u00f6rperlichen Symptomen und Entwicklungsr\u00fcckst\u00e4nden f\u00fchren kann. Daher stellt die Kreistagsfraktion von B\u00dcNDNIS 90\/ DIE GR\u00dcNEN zwei Antr\u00e4ge im kommenden Jugendhilfeausschuss am 14.06.21.<\/strong><\/p>\n\n\n\n<p>Erstens beantragt die gr\u00fcne Kreistagsfraktion, dass das F\u00f6rderprogramm \u201eAufholen nach Corona\u201c f\u00fcr Kinder und Jugendliche f\u00fcr 2021 \/ 2022 mit einer F\u00f6rderungssumme in H\u00f6he von 2 Mrd. Euro im Kreis Soest bekannt gemacht wird und die Antragsteller durch die Kreisverwaltung aktiv unterst\u00fctzt werden. Mit dem F\u00f6rderprogramm reagiert die Bundesregierung neben den eingetretenen Lernr\u00fcckst\u00e4nden durch Corona ausdr\u00fccklich ebenso auf die entstandenen psychosozialen Belastungen von Kindern, Jugendlichen und Familien. Entsprechend des Programms sollen zum Beispiel Kinder und Jugendliche Unterst\u00fctzung erhalten, damit sie Angebote zur Ferien- und Freizeitgestaltung wahrnehmen und Vers\u00e4umtes nachholen k\u00f6nnen.<\/p>\n\n\n\n<p>Die Angebote werden zu 80% aus dem Landesprogramm finanziert. Zur Motivation von Vereinen und Tr\u00e4gern, Angebote f\u00fcr junge Menschen durchzuf\u00fchren, h\u00e4lt B\u00dcNDNIS 90\/DIE GR\u00dcNEN es f\u00fcr geboten, dass der Kreis Soest die 20 Prozent Eigenmittel, die die Tr\u00e4ger f\u00fcr die Durchf\u00fchrung des Programms investieren m\u00fcssten, durch seine Haushaltsmittel zur Verf\u00fcgung stellt. Dies muss ggf. in Dringlichkeitsbeschl\u00fcssen beraten und beschlossen werden. So kann ein schnelles und entschlossenes Handeln erm\u00f6glicht werden. Dar\u00fcber hinaus beantragt B\u00dcNDNIS 90\/DIE GR\u00dcNEN, dass die Verwaltung pr\u00fcft, ob (neben den Vereinen und den freien Tr\u00e4gern) das Kreisjugendamt selbst Angebote zur St\u00e4rkung der Kinder und Jugendlichen aus dem Aktionsprogramm \u201eAufholen nach Corona\u201c anbieten kann. Die Institutionen und Einrichtungen, die mit jungen Menschen arbeiten, sollen Unterst\u00fctzungsm\u00f6glichkeiten von der Verwaltung bei einer Beantragung des Programms erhalten.<\/p>\n\n\n\n<p>Mit einem weiteren Antrag m\u00f6chte die Kreistagsfraktion erreichen, dass bestimmte Beteiligungsformate f\u00fcr junge Menschen durch das Kreisjugendamt entwickelt werden. \u201eGerade in diesen Zeiten m\u00fcssen die Stimmen der jungen Menschen h\u00f6rbar und ihre Ideen sichtbar gemacht werden.\u201c, hei\u00dft es in einer Studie der Universit\u00e4t Hildesheim (JuCo2020). \u201eErwachsene stehen in der Verantwortung, den jungen Menschen gerade jetzt R\u00e4ume zu schaffen, in den Dialog zu treten und Jugend 2021 zu gestalten.\u201c<\/p>\n\n\n\n<p>Ilona Kottmann-Fischer, Fraktionsvorsitzende und Mitglied im Jugendhilfeausschuss, betont, dass es insbesondere momentan in dieser Krisenzeit wichtig sei, die Mitwirkungsm\u00f6glichkeiten von jungen Menschen nicht au\u00dfen vor zu lassen. Daher habe die Entwicklung von Beteiligungsformaten f\u00fcr Kinder und Jugendliche durch das Kreisjugendamt aktuell eine besonders hohe Bedeutung.<\/p>\n\n\n\n<p><a href=\"https:\/\/gruene-kv-soest.de\/wp-content\/uploads\/Antrag_Gruene_Jugendhilfeausschuss_Beteiligungsformate.pdf\" target=\"_blank\" rel=\"noreferrer noopener\">Antrag: Beteiligungsformate f\u00fcr Kinder und Jugendliche<\/a><\/p>\n\n\n\n<p><a href=\"https:\/\/gruene-kv-soest.de\/wp-content\/uploads\/Antrag_Gruene_Jugendhilfeausschuss_Nachholprogramm-Corona.pdf\" target=\"_blank\" rel=\"noreferrer noopener\">Antrag: Nachholprogramm \u201eAufholen nach Corona\u201c<\/a><\/p>\n\n\n\n<p><a href=\"file:\/\/\/C:\/Users\/Willy\/MagentaCLOUD\/Dokumente\/Deichmann\/Gr%C3%BCnen\/2022\/Webseite-Copy\/Die%20Gr%C3%BCnen\/gruene-bad-sassendorf.de\/index436f.html?page_id=605\">Soester Anzeiger vom 10.05.2021<\/a><\/p>\n","protected":false},"excerpt":{"rendered":"<p>\u2013 Gr\u00fcne vermissen Stolpersteine in Bad Sassendorf (12. Februar 2021)Pressemitteilung Stolpersteine in Bad Sassendorf 2021-02-12 \u2013 Gr\u00fcne w\u00fcnschen sich Ausbau des Radwegenetzes (02. M\u00e4rz 2021)Pressemitteilung Radwege 2021-03-02 \u2013 Fraktionsmitglied Michael&#8230; <\/p>\n","protected":false},"author":3,"featured_media":0,"parent":0,"menu_order":0,"comment_status":"closed","ping_status":"closed","template":"","meta":{"footnotes":""},"class_list":["post-722","page","type-page","status-publish","hentry"],"_links":{"self":[{"href":"https:\/\/gruene-bad-sassendorf.de\/index.php\/wp-json\/wp\/v2\/pages\/722","targetHints":{"allow":["GET"]}}],"collection":[{"href":"https:\/\/gruene-bad-sassendorf.de\/index.php\/wp-json\/wp\/v2\/pages"}],"about":[{"href":"https:\/\/gruene-bad-sassendorf.de\/index.php\/wp-json\/wp\/v2\/types\/page"}],"author":[{"embeddable":true,"href":"https:\/\/gruene-bad-sassendorf.de\/index.php\/wp-json\/wp\/v2\/users\/3"}],"replies":[{"embeddable":true,"href":"https:\/\/gruene-bad-sassendorf.de\/index.php\/wp-json\/wp\/v2\/comments?post=722"}],"version-history":[{"count":18,"href":"https:\/\/gruene-bad-sassendorf.de\/index.php\/wp-json\/wp\/v2\/pages\/722\/revisions"}],"predecessor-version":[{"id":747,"href":"https:\/\/gruene-bad-sassendorf.de\/index.php\/wp-json\/wp\/v2\/pages\/722\/revisions\/747"}],"wp:attachment":[{"href":"https:\/\/gruene-bad-sassendorf.de\/index.php\/wp-json\/wp\/v2\/media?parent=722"}],"curies":[{"name":"wp","href":"https:\/\/api.w.org\/{rel}","templated":true}]}}