{"id":762,"date":"2023-03-31T10:10:01","date_gmt":"2023-03-31T08:10:01","guid":{"rendered":"https:\/\/gruene-bad-sassendorf.de\/?page_id=762"},"modified":"2023-11-02T11:18:02","modified_gmt":"2023-11-02T10:18:02","slug":"2023-2","status":"publish","type":"page","link":"https:\/\/gruene-bad-sassendorf.de\/index.php\/das-gruene-blaettchen\/2023-2\/","title":{"rendered":"2023"},"content":{"rendered":"\n<hr class=\"wp-block-separator has-alpha-channel-opacity\"\/>\n\n\n<a href=\"https:\/\/gruene-bad-sassendorf.de\/wp-content\/uploads\/2023\/11\/Presse-2023-10-30.pdf\" class=\"pdfemb-viewer\" style=\"\" data-width=\"max\" data-height=\"max\" data-toolbar=\"bottom\" data-toolbar-fixed=\"off\">Presse-2023-10-30<\/a>\n<p class=\"wp-block-pdfemb-pdf-embedder-viewer\"><\/p>\n\n\n<a href=\"https:\/\/gruene-bad-sassendorf.de\/wp-content\/uploads\/2023\/11\/Presse-2023-10-27.pdf\" class=\"pdfemb-viewer\" style=\"\" data-width=\"max\" data-height=\"max\" data-toolbar=\"bottom\" data-toolbar-fixed=\"off\">Presse-2023-10-27<\/a>\n<p class=\"wp-block-pdfemb-pdf-embedder-viewer\"><\/p>\n\n\n<a href=\"https:\/\/gruene-bad-sassendorf.de\/wp-content\/uploads\/2023\/09\/Presse-2023-08-31.pdf\" class=\"pdfemb-viewer\" style=\"\" data-width=\"max\" data-height=\"max\" data-toolbar=\"bottom\" data-toolbar-fixed=\"off\">Presse-2023-08-31<\/a>\n<p class=\"wp-block-pdfemb-pdf-embedder-viewer\"><\/p>\n\n\n\n<p>Mittwoch, 05. April 2023, Soester Anzeiger \/ Bad Sassendorf<\/p>\n\n\n\n<p class=\"has-large-font-size\">Vorm Rathaus weht bald eine Regenbogenfahne<\/p>\n\n\n\n<p><strong>Gemeinderat nimmt Antrag von BG und Gr\u00fcnen mit breiter Mehrheit an<\/strong><\/p>\n\n\n\n<div class=\"wp-block-group\"><div class=\"wp-block-group__inner-container is-layout-constrained wp-block-group-is-layout-constrained\">\n<p><strong>Bad Sassendorf<\/strong> \u2013 Schwarz-Rot-Gold oder Gr\u00fcn-Wei\u00df-Rot: Dass die Flaggen von Bund und Land vorm Rathaus wehen, ist ein vertrautes Bild. Demn\u00e4chst wird dort auch eine Regenbogenfahne gehisst.Der gemeinsame Antrag der Fraktionen von BG und Gr\u00fcnen, eine entsprechende Fahne anzuschaffen, wurde mit breiter Mehrheit vom Gemeinderat angenommen. Die Regenbogenfahne sei ein Zeichen f\u00fcr Weltoffenheit und Toleranz und gegen Gewalt erl\u00e4uterte die Gr\u00fcnen-Fraktionsvorsitzende Tanja Deichmann den Antrag.<\/p>\n\n\n\n<p>Skeptisch \u00e4u\u00dferte sich demgegen\u00fcber im Namen der FDP-Fraktion Ingo Schremmer. An sich spreche nichts gegen eine Regenbogenfahne. Dagegen sei aber doch zu fragen, ob das Rathaus nicht der Neutralit\u00e4t verpflichtet sein sollte.<\/p>\n\n\n\n<p>B\u00fcrgermeister Malte Dahlhoff sah in diesem Einwand allerdings kein Problem. Verst\u00e4ndnis f\u00fcr LGBTQ+-Personen zu wecken, sei durchaus eine \u00f6ffentliche Aufgabe, etwa auch durch Lesungen oder Veranstaltungen in Schulen. Es gehe darum, dass unterschiedliche Lebensweisen zunehmend akzeptiert werden, insofern k\u00f6nne er den Antrag durchaus unterst\u00fctzen.<br>Gem\u00e4\u00df dem Antrag soll die Gemeindeverwaltung daf\u00fcr sorgen, dass k\u00fcnftig am 17. Mai als Tag der Vielfalt und an jedem Tag im Juni (dem Pride Month, dem j\u00e4hrlichen Gedenkmonat f\u00fcr den Kampf der LGBTQ+-Gemeinschaft um Gleichberechtigung) eine Regenbogenfahne vorm Rathaus gehisst wird. Bei drei Enthaltungen der FDP wurde der Antrag einstimmig angenommen. tbg<\/p>\n<\/div><\/div>\n\n\n\n<hr class=\"wp-block-separator has-alpha-channel-opacity\"\/>\n\n\n\n<p>Donnerstag, 30. M\u00e4rz 2023, Soester Anzeiger \/ Bad Sassendorf<\/p>\n\n\n\n<p class=\"has-large-font-size\">B\u00e4ume erinnern an verstorbene Gr\u00fcne<\/p>\n\n\n\n<p>Partei stiftet Geh\u00f6lz<\/p>\n\n\n\n<figure class=\"wp-block-image size-large\"><img loading=\"lazy\" decoding=\"async\" width=\"800\" height=\"476\" src=\"https:\/\/gruene-bad-sassendorf.de\/wp-content\/uploads\/2023\/03\/Partei-stiftet-Gehoelzt-800x476.jpg\" alt=\"\" class=\"wp-image-766\" srcset=\"https:\/\/gruene-bad-sassendorf.de\/wp-content\/uploads\/2023\/03\/Partei-stiftet-Gehoelzt-800x476.jpg 800w, https:\/\/gruene-bad-sassendorf.de\/wp-content\/uploads\/2023\/03\/Partei-stiftet-Gehoelzt-400x238.jpg 400w, https:\/\/gruene-bad-sassendorf.de\/wp-content\/uploads\/2023\/03\/Partei-stiftet-Gehoelzt-768x457.jpg 768w, https:\/\/gruene-bad-sassendorf.de\/wp-content\/uploads\/2023\/03\/Partei-stiftet-Gehoelzt-150x89.jpg 150w, https:\/\/gruene-bad-sassendorf.de\/wp-content\/uploads\/2023\/03\/Partei-stiftet-Gehoelzt.jpg 1436w\" sizes=\"auto, (max-width: 800px) 100vw, 800px\" \/><\/figure>\n\n\n\n<p>Zwei Obstb\u00e4ume haben die Mitglieder der Gr\u00fcnen auf der Streuobstwiese im Wintzingerode-Park gepflanzt. Foto: B\u00fcndnis\/die Gr\u00fcnen<\/p>\n\n\n\n<p><strong>Bad Sassendorf <\/strong>\u2013 Die Streuobstwiese im Wintzingerode-Park wurde jetzt um zwei Obstb\u00e4ume erg\u00e4nzt. Gepflanzt wurden sie durch den Ortsverband von B\u00fcndnis 90\/die Gr\u00fcnen. Konkret handelt es sich um einen Kirschbaum und einen Apfelbaum der Sorte \u201eRoter Boskoop\u201c. Nach dem Pflanzen und Angie\u00dfen wurden die B\u00e4ume um ein Lattengehege erg\u00e4nzt, um sie vor Wildverbiss zu sch\u00fctzen.<\/p>\n\n\n\n<p>F\u00fcr die Mitglieder der Gr\u00fcnen ist die Pflanzaktion, wie sie berichten, mit einem besonderen Aspekt verbunden: \u201eDie B\u00e4ume sollen das Andenken an Ulrike Wasserfuhr und Burkhard Pieper bewahren, Beide verstarben im vergangenen Jahr kurz hintereinander. Der Ortsverband hat ihnen viel zu verdanken. Solange es ihnen m\u00f6glich war, engagierten sie sich mit gro\u00dfem Einsatz. \u201eZudem dankte der Ortsverband der Gemeinde f\u00fcr das Einverst\u00e4ndnis, die Streuobstwiese mit den zwei Geh\u00f6lzen zu erg\u00e4nzen,<\/p>\n","protected":false},"excerpt":{"rendered":"<p>Mittwoch, 05. April 2023, Soester Anzeiger \/ Bad Sassendorf Vorm Rathaus weht bald eine Regenbogenfahne Gemeinderat nimmt Antrag von BG und Gr\u00fcnen mit breiter Mehrheit an Bad Sassendorf \u2013 Schwarz-Rot-Gold&#8230; <\/p>\n","protected":false},"author":3,"featured_media":0,"parent":327,"menu_order":0,"comment_status":"closed","ping_status":"closed","template":"","meta":{"footnotes":""},"class_list":["post-762","page","type-page","status-publish","hentry"],"_links":{"self":[{"href":"https:\/\/gruene-bad-sassendorf.de\/index.php\/wp-json\/wp\/v2\/pages\/762","targetHints":{"allow":["GET"]}}],"collection":[{"href":"https:\/\/gruene-bad-sassendorf.de\/index.php\/wp-json\/wp\/v2\/pages"}],"about":[{"href":"https:\/\/gruene-bad-sassendorf.de\/index.php\/wp-json\/wp\/v2\/types\/page"}],"author":[{"embeddable":true,"href":"https:\/\/gruene-bad-sassendorf.de\/index.php\/wp-json\/wp\/v2\/users\/3"}],"replies":[{"embeddable":true,"href":"https:\/\/gruene-bad-sassendorf.de\/index.php\/wp-json\/wp\/v2\/comments?post=762"}],"version-history":[{"count":5,"href":"https:\/\/gruene-bad-sassendorf.de\/index.php\/wp-json\/wp\/v2\/pages\/762\/revisions"}],"predecessor-version":[{"id":839,"href":"https:\/\/gruene-bad-sassendorf.de\/index.php\/wp-json\/wp\/v2\/pages\/762\/revisions\/839"}],"up":[{"embeddable":true,"href":"https:\/\/gruene-bad-sassendorf.de\/index.php\/wp-json\/wp\/v2\/pages\/327"}],"wp:attachment":[{"href":"https:\/\/gruene-bad-sassendorf.de\/index.php\/wp-json\/wp\/v2\/media?parent=762"}],"curies":[{"name":"wp","href":"https:\/\/api.w.org\/{rel}","templated":true}]}}