{"id":8,"date":"2020-07-29T15:29:26","date_gmt":"2020-07-29T13:29:26","guid":{"rendered":"http:\/\/avermiddig.spdns.eu\/wordpress\/?page_id=8"},"modified":"2021-06-25T10:08:32","modified_gmt":"2021-06-25T08:08:32","slug":"ueber-uns","status":"publish","type":"page","link":"https:\/\/gruene-bad-sassendorf.de\/index.php\/ueber-uns\/","title":{"rendered":"Unsere Fraktion"},"content":{"rendered":"\n<p>Uns ist es wichtig, in der laufenden Wahlperiode eine Politik zu machen, die den GR\u00dcNEN Zielen und Inhalten folgt: das bedeutet u.a., dass Themen wie Klimaschutz, Klimaanpassung, Natur- und Umweltschutz, Artenvielfalt an erster Stelle stehen m\u00fcssen. Aber auch das Angebot von bezahlbarem Wohnraum, vor allem auch f\u00fcr junge Familien sind wichtig. Ebenso die Fragen einer \u00f6kologischen Landwirtschaft und einer angemessenen \u00f6kologischen Wirtschaft sind f\u00fcr uns bedeutsam. <\/p>\n\n\n\n<p>Wir stehen f\u00fcr eine politische Arbeit, in der sich alle gegenseitig respektieren und die jeweiligen Kompetenzen anerkennen. Ratsmitglieder und sachkundige B\u00fcrger*innen arbeiten auf Augenh\u00f6he miteinander. Die Fraktion hat es sich zur Aufgabe gemacht, konstruktiv, inhaltsorientiert und mit gegenseitigem Respekt zu arbeiten. <\/p>\n\n\n\n<p>Damit wir gute GR\u00dcNE Politik machen k\u00f6nnen, ist es notwendig konstruktiv mit allen Parteien zusammen zu arbeiten und Mehrheiten zu gewinnen. Dazu geh\u00f6ren sicherlich auch Kompromisse. Uns geht es dabei um die Lebensqualit\u00e4t der Einwohner und G\u00e4ste und die zukunftsorientierte, ma\u00dfvolle Entwicklung unserer Gemeinde und nicht um Selbstoptimierung. <\/p>\n\n\n\n<p>Wer dabei mitwirken m\u00f6chte, ist herzlich willkommen.<\/p>\n","protected":false},"excerpt":{"rendered":"<p>Uns ist es wichtig, in der laufenden Wahlperiode eine Politik zu machen, die den GR\u00dcNEN Zielen und Inhalten folgt: das bedeutet u.a., dass Themen wie Klimaschutz, Klimaanpassung, Natur- und Umweltschutz,&#8230; <\/p>\n","protected":false},"author":1,"featured_media":0,"parent":0,"menu_order":1,"comment_status":"closed","ping_status":"closed","template":"","meta":{"footnotes":""},"class_list":["post-8","page","type-page","status-publish","hentry"],"_links":{"self":[{"href":"https:\/\/gruene-bad-sassendorf.de\/index.php\/wp-json\/wp\/v2\/pages\/8","targetHints":{"allow":["GET"]}}],"collection":[{"href":"https:\/\/gruene-bad-sassendorf.de\/index.php\/wp-json\/wp\/v2\/pages"}],"about":[{"href":"https:\/\/gruene-bad-sassendorf.de\/index.php\/wp-json\/wp\/v2\/types\/page"}],"author":[{"embeddable":true,"href":"https:\/\/gruene-bad-sassendorf.de\/index.php\/wp-json\/wp\/v2\/users\/1"}],"replies":[{"embeddable":true,"href":"https:\/\/gruene-bad-sassendorf.de\/index.php\/wp-json\/wp\/v2\/comments?post=8"}],"version-history":[{"count":40,"href":"https:\/\/gruene-bad-sassendorf.de\/index.php\/wp-json\/wp\/v2\/pages\/8\/revisions"}],"predecessor-version":[{"id":664,"href":"https:\/\/gruene-bad-sassendorf.de\/index.php\/wp-json\/wp\/v2\/pages\/8\/revisions\/664"}],"wp:attachment":[{"href":"https:\/\/gruene-bad-sassendorf.de\/index.php\/wp-json\/wp\/v2\/media?parent=8"}],"curies":[{"name":"wp","href":"https:\/\/api.w.org\/{rel}","templated":true}]}}