{"id":939,"date":"2024-10-26T14:36:01","date_gmt":"2024-10-26T12:36:01","guid":{"rendered":"https:\/\/gruene-bad-sassendorf.de\/?page_id=939"},"modified":"2024-10-26T14:38:04","modified_gmt":"2024-10-26T12:38:04","slug":"udo-wiedig","status":"publish","type":"page","link":"https:\/\/gruene-bad-sassendorf.de\/index.php\/ueber-uns\/ratsmitglieder-sachkundige-buergerinnen\/udo-wiedig\/","title":{"rendered":"Udo Wiedig"},"content":{"rendered":"\n<figure class=\"wp-block-image size-large\"><img loading=\"lazy\" decoding=\"async\" width=\"800\" height=\"800\" src=\"https:\/\/gruene-bad-sassendorf.de\/wp-content\/uploads\/2024\/10\/ov-badsassendorf-udo-wiedig-1-800x800.jpg\" alt=\"\" class=\"wp-image-937\" srcset=\"https:\/\/gruene-bad-sassendorf.de\/wp-content\/uploads\/2024\/10\/ov-badsassendorf-udo-wiedig-1-800x800.jpg 800w, https:\/\/gruene-bad-sassendorf.de\/wp-content\/uploads\/2024\/10\/ov-badsassendorf-udo-wiedig-1-400x400.jpg 400w, https:\/\/gruene-bad-sassendorf.de\/wp-content\/uploads\/2024\/10\/ov-badsassendorf-udo-wiedig-1-150x150.jpg 150w, https:\/\/gruene-bad-sassendorf.de\/wp-content\/uploads\/2024\/10\/ov-badsassendorf-udo-wiedig-1-768x768.jpg 768w, https:\/\/gruene-bad-sassendorf.de\/wp-content\/uploads\/2024\/10\/ov-badsassendorf-udo-wiedig-1-1536x1536.jpg 1536w, https:\/\/gruene-bad-sassendorf.de\/wp-content\/uploads\/2024\/10\/ov-badsassendorf-udo-wiedig-1-2048x2048.jpg 2048w\" sizes=\"auto, (max-width: 800px) 100vw, 800px\" \/><\/figure>\n\n\n\n<p><strong>Meine Partei ist wichtig f\u00fcr den Ort, weil \u2026<\/strong><\/p>\n\n\n\n<p>&#8230; im Angesicht des sich ver\u00e4ndernden Klimas und den sich hieraus resultierenden Ver\u00e4nderungen f\u00fcr Mensch und Natur nicht tatenlos zugeschaut werden darf.&nbsp;<\/p>\n\n\n\n<p>Die Jahrhundertereignisse, wie Hochwasser und Hitze, nehmen in der Anzahl und St\u00e4rke zu.&nbsp;<\/p>\n\n\n\n<p>Jeder kann etwas dazu beitragen. Auch hier vor Ort.<\/p>\n\n\n\n<p>Zudem ist die steigende Altersarmut besorgniserregend. Auch hier im Ort. Es kann jeden treffen; aus unterschiedlichsten Gr\u00fcnden.<\/p>\n\n\n\n<p>Wir d\u00fcrfen diese Mitb\u00fcrger nicht aus dem Auge verlieren, bzw. ins Abseits schieben!.<\/p>\n\n\n\n<p><strong>In dieser Wahlperiode m\u00f6chte ich erreichen, \u2026<\/strong><\/p>\n\n\n\n<p>\u2026 dass das Leben lebenswerter\u00a0wird!<\/p>\n","protected":false},"excerpt":{"rendered":"<p>Meine Partei ist wichtig f\u00fcr den Ort, weil \u2026 &#8230; im Angesicht des sich ver\u00e4ndernden Klimas und den sich hieraus resultierenden Ver\u00e4nderungen f\u00fcr Mensch und Natur nicht tatenlos zugeschaut werden&#8230; <\/p>\n","protected":false},"author":3,"featured_media":0,"parent":483,"menu_order":0,"comment_status":"closed","ping_status":"closed","template":"","meta":{"footnotes":""},"class_list":["post-939","page","type-page","status-publish","hentry"],"_links":{"self":[{"href":"https:\/\/gruene-bad-sassendorf.de\/index.php\/wp-json\/wp\/v2\/pages\/939","targetHints":{"allow":["GET"]}}],"collection":[{"href":"https:\/\/gruene-bad-sassendorf.de\/index.php\/wp-json\/wp\/v2\/pages"}],"about":[{"href":"https:\/\/gruene-bad-sassendorf.de\/index.php\/wp-json\/wp\/v2\/types\/page"}],"author":[{"embeddable":true,"href":"https:\/\/gruene-bad-sassendorf.de\/index.php\/wp-json\/wp\/v2\/users\/3"}],"replies":[{"embeddable":true,"href":"https:\/\/gruene-bad-sassendorf.de\/index.php\/wp-json\/wp\/v2\/comments?post=939"}],"version-history":[{"count":1,"href":"https:\/\/gruene-bad-sassendorf.de\/index.php\/wp-json\/wp\/v2\/pages\/939\/revisions"}],"predecessor-version":[{"id":940,"href":"https:\/\/gruene-bad-sassendorf.de\/index.php\/wp-json\/wp\/v2\/pages\/939\/revisions\/940"}],"up":[{"embeddable":true,"href":"https:\/\/gruene-bad-sassendorf.de\/index.php\/wp-json\/wp\/v2\/pages\/483"}],"wp:attachment":[{"href":"https:\/\/gruene-bad-sassendorf.de\/index.php\/wp-json\/wp\/v2\/media?parent=939"}],"curies":[{"name":"wp","href":"https:\/\/api.w.org\/{rel}","templated":true}]}}